{"id":8197,"date":"2021-03-15T18:18:22","date_gmt":"2021-03-15T17:18:22","guid":{"rendered":"https:\/\/esttmco.com\/?post_type=product&#038;p=8197"},"modified":"2021-03-15T18:25:31","modified_gmt":"2021-03-15T17:25:31","slug":"uniclean-pl-ii-15","status":"publish","type":"product","link":"https:\/\/esttmco.com\/en\/produits\/sterilisation\/nettoyage-et-desinfection\/uniclean-pl-ii-15\/","title":{"rendered":"Uniclean PL II 15"},"content":{"rendered":"<p>Appareil de nettoyage et de d\u00e9sinfection \u00e0 une chambre<\/p>\n<p>Domaine : H\u00f4pital &#8211; Process: Thermique &#8211; Capacit\u00e9: 15 tamis DIN &#8211; Material: Objets durs<\/p>\n<p>Puissant appareil de nettoyage et de d\u00e9sinfection \u00e0 une chambre, con\u00e7u pour la pr\u00e9paration optimale de grandes quantit\u00e9s de dispositifs m\u00e9dicaux, comme les instruments CMI et chirurgicaux g\u00e9n\u00e9raux, le mat\u00e9riel d\u2019anesth\u00e9sie, les instruments ophtalmologiques, les conteneurs, les r\u00e9cipients, les bassins, les chaussures de salle d\u2019op\u00e9ration et divers ustensiles.<\/p>\n<p>Donn\u00e9es techniques<\/p>\n<ul>\n<li>Porte de la chambre \u00e0 ouverture verticale<\/li>\n<li>Dimensions de l\u2019appareil\u00a0: 1\u00a0950 x 1\u00a0000 x 950 (H x l x P en mm)<\/li>\n<li>\u00c9lectrique, chauffage vapeur ou chauffage vapeur avec mode d\u2019urgence \u00e9lectrique<\/li>\n<li>Tous les raccordements depuis le dessus (sauf \u00e9vacuation et condensat)<\/li>\n<li>Dosage par bidons ou connexion \u00e0 une centrale de dosage<\/li>\n<li>Armoire \u00e9lectrique avec l\u2019indice de protection IP 54<\/li>\n<\/ul>\n<p>Confort d&#8217;utilisation<\/p>\n<ul>\n<li>Les racks de chargement peuvent \u00eatre charg\u00e9s sur les quatre c\u00f4t\u00e9s en toute facilit\u00e9.<\/li>\n<li>Rouleaux Easy move\u00a0: m\u00eame les racks les plus lourds peuvent \u00eatre ais\u00e9ment d\u00e9plac\u00e9s et pr\u00e9cis\u00e9ment positionn\u00e9s dans la chambre.<\/li>\n<li>Panneau de commande en verre &#8211; facile \u00e0 nettoyer<\/li>\n<li>Poign\u00e9es CoolTouch caoutchout\u00e9es pour la manipulation des racks chauds. Elles peuvent \u00eatre install\u00e9es de diverses mani\u00e8res.<\/li>\n<li>Le syst\u00e8me JANUS offre une grande flexibilit\u00e9 de chargement, car les racks peuvent aussi \u00eatre amen\u00e9s dans la chambre lorsqu\u2019ils sont pivot\u00e9s \u00e0 180\u00b0.<\/li>\n<\/ul>\n","protected":false},"excerpt":{"rendered":"<p>Appareil de nettoyage et de d\u00e9sinfection \u00e0 une chambre Domaine : H\u00f4pital &#8211; Process: Thermique &#8211; Capacit\u00e9: 15 tamis DIN &#8211; Material: Objets durs Puissant appareil de nettoyage et de d\u00e9sinfection \u00e0 une chambre, con\u00e7u pour la pr\u00e9paration optimale de grandes quantit\u00e9s de dispositifs m\u00e9dicaux, comme les instruments CMI et chirurgicaux g\u00e9n\u00e9raux, le mat\u00e9riel d\u2019anesth\u00e9sie, les instruments ophtalmologiques, les conteneurs, les r\u00e9cipients, les bassins, les chaussures de salle d\u2019op\u00e9ration et divers ustensiles. Donn\u00e9es techniques Porte de la chambre \u00e0 ouverture verticale Dimensions de l\u2019appareil\u00a0: 1\u00a0950 x 1\u00a0000 x 950 (H x l x P en mm) \u00c9lectrique, chauffage vapeur ou chauffage vapeur avec mode d\u2019urgence \u00e9lectrique Tous les raccordements depuis le dessus (sauf \u00e9vacuation et condensat) Dosage par bidons ou connexion \u00e0 une centrale de dosage Armoire \u00e9lectrique avec l\u2019indice de protection IP 54 Confort d&#8217;utilisation Les racks de chargement peuvent \u00eatre charg\u00e9s sur les quatre c\u00f4t\u00e9s en toute facilit\u00e9. Rouleaux Easy move\u00a0: m\u00eame les racks les plus lourds peuvent \u00eatre ais\u00e9ment d\u00e9plac\u00e9s et pr\u00e9cis\u00e9ment positionn\u00e9s dans la chambre. Panneau de commande en verre &#8211; facile \u00e0 nettoyer Poign\u00e9es CoolTouch caoutchout\u00e9es pour la manipulation des racks chauds. Elles peuvent \u00eatre install\u00e9es de diverses mani\u00e8res. Le syst\u00e8me JANUS offre une grande flexibilit\u00e9 de chargement, car les racks peuvent aussi \u00eatre amen\u00e9s dans la chambre lorsqu\u2019ils sont pivot\u00e9s \u00e0 180\u00b0.<\/p>\n","protected":false},"featured_media":8202,"template":"","meta":{"_eb_attr":"","_monsterinsights_skip_tracking":false,"_monsterinsights_sitenote_active":false,"_monsterinsights_sitenote_note":"","_monsterinsights_sitenote_category":0},"class_list":["post-8197","product","type-product","status-publish","has-post-thumbnail","hentry","product_brand-mmm-group","product_cat-nettoyage-et-desinfection","product_cat-sterilisation"],"aioseo_notices":[],"_links":{"self":[{"href":"https:\/\/esttmco.com\/en\/wp-json\/wp\/v2\/product\/8197","targetHints":{"allow":["GET"]}}],"collection":[{"href":"https:\/\/esttmco.com\/en\/wp-json\/wp\/v2\/product"}],"about":[{"href":"https:\/\/esttmco.com\/en\/wp-json\/wp\/v2\/types\/product"}],"version-history":[{"count":2,"href":"https:\/\/esttmco.com\/en\/wp-json\/wp\/v2\/product\/8197\/revisions"}],"predecessor-version":[{"id":8201,"href":"https:\/\/esttmco.com\/en\/wp-json\/wp\/v2\/product\/8197\/revisions\/8201"}],"wp:featuredmedia":[{"embeddable":true,"href":"https:\/\/esttmco.com\/en\/wp-json\/wp\/v2\/media\/8202"}],"wp:attachment":[{"href":"https:\/\/esttmco.com\/en\/wp-json\/wp\/v2\/media?parent=8197"}],"curies":[{"name":"wp","href":"https:\/\/api.w.org\/{rel}","templated":true}]}}