{"id":8186,"date":"2021-03-15T12:56:51","date_gmt":"2021-03-15T11:56:51","guid":{"rendered":"https:\/\/esttmco.com\/?post_type=product&#038;p=8186"},"modified":"2021-03-15T12:56:51","modified_gmt":"2021-03-15T11:56:51","slug":"uniclean-pl-ii-10","status":"publish","type":"product","link":"https:\/\/esttmco.com\/en\/produits\/sterilisation\/nettoyage-et-desinfection\/uniclean-pl-ii-10\/","title":{"rendered":"Uniclean PL II 10"},"content":{"rendered":"","protected":false},"excerpt":{"rendered":"<h2>Uniclean PL II 10<\/h2>\n<p>Appareil de nettoyage et de d\u00e9sinfection \u00e0 une chambre<\/p>\n<p>Domaine : H\u00f4pital &#8211; Process: Thermique &#8211; Capacit\u00e9: 10 tamis DIN &#8211; Material: Objets durs<\/p>\n<p>Appareil de nettoyage et de d\u00e9sinfection \u00e0 une chambre, compact et peu encombrant, con\u00e7u pour la pr\u00e9paration optimale de grandes quantit\u00e9s de dispositifs m\u00e9dicaux, comme les instruments CMI et chirurgicaux g\u00e9n\u00e9raux, le mat\u00e9riel d\u2019anesth\u00e9sie, les instruments ophtalmologiques, les conteneurs, les r\u00e9cipients, les bassins, les chaussures de salle d\u2019op\u00e9ration et divers ustensiles<\/p>\n<p>Donn\u00e9es techniques<\/p>\n<ul>\n<li>Largeur de 700\u00a0mm seulement<\/li>\n<li>Dimensions de l\u2019appareil\u00a0: 2\u00a0250 x 700 x 774 (H x l x P en mm)<\/li>\n<li>Chauff\u00e9 \u00e9lectriquement<\/li>\n<li>Tous les raccordements depuis le dessus (sauf \u00e9vacuation et condensat)<\/li>\n<li>Dosage par bidons ou connexion \u00e0 une centrale de dosage<\/li>\n<li>Armoire \u00e9lectrique avec l\u2019indice de protection IP 54<\/li>\n<\/ul>\n<p>Confort d&#8217;utilisation<\/p>\n<ul>\n<li>Les racks de chargement peuvent \u00eatre charg\u00e9s sur les quatre c\u00f4t\u00e9s en toute facilit\u00e9.<\/li>\n<li>Rouleaux Easy move\u00a0: m\u00eame les racks les plus lourds peuvent \u00eatre ais\u00e9ment d\u00e9plac\u00e9s et pr\u00e9cis\u00e9ment positionn\u00e9s dans la chambre.<\/li>\n<li>Poign\u00e9es CoolTouch caoutchout\u00e9es pour la manipulation des racks chauds. Elles peuvent \u00eatre install\u00e9es de diverses mani\u00e8res.<\/li>\n<li>La connexion de l&#8217;eau par le bas offre une grande flexibilit\u00e9 de chargement, car les racks peuvent aussi \u00eatre amen\u00e9s dans la chambre lorsqu\u2019ils sont pivot\u00e9s \u00e0 180\u00b0.<\/li>\n<\/ul>\n<p>Equipement standard<\/p>\n<ul>\n<li>Surface ext\u00e9rieure et chambre aux designs faciles \u00e0 nettoyer et hygi\u00e9niques<\/li>\n<li>Largeur maximale de 700 mm seulement<\/li>\n<li>Hauteur de montage 1\u00a0980 mm seulement<\/li>\n<li>Capacit\u00e9 de 10 tamis DIN (volume utile de la chambre de 216 litres)<\/li>\n<li>Commande industrielle API de B&amp;R int\u00e9gr\u00e9e dans une armoire \u00e9lectrique avec indice de protection IP 54<\/li>\n<li>IHM intelligente avec \u00e9cran couleur de 7,0\u2019\u2019<\/li>\n<li>Aucun acc\u00e8s lat\u00e9ral n\u00e9cessaire pour l\u2019entretien, acc\u00e8s depuis l\u2019avant<\/li>\n<li>Chargement des racks accessible depuis tous les c\u00f4t\u00e9s<\/li>\n<li>Amarrage hydraulique central pour un chargement de l\u2019appareil sans c\u00f4t\u00e9 particulier<\/li>\n<li>Concept de rack 4-D-Aqua-Frame<\/li>\n<li>Rouleaux de transport \u00ab\u00a0Easy glide\u00a0\u00bb dans la chambre de nettoyage<\/li>\n<li>Syst\u00e8me de gestion intelligente de l\u2019eau<\/li>\n<li>Syst\u00e8me de validation de param\u00e8tre de processus (VPP)\u00a0: contr\u00f4le de la temp\u00e9rature de l\u2019air et de l\u2019eau, pression de la pompe<\/li>\n<li>Armoire \u00e9lectrique rabattable pour l\u2019entr\u00e9e<\/li>\n<li>Place pour 3 conteneurs de produit nettoyant<\/li>\n<li>Filtre HEPA H13<\/li>\n<li>Mati\u00e8re de la chambre\u00a0: AISI 316L<\/li>\n<li>Portes en verre \u00e9lectriques \u00e0 ouverture verticale vers le bas<\/li>\n<li>Chauffage de l\u2019air et de la cuve \u00e9lectrique<\/li>\n<li>2 pompes de dosage avec d\u00e9bitm\u00e8tres<\/li>\n<\/ul>\n","protected":false},"featured_media":8194,"template":"","meta":{"_eb_attr":"","_monsterinsights_skip_tracking":false,"_monsterinsights_sitenote_active":false,"_monsterinsights_sitenote_note":"","_monsterinsights_sitenote_category":0},"class_list":["post-8186","product","type-product","status-publish","has-post-thumbnail","hentry","product_brand-mmm-group","product_cat-nettoyage-et-desinfection","product_cat-sterilisation"],"aioseo_notices":[],"_links":{"self":[{"href":"https:\/\/esttmco.com\/en\/wp-json\/wp\/v2\/product\/8186","targetHints":{"allow":["GET"]}}],"collection":[{"href":"https:\/\/esttmco.com\/en\/wp-json\/wp\/v2\/product"}],"about":[{"href":"https:\/\/esttmco.com\/en\/wp-json\/wp\/v2\/types\/product"}],"version-history":[{"count":1,"href":"https:\/\/esttmco.com\/en\/wp-json\/wp\/v2\/product\/8186\/revisions"}],"predecessor-version":[{"id":8196,"href":"https:\/\/esttmco.com\/en\/wp-json\/wp\/v2\/product\/8186\/revisions\/8196"}],"wp:featuredmedia":[{"embeddable":true,"href":"https:\/\/esttmco.com\/en\/wp-json\/wp\/v2\/media\/8194"}],"wp:attachment":[{"href":"https:\/\/esttmco.com\/en\/wp-json\/wp\/v2\/media?parent=8186"}],"curies":[{"name":"wp","href":"https:\/\/api.w.org\/{rel}","templated":true}]}}