{"id":8148,"date":"2021-03-06T20:13:11","date_gmt":"2021-03-06T19:13:11","guid":{"rendered":"https:\/\/esttmco.com\/?post_type=product&#038;p=8148"},"modified":"2021-03-06T20:15:24","modified_gmt":"2021-03-06T19:15:24","slug":"diabete-care-contour-plus-meter","status":"publish","type":"product","link":"https:\/\/esttmco.com\/en\/produits\/diabete\/diabete-care\/diabete-care-contour-plus-meter\/","title":{"rendered":"Diab\u00e8te care &#8211; Contour Plus Meter"},"content":{"rendered":"","protected":false},"excerpt":{"rendered":"<p><strong>Le syst\u00e8me CONTOUR<sup>TM <\/sup>PLUS vous aide \u00e0 effectuer facilement vos tests de glyc\u00e9mie et utilise les bandelettes r\u00e9actives CONTOUR<sup>TM <\/sup>PLUS qui sont extr\u00eamement pr\u00e9cises<\/strong><\/p>\n<ul>\n<li><strong>Pr\u00e9cis :<\/strong>\u00a0fournit des r\u00e9sultats proches de ceux obtenus en laboratoire afin que vous puissiez effectuer vos tests en toute confiance<\/li>\n<li><strong>No Coding<sup>TM <\/sup>et aucune configuration requise :<\/strong>\u00a0utilisable imm\u00e9diatement<\/li>\n<li><strong>Fonction Second-Chance<sup>TM<\/sup>\u00a0:<\/strong>\u00a0Permet aux patients de rajouter plus de sang sur la m\u00eame bandelette dans un d\u00e9lai de 30 secondes lorsque la quantit\u00e9 initiale est insuffisante<\/li>\n<\/ul>\n<p><strong>Fonctions faciles et personnalisables<\/strong>\u00a0r\u00e9pondant \u00e0 vos besoins en mati\u00e8re de tests, du plus basique au plus complexe.<\/p>\n","protected":false},"featured_media":8152,"template":"","meta":{"_eb_attr":"","_monsterinsights_skip_tracking":false,"_monsterinsights_sitenote_active":false,"_monsterinsights_sitenote_note":"","_monsterinsights_sitenote_category":0},"class_list":["post-8148","product","type-product","status-publish","has-post-thumbnail","hentry","product_cat-diabete","product_cat-diabete-care"],"aioseo_notices":[],"_links":{"self":[{"href":"https:\/\/esttmco.com\/en\/wp-json\/wp\/v2\/product\/8148","targetHints":{"allow":["GET"]}}],"collection":[{"href":"https:\/\/esttmco.com\/en\/wp-json\/wp\/v2\/product"}],"about":[{"href":"https:\/\/esttmco.com\/en\/wp-json\/wp\/v2\/types\/product"}],"version-history":[{"count":1,"href":"https:\/\/esttmco.com\/en\/wp-json\/wp\/v2\/product\/8148\/revisions"}],"predecessor-version":[{"id":8151,"href":"https:\/\/esttmco.com\/en\/wp-json\/wp\/v2\/product\/8148\/revisions\/8151"}],"wp:featuredmedia":[{"embeddable":true,"href":"https:\/\/esttmco.com\/en\/wp-json\/wp\/v2\/media\/8152"}],"wp:attachment":[{"href":"https:\/\/esttmco.com\/en\/wp-json\/wp\/v2\/media?parent=8148"}],"curies":[{"name":"wp","href":"https:\/\/api.w.org\/{rel}","templated":true}]}}