{"id":8143,"date":"2021-03-06T20:03:43","date_gmt":"2021-03-06T19:03:43","guid":{"rendered":"https:\/\/esttmco.com\/?post_type=product&#038;p=8143"},"modified":"2021-03-06T20:04:59","modified_gmt":"2021-03-06T19:04:59","slug":"unisteri-sl-sterilisateur-a-vapeur-pour-1-a-2-ust-standard-line","status":"publish","type":"product","link":"https:\/\/esttmco.com\/en\/produits\/sterilisation\/sterilisateur\/unisteri-sl-sterilisateur-a-vapeur-pour-1-a-2-ust-standard-line\/","title":{"rendered":"Unisteri SL &#8211; St\u00e9rilisateur \u00e0 vapeur pour 1 \u00e0 2 UST &#8211; Standard Line"},"content":{"rendered":"","protected":false},"excerpt":{"rendered":"<div class=\"produkt-subheader\">\n<h5 class=\"field field-name-field-products-subheader field-type-text field-label-hidden\">St\u00e9rilisateur \u00e0 vapeur pour 1 \u00e0 2 UST &#8211; Standard Line<\/h5>\n<\/div>\n<div class=\"produkt-description\">\n<div class=\"field field-name-body field-type-text-with-summary field-label-hidden\">\n<p>St\u00e9rilisateur \u00e0 vapeur \u00e0 1 \u00e0 2 UST pour l\u2019utilisation en ambulances, cliniques et cabinets m\u00e9dicaux pour la st\u00e9rilisation rapide et fiable d\u2019instruments, ustensiles, linge, plastique et instruments CMI complexes, ainsi que d\u2019autres produits m\u00e9dicaux. Gr\u00e2ce au g\u00e9n\u00e9rateur int\u00e9gr\u00e9, seul un raccordement \u00e0 courant fort et un raccordement d\u2019eau sont n\u00e9cessaires pour l\u2019installation.<\/p>\n<\/div>\n<\/div>\n<div class=\"produkt-technical-data\">\n<div class=\"field field-name-field-products-technical-data field-type-text field-label-above\">\n<p><b>Donn\u00e9e Techniques<span class=\"colon\">:<\/span> <\/b><\/p>\n<div class=\"item-list\">\n<ul class=\"ul-list-produkt\">\n<li class=\"first\">Variante \u00e0 une ou deux portes<\/li>\n<li>Syst\u00e8me de porte &#8211; Fermeture et ouverture automatiques de la porte au moyen d&#8217;un moteur \u00e9lectrique<\/li>\n<li>Traitement de surface des parois int\u00e9rieures de la chambre\u00a0: sabl\u00e9e<\/li>\n<li class=\"last\">Fonctionnement \u00e0 la vapeur externe ou, en option, avec g\u00e9n\u00e9rateur de vapeur int\u00e9gr\u00e9<\/li>\n<\/ul>\n<\/div>\n<\/div>\n<\/div>\n<div class=\"produkt-user-comfort\">\n<div class=\"produkt-user-comfort-header\"><strong>Confort d&#8217;utilisation<\/strong><\/div>\n<div class=\"produkt-user-comfort-content\">\n<div class=\"field field-name-field-products-user-comfort field-type-text-long field-label-hidden\">\n<ul>\n<li>Gros boutons de l\u2019\u00e9cran tactile avec guidage par ic\u00f4ne univoque<\/li>\n<li>Grand affichage du temps restant TeleClock pour l\u2019optimisation des processus de travail.<\/li>\n<li>Navigation intuitive \u00e0 travers le menu du programme.<\/li>\n<\/ul>\n<p><strong>\u00c9quipement standard<\/strong><\/p>\n<div id=\"equipment\" class=\"tab-pane active\">\n<div class=\"field field-name-field-products-standard-equipmen field-type-text field-label-hidden\">\n<div class=\"item-list\">\n<ul class=\"ul-list-produkt\">\n<li class=\"first\">Chambre de st\u00e9rilisation, portes et enveloppe de chambre chauff\u00e9e en acier inoxydable de qualit\u00e9 (r\u00e9f. mat\u00e9riau 1.4571 \/ AISI 316 Ti)<\/li>\n<li>5 programmes de st\u00e9rilisation, 3 programmes de test et d\u2019entretien<\/li>\n<li>Dispositif d\u2019\u00e9conomie d\u2019eau int\u00e9gr\u00e9<\/li>\n<li>Possibilit\u00e9 de connexion \u00e0 un PC externe avec imprimante\u00a0A4<\/li>\n<li>Appareil d\u2019auto-diagnostic<\/li>\n<li>Utilisation pour le chargement<\/li>\n<li>Habillage de l\u2019appareil en acier inoxydable<\/li>\n<li>Pompe \u00e0 vide \u00e0 anneau d\u2019eau puissante<\/li>\n<li>\u00c9cran tactile couleur 8.4&#8243;<\/li>\n<li>Composants facilement accessibles<\/li>\n<li class=\"last\">Auto-diagnostic int\u00e9gr\u00e9<\/li>\n<\/ul>\n<\/div>\n<\/div>\n<\/div>\n<\/div>\n<\/div>\n<\/div>\n","protected":false},"featured_media":8144,"template":"","meta":{"_eb_attr":"","_monsterinsights_skip_tracking":false,"_monsterinsights_sitenote_active":false,"_monsterinsights_sitenote_note":"","_monsterinsights_sitenote_category":0},"class_list":["post-8143","product","type-product","status-publish","has-post-thumbnail","hentry","product_brand-mmm-group","product_cat-sterilisateur","product_cat-sterilisation"],"aioseo_notices":[],"_links":{"self":[{"href":"https:\/\/esttmco.com\/en\/wp-json\/wp\/v2\/product\/8143","targetHints":{"allow":["GET"]}}],"collection":[{"href":"https:\/\/esttmco.com\/en\/wp-json\/wp\/v2\/product"}],"about":[{"href":"https:\/\/esttmco.com\/en\/wp-json\/wp\/v2\/types\/product"}],"version-history":[{"count":2,"href":"https:\/\/esttmco.com\/en\/wp-json\/wp\/v2\/product\/8143\/revisions"}],"predecessor-version":[{"id":8147,"href":"https:\/\/esttmco.com\/en\/wp-json\/wp\/v2\/product\/8143\/revisions\/8147"}],"wp:featuredmedia":[{"embeddable":true,"href":"https:\/\/esttmco.com\/en\/wp-json\/wp\/v2\/media\/8144"}],"wp:attachment":[{"href":"https:\/\/esttmco.com\/en\/wp-json\/wp\/v2\/media?parent=8143"}],"curies":[{"name":"wp","href":"https:\/\/api.w.org\/{rel}","templated":true}]}}