{"id":8139,"date":"2021-03-06T19:54:53","date_gmt":"2021-03-06T18:54:53","guid":{"rendered":"https:\/\/esttmco.com\/?post_type=product&#038;p=8139"},"modified":"2021-03-23T16:30:19","modified_gmt":"2021-03-23T15:30:19","slug":"uniclean-pl-ii-15-appareil-de-nettoyage-et-de-desinfection-pour-18-ou-36-plateaux-din","status":"publish","type":"product","link":"https:\/\/esttmco.com\/en\/produits\/sterilisation\/nettoyage-et-desinfection\/uniclean-pl-ii-15-appareil-de-nettoyage-et-de-desinfection-pour-18-ou-36-plateaux-din\/","title":{"rendered":"Uniclean PL II &#8211; 15. Appareil de nettoyage et de d\u00e9sinfection pour 18 ou 36 plateaux DIN"},"content":{"rendered":"","protected":false},"excerpt":{"rendered":"<h5><span class=\"fontstyle0\">Prot\u00e9ger la sant\u00e9 humaine.<\/span><\/h5>\n<p>D<span class=\"fontstyle0\">epuis 1954, la soci\u00e9t\u00e9 MMM est active dans le secteur de la sant\u00e9 dans le monde entier en tant que l\u2019un des fournisseurs leaders du march\u00e9. Avec sa gamme compl\u00e8te de produits et de prestations dans le domaine de la st\u00e9rilisation et de la d\u00e9sinfection pour les h\u00f4pitaux, les instituts scientifiques, les laboratoires et l&#8217;industrie pharmaceutique. MMM s\u2019est positionn\u00e9 comme leader incontournable pour sa qualit\u00e9 et son innovation permanente. Les produits MMM, fabriqu\u00e9s sur nos propres sites de production, leur conception \u00e9prouv\u00e9e associ\u00e9e \u00e0 des m\u00e9thodes de fabrication industrielle, leur qualit\u00e9 \u00ab Made in Germany \u00bb permettant de satisfaire les clients les plus exigeants.<\/span><\/p>\n<h5><span class=\"fontstyle0\">Le groupe MMM dans le secteur de la sant\u00e9 :<br \/>\nun acteur unique.<\/span><\/h5>\n<p><span class=\"fontstyle0\">Les exigences en termes de conditions \u00e9conomiques, logistiques et organisationnelles impos\u00e9es dans le cadre de la gestion d&#8217;un h\u00f4pital sont toujours plus complexes. \u00c9tant donn\u00e9 l&#8217;extraordinaire diversit\u00e9 des t\u00e2ches et des solutions, nos clients ont besoin d&#8217;un partenaire fiable, comp\u00e9tent et engag\u00e9 qui s&#8217;adapte aux conditions sp\u00e9cifiques sur place. Nous ne nous envisageons pas uniquement comme un fournisseur de dispositifs m\u00e9dicaux de haute qualit\u00e9, mais aussi en tant que fournisseur de solutions et de services complets en mesure d\u2019apporter une contribution \u00e9conomique et m\u00e9dicale utile au plus haut niveau de l&#8217;innovation technique, afin de prot\u00e9ger la sant\u00e9 humaine.<\/span><\/p>\n<h5><span class=\"fontstyle0\">Le groupe MMM est plus qu&#8217;un fabricant :<br \/>\nnous mettons au point des solutions globales.<\/span><\/h5>\n<p><span class=\"fontstyle0\">MMM offre un portefeuille complet de comp\u00e9tences centr\u00e9es sur l&#8217;unit\u00e9 de st\u00e9rilisation. Outre la production de nos propres machines, nos prestations couvrent de nombreux domaines dont la planification d\u00e9taill\u00e9e, les logiciels, l\u2019installation, la logistique et le service, y compris la validation de tous les processus de l\u2019unit\u00e9 de<br \/>\nst\u00e9rilisation. Nous pouvons aussi vous assister tout au long du d\u00e9roulement complet de projets de construction de grande ampleur dans le domaine du nettoyage, de la d\u00e9sinfection et de la st\u00e9rilisation.<\/span><\/p>\n","protected":false},"featured_media":8140,"template":"","meta":{"_eb_attr":"","_monsterinsights_skip_tracking":false,"_monsterinsights_sitenote_active":false,"_monsterinsights_sitenote_note":"","_monsterinsights_sitenote_category":0},"class_list":["post-8139","product","type-product","status-publish","has-post-thumbnail","hentry","product_brand-mmm-group","product_cat-nettoyage-et-desinfection","product_cat-sterilisation"],"aioseo_notices":[],"_links":{"self":[{"href":"https:\/\/esttmco.com\/en\/wp-json\/wp\/v2\/product\/8139","targetHints":{"allow":["GET"]}}],"collection":[{"href":"https:\/\/esttmco.com\/en\/wp-json\/wp\/v2\/product"}],"about":[{"href":"https:\/\/esttmco.com\/en\/wp-json\/wp\/v2\/types\/product"}],"version-history":[{"count":3,"href":"https:\/\/esttmco.com\/en\/wp-json\/wp\/v2\/product\/8139\/revisions"}],"predecessor-version":[{"id":8183,"href":"https:\/\/esttmco.com\/en\/wp-json\/wp\/v2\/product\/8139\/revisions\/8183"}],"wp:featuredmedia":[{"embeddable":true,"href":"https:\/\/esttmco.com\/en\/wp-json\/wp\/v2\/media\/8140"}],"wp:attachment":[{"href":"https:\/\/esttmco.com\/en\/wp-json\/wp\/v2\/media?parent=8139"}],"curies":[{"name":"wp","href":"https:\/\/api.w.org\/{rel}","templated":true}]}}