{"id":8135,"date":"2021-03-06T19:47:17","date_gmt":"2021-03-06T18:47:17","guid":{"rendered":"https:\/\/esttmco.com\/?post_type=product&#038;p=8135"},"modified":"2021-03-23T16:36:34","modified_gmt":"2021-03-23T15:36:34","slug":"uniclean-pl-ii-10-appareil-de-nettoyage-et-desinfection-pour-12-plateaux-din","status":"publish","type":"product","link":"https:\/\/esttmco.com\/en\/produits\/sterilisation\/nettoyage-et-desinfection\/uniclean-pl-ii-10-appareil-de-nettoyage-et-desinfection-pour-12-plateaux-din\/","title":{"rendered":"Uniclean PL II -10. Appareil de nettoyage et d\u00e9sinfection pour 12 plateaux DIN"},"content":{"rendered":"","protected":false},"excerpt":{"rendered":"<h5><span class=\"fontstyle0\">Appareil de nettoyage et de d\u00e9sinfection pour 12 plateaux DIN <\/span><\/h5>\n<h5><span class=\"fontstyle2\">Des performances optimales sur un espace r\u00e9duit.<\/span><\/h5>\n<h5><span class=\"fontstyle0\">Le groupe MMM : votre partenaire dans la pr\u00e9paration de produits st\u00e9riles.<\/span><\/h5>\n<p><span class=\"fontstyle0\">La pr\u00e9paration efficace de dispositifs m\u00e9dicaux est essentielle pour le fonctionnement \u00e9conomique et sans probl\u00e8mes des installations de soins de sant\u00e9. Dans ce cadre, plusieurs exigences en mati\u00e8re d&#8217;hygi\u00e8ne doivent \u00eatre respect\u00e9es, par ex. celles de rentabilit\u00e9 et de qualit\u00e9. <\/span><span class=\"fontstyle2\">La pr\u00e9paration fiable de produits st\u00e9riles doit \u00eatre envisag\u00e9e comme facteur de succ\u00e8s \u00e9conomique d\u00e9cisif des installations exploit\u00e9es et comme concept global complexe, et non comme la somme de processus<br \/>\ns\u00e9par\u00e9s. Depuis plus de 60 ans, MMM est votre partenaire fiable dans la pr\u00e9paration s\u00fbre et \u00e9conomique de produits m\u00e9dicaux st\u00e9riles. Nous sommes les experts de la pr\u00e9paration, de l&#8217;installation et de la maintenance technique de tous les appareils, des processus et proc\u00e9dures de l&#8217;unit\u00e9 de st\u00e9rilisation centrale. Pour nous,<br \/>\nil s&#8217;agit, dans ce contexte, de la planification en fonction des besoins des capacit\u00e9s n\u00e9cessaires de l&#8217;appareil, de l&#8217;\u00e9quipement complet de la machine, de la validation de tous les processus de l&#8217;unit\u00e9 centrale de st\u00e9rilisation, d&#8217;un syst\u00e8me de documentation des processus adapt\u00e9 \u00e0 l&#8217;ensemble des machines, ainsi que<br \/>\nd&#8217;un service client\u00e8le dans tous les domaines.<\/span><\/p>\n<h5><span class=\"fontstyle0\">Grande efficacit\u00e9 et fiabilit\u00e9.<\/span><\/h5>\n<p>L<span class=\"fontstyle0\">es produits MMM se distinguent par la modernit\u00e9 dont ils font preuve pendant toute leur dur\u00e9e de vie. La combinaison entre fabrication industrielle, artisanat robuste, production de haute qualit\u00e9 \u00ab Made in Germany \u00bb et syst\u00e8mes de commande pens\u00e9s dans les moindres d\u00e9tails garantit le respect des exigences les<br \/>\nplus strictes. Avec MMM, des mat\u00e9riaux de haute qualit\u00e9 sont transform\u00e9s en des machines les plus modernes. Les collaborateurs qualifi\u00e9s et l&#8217;assurance qualit\u00e9 orient\u00e9e processus sont les gardiens d&#8217;une norme de qualit\u00e9 dont la rigueur reste constante. <\/span><span class=\"fontstyle2\">L&#8217;Uniclean\u00ae PL II 10 <\/span><span class=\"fontstyle0\">a \u00e9t\u00e9 sp\u00e9cialement d\u00e9velopp\u00e9e et con\u00e7ue pour les unit\u00e9s de st\u00e9rilisation des plus petites cliniques et pour les petits centres op\u00e9ratoires o\u00f9 les performances accrues sur des petits espaces<br \/>\nsont vitales. L&#8217;appareil de nettoyage et de d\u00e9sinfection (AND) satisfait \u00e0 toutes les exigences de qualit\u00e9 et aux derni\u00e8res normes concern\u00e9es (par ex. la s\u00e9rie de normes DIN EN ISO 15883, partie 1 et 2) et directives, qui donnent le droit, entre autres, de porter la marque C.<\/span><\/p>\n","protected":false},"featured_media":8136,"template":"","meta":{"_eb_attr":"","_monsterinsights_skip_tracking":false,"_monsterinsights_sitenote_active":false,"_monsterinsights_sitenote_note":"","_monsterinsights_sitenote_category":0},"class_list":["post-8135","product","type-product","status-publish","has-post-thumbnail","hentry","product_brand-mmm-group","product_cat-nettoyage-et-desinfection","product_cat-sterilisation"],"aioseo_notices":[],"_links":{"self":[{"href":"https:\/\/esttmco.com\/en\/wp-json\/wp\/v2\/product\/8135","targetHints":{"allow":["GET"]}}],"collection":[{"href":"https:\/\/esttmco.com\/en\/wp-json\/wp\/v2\/product"}],"about":[{"href":"https:\/\/esttmco.com\/en\/wp-json\/wp\/v2\/types\/product"}],"version-history":[{"count":3,"href":"https:\/\/esttmco.com\/en\/wp-json\/wp\/v2\/product\/8135\/revisions"}],"predecessor-version":[{"id":8160,"href":"https:\/\/esttmco.com\/en\/wp-json\/wp\/v2\/product\/8135\/revisions\/8160"}],"wp:featuredmedia":[{"embeddable":true,"href":"https:\/\/esttmco.com\/en\/wp-json\/wp\/v2\/media\/8136"}],"wp:attachment":[{"href":"https:\/\/esttmco.com\/en\/wp-json\/wp\/v2\/media?parent=8135"}],"curies":[{"name":"wp","href":"https:\/\/api.w.org\/{rel}","templated":true}]}}