{"id":8131,"date":"2021-03-06T19:32:24","date_gmt":"2021-03-06T18:32:24","guid":{"rendered":"https:\/\/esttmco.com\/?post_type=product&#038;p=8131"},"modified":"2021-03-06T20:25:22","modified_gmt":"2021-03-06T19:25:22","slug":"selectomat-sl-standard-line-sterilisateur-a-vapeur","status":"publish","type":"product","link":"https:\/\/esttmco.com\/en\/produits\/sterilisation\/sterilisateur\/selectomat-sl-standard-line-sterilisateur-a-vapeur\/","title":{"rendered":"Selectomat SL &#8211; Standard Line. St\u00e9rilisateur \u00e0 vapeur"},"content":{"rendered":"","protected":false},"excerpt":{"rendered":"<h6><span class=\"fontstyle0\">St\u00e9rilisateur \u00e0 vapeur pour le traitement de dispositifs m\u00e9dicaux<\/span><\/h6>\n<h6><span class=\"fontstyle0\">Utilisation ais\u00e9e et performances fiables<\/span><\/h6>\n<p><span class=\"fontstyle0\"> MMM est l&#8217;un des plus grands fournisseurs d&#8217;\u00e9quipements de traitement de produits st\u00e9riles destin\u00e9s aux h\u00f4pitaux dans le monde. Et pour de bonnes raisons : nos machines ne se distinguent pas uniquement pour leur qualit\u00e9 sup\u00e9rieure et leur longue dur\u00e9e de vie. Depuis plus de six d\u00e9cennies, MMM est un partenaire fiable et respectueux de ses clients partout et \u00e0 tout moment. C&#8217;est pourquoi nous connaissons avec pr\u00e9cision les besoins pour remplir les t\u00e2ches quotidiennes de la st\u00e9rilisation. Gr\u00e2ce \u00e0 notre exp\u00e9rience riche en ann\u00e9es, nous avons d\u00e9velopp\u00e9 le Selectomat\u00ae <span class=\"fontstyle2\">SL<\/span>, une nouvelle ligne de st\u00e9rilisateurs \u00e0 vapeur standard qui satisfait \u00e0 toutes les exigences hospitali\u00e8res. Le st\u00e9rilisateur Selectomat SL r\u00e9alis\u00e9 avec les principes de qualit\u00e9 propres \u00e0 MMM est convaincant aussi par ses co\u00fbts<br \/>\nmod\u00e9r\u00e9s d\u2019investissement, d\u2019exploitation et d\u2019entretien.<\/span><\/p>\n<h6><span class=\"fontstyle0\">Une qualit\u00e9 certifi\u00e9e<\/span><\/h6>\n<p><span class=\"fontstyle0\"> Tous les st\u00e9rilisateurs MMM de la s\u00e9rie <span class=\"fontstyle2\">Selectomat\u00ae <\/span><span class=\"fontstyle3\">SL <\/span>sont fabriqu\u00e9s dans le respect de toutes les exigences l\u00e9gales europ\u00e9ennes que requiert le marquage CE (conform\u00e9ment, par ex., au r\u00e8glement 93\/42\/CEE amend\u00e9 par la directive 2007\/47\/CE, 97\/23\/CE, amend\u00e9 par 2014\/68\/UE, 2011\/65\/CE). Les st\u00e9rilisateurs MMM satisfont \u00e0 de rigoureuses normes techniques europ\u00e9ennes et internationales (par ex. EN 285) et aux exigences de qualit\u00e9 et de s\u00e9curit\u00e9 les plus strictes. <\/span><\/p>\n<h6><span class=\"fontstyle0\">Documentation facile<\/span><\/h6>\n<p><span class=\"fontstyle0\">Les st\u00e9rilisateurs \u00e0 vapeur de la s\u00e9rie <\/span><span class=\"fontstyle2\">Selectomat\u00ae <\/span><span class=\"fontstyle3\">SL <\/span><span class=\"fontstyle0\">sont disponibles sous diff\u00e9rents volumes de 148 jusqu\u2019\u00e0 1490 litres, avec une multitude d\u2019\u00e9quipements pratiques. Chaque param\u00e8tre important des processus de st\u00e9rilisation est mesur\u00e9 de mani\u00e8re redondante et s\u00e9par\u00e9e par le syst\u00e8me de contr\u00f4le de la machine, puis enregistr\u00e9. L\u2019imprimante int\u00e9gr\u00e9e fournit ensuite un protocole de charges d\u00e9taill\u00e9, servant au contr\u00f4le de la s\u00e9curit\u00e9 de la st\u00e9rilisation et de preuve de conformit\u00e9 avec les normes de qualit\u00e9 europ\u00e9ennes.<\/span><\/p>\n<h6>Gestionnaire de Vapeur.<\/h6>\n<p><span class=\"fontstyle0\">Le gestionnaire de vapeur MMM disponible en option contr\u00f4le les cycles des programmes de plusieurs st\u00e9rilisateurs, afin que la vapeur soit puis\u00e9e de mani\u00e8re uniforme du r\u00e9seau d&#8217;alimentation, \u00e9vitant ainsi les pics de consommation de vapeur. En cons\u00e9quence, le syst\u00e8me d&#8217;alimentation en vapeur peut \u00eatre plus petit, limitant ainsi les co\u00fbts d&#8217;investissement et de ressources.<\/span><\/p>\n<p>&nbsp;<\/p>\n<p>&nbsp;<\/p>\n","protected":false},"featured_media":8132,"template":"","meta":{"_eb_attr":"","_monsterinsights_skip_tracking":false,"_monsterinsights_sitenote_active":false,"_monsterinsights_sitenote_note":"","_monsterinsights_sitenote_category":0},"class_list":["post-8131","product","type-product","status-publish","has-post-thumbnail","hentry","product_brand-mmm-group","product_cat-sterilisateur","product_cat-sterilisation"],"aioseo_notices":[],"_links":{"self":[{"href":"https:\/\/esttmco.com\/en\/wp-json\/wp\/v2\/product\/8131","targetHints":{"allow":["GET"]}}],"collection":[{"href":"https:\/\/esttmco.com\/en\/wp-json\/wp\/v2\/product"}],"about":[{"href":"https:\/\/esttmco.com\/en\/wp-json\/wp\/v2\/types\/product"}],"version-history":[{"count":3,"href":"https:\/\/esttmco.com\/en\/wp-json\/wp\/v2\/product\/8131\/revisions"}],"predecessor-version":[{"id":8161,"href":"https:\/\/esttmco.com\/en\/wp-json\/wp\/v2\/product\/8131\/revisions\/8161"}],"wp:featuredmedia":[{"embeddable":true,"href":"https:\/\/esttmco.com\/en\/wp-json\/wp\/v2\/media\/8132"}],"wp:attachment":[{"href":"https:\/\/esttmco.com\/en\/wp-json\/wp\/v2\/media?parent=8131"}],"curies":[{"name":"wp","href":"https:\/\/api.w.org\/{rel}","templated":true}]}}