{"id":8125,"date":"2021-03-06T19:16:43","date_gmt":"2021-03-06T18:16:43","guid":{"rendered":"https:\/\/esttmco.com\/?post_type=product&#038;p=8125"},"modified":"2021-03-06T20:28:31","modified_gmt":"2021-03-06T19:28:31","slug":"selectomat-pl-compact-line-sterilisateur-a-vapeur","status":"publish","type":"product","link":"https:\/\/esttmco.com\/en\/produits\/sterilisation\/sterilisateur\/selectomat-pl-compact-line-sterilisateur-a-vapeur\/","title":{"rendered":"Selectomat PL &#8211; Compact Line St\u00e9rilisateur \u00e0 vapeur"},"content":{"rendered":"","protected":false},"excerpt":{"rendered":"<p><span class=\"fontstyle0\">Technologie compacte de st\u00e9rilisation pour une tr\u00e8s haute qualit\u00e9<br \/>\n<\/span><span class=\"fontstyle2\">L&#8217;efficacit\u00e9 d&#8217;un d\u00e9partement de st\u00e9rilisation se mesure par la capacit\u00e9 de la machine et de l&#8217;espace disponible:<br \/>\nil s&#8217;agit l\u00e0 d&#8217;un conflit qui pose un vrai d\u00e9fi de planification. MMM propose la solution parfaite : le <\/span><span class=\"fontstyle0\">Selectomat\u00ae<\/span><span class=\"fontstyle3\">PL<br \/>\n<\/span><span class=\"fontstyle2\">&#8211; Compact Line.<br \/>\nLa conception compacte du st\u00e9rilisateur \u00e0 vapeur <\/span><span class=\"fontstyle0\">Selectomat\u00ae <\/span><span class=\"fontstyle3\">PL <\/span><span class=\"fontstyle2\">\u2013 Compact Line combine une technologie<br \/>\nde pointe dans un espace r\u00e9duit. La conception de grande qualit\u00e9 et le \u00ab Made in Germany \u00bb garantissent \u00e0<br \/>\nl&#8217;utilisateur et aux techniciens une manipulation ais\u00e9e et intuitive.<br \/>\nBien \u00e9videmment, tous les st\u00e9rilisateurs MMM de la s\u00e9rie <\/span><span class=\"fontstyle0\">Selectomat\u00ae <\/span><span class=\"fontstyle3\">PL <\/span><span class=\"fontstyle2\">sont fabriqu\u00e9s dans le respect de<br \/>\ntoutes les exigences l\u00e9gales europ\u00e9ennes que requiert le marquage CE (conform\u00e9ment, par ex., 93\/42\/CEE,<br \/>\n2014\/68\/UE, 2011\/65\/UE). Les st\u00e9rilisateurs MMM satisfont \u00e0 de rigoureuses normes techniques europ\u00e9ennes et<br \/>\ninternationales (par ex. EN 285) et aux exigences de qualit\u00e9 et de s\u00e9curit\u00e9 les plus strictes.<br \/>\nLe syst\u00e8me de gestion int\u00e9gr\u00e9e de MMM GmbH est certifi\u00e9 par les normes ISO 9001 \/ ISO 13485 Syst\u00e8me de<br \/>\nmanagement de la qualit\u00e9, ISO 14001 Management environnemental et ISO 50001 Management de l&#8217;\u00e9nergie.<br \/>\n<\/span><span class=\"fontstyle0\">Chambres de st\u00e9rilisation personnalis\u00e9es<br \/>\n<\/span><span class=\"fontstyle2\">La chambre de st\u00e9rilisation est le c\u0153ur de tout st\u00e9rilisateur \u00e0 vapeur. Les paroies int\u00e9rieures de la cuve parall\u00e8-<br \/>\nlipip\u00e8dique pressuris\u00e9e de MMM sont fabriqu\u00e9es en acier inoxydable (1.4404 \/ AISI 316L) et ceintur\u00e9e par des<br \/>\ncanaux p\u00e9riph\u00e9riques (1.4571 \/ AISI 316Ti). MMM con\u00e7oit ses cuves pressuris\u00e9es et les fabrique dans ses propres<br \/>\nusines afin d&#8217;en garantir la qualit\u00e9 irr\u00e9prochable.<br \/>\nLa surface de haute qualit\u00e9 de la chambre est polie et disponible en deux finitions diff\u00e9rentes. La chambre de<br \/>\nst\u00e9rilisation est con\u00e7ue et test\u00e9e pour une pression relative d&#8217;au moins \u00e0 3,2 bars.<br \/>\nLe fond incurv\u00e9 de la chambre est un \u00e9l\u00e9ment conceptuel standard qui facilite l&#8217;\u00e9vacuation de la condensation.<br \/>\nCe detail de fabrication rend le s\u00e9chage optimal et r\u00e9duit les temps de cycle.<\/span><\/p>\n","protected":false},"featured_media":8128,"template":"","meta":{"_eb_attr":"","_monsterinsights_skip_tracking":false,"_monsterinsights_sitenote_active":false,"_monsterinsights_sitenote_note":"","_monsterinsights_sitenote_category":0},"class_list":["post-8125","product","type-product","status-publish","has-post-thumbnail","hentry","product_brand-mmm-group","product_cat-sterilisateur","product_cat-sterilisation"],"aioseo_notices":[],"_links":{"self":[{"href":"https:\/\/esttmco.com\/en\/wp-json\/wp\/v2\/product\/8125","targetHints":{"allow":["GET"]}}],"collection":[{"href":"https:\/\/esttmco.com\/en\/wp-json\/wp\/v2\/product"}],"about":[{"href":"https:\/\/esttmco.com\/en\/wp-json\/wp\/v2\/types\/product"}],"version-history":[{"count":2,"href":"https:\/\/esttmco.com\/en\/wp-json\/wp\/v2\/product\/8125\/revisions"}],"predecessor-version":[{"id":8167,"href":"https:\/\/esttmco.com\/en\/wp-json\/wp\/v2\/product\/8125\/revisions\/8167"}],"wp:featuredmedia":[{"embeddable":true,"href":"https:\/\/esttmco.com\/en\/wp-json\/wp\/v2\/media\/8128"}],"wp:attachment":[{"href":"https:\/\/esttmco.com\/en\/wp-json\/wp\/v2\/media?parent=8125"}],"curies":[{"name":"wp","href":"https:\/\/api.w.org\/{rel}","templated":true}]}}