{"id":8121,"date":"2021-03-06T19:03:22","date_gmt":"2021-03-06T18:03:22","guid":{"rendered":"https:\/\/esttmco.com\/?post_type=product&#038;p=8121"},"modified":"2021-03-06T19:03:23","modified_gmt":"2021-03-06T18:03:23","slug":"sterilisateur-formomat-pl-sterilisateur-a-vapeur-basse-temperature-et-au-formaldehyde","status":"publish","type":"product","link":"https:\/\/esttmco.com\/en\/produits\/sterilisation\/sterilisateur\/sterilisateur-formomat-pl-sterilisateur-a-vapeur-basse-temperature-et-au-formaldehyde\/","title":{"rendered":"St\u00e9rilisateur &#8211; Formomat PL (St\u00e9rilisateur \u00e0 vapeur basse temp\u00e9rature et au Formald\u00e9hyde)"},"content":{"rendered":"","protected":false},"excerpt":{"rendered":"<h6><span class=\"fontstyle0\">La solution \u00e9conomique pour st\u00e9riliser les objets sensibles \u00e0 la chaleur<\/span><\/h6>\n<p><span class=\"fontstyle0\">Simple &#8211; s\u00fbr &#8211; \u00e9conomique<br \/>\n<\/span><span class=\"fontstyle2\">Chaque chose prend son temps. Chaque chose a sa propre forme. Les objets particuli\u00e8rement sensibles \u00e0 la chaleur, et dont la g\u00e9om\u00e9trie et la conception sont complexes, exigent un traitement de haute qualit\u00e9 et s\u00fbr qui assure une compatibilit\u00e9 et une efficacit\u00e9 \u00e9lev\u00e9es des mat\u00e9riaux, m\u00eame<br \/>\npour les instruments complexes \u00e0 lumi\u00e8re \u00e9troite. <\/span><span class=\"fontstyle0\">Le Formomat<\/span><span class=\"fontstyle0\">\u00ae <\/span><span class=\"fontstyle0\">PL avec le proc\u00e9d\u00e9 LTSF (vapeur \u00e0 basse temp\u00e9rature et au formald\u00e9hyde) conforme \u00e0 la<br \/>\nnorme DIN EN 14180 a \u00e9t\u00e9 d\u00e9velopp\u00e9 sp\u00e9cifiquement pour le traitement d\u00e9licat des objets et dispositifs m\u00e9dicaux sensibles \u00e0 la chaleur. Le proc\u00e9d\u00e9 de st\u00e9rilisation \u00e0 base de formald\u00e9hyde satisfait \u00e0 toutes les exigences de s\u00e9curit\u00e9 applicables.<br \/>\n<\/span><span class=\"fontstyle0\">Une technologie moderne combin\u00e9e \u00e0 un haut rapport co\u00fbt-efficacit\u00e9 <\/span><span class=\"fontstyle2\">Le Formomat<\/span><span class=\"fontstyle2\">\u00ae <\/span><span class=\"fontstyle2\">PL se caract\u00e9rise par sa haute qualit\u00e9, sa fiabilit\u00e9, une MMM IHM intelligente et<br \/>\nconviviale avec \u00e9cran tactile et, enfin, son aspect visuel. Trois programmes standard v\u00e9rifi\u00e9s (55, 60, 75 \u00b0C) garantissent un processus de st\u00e9rilisation d\u00e9licat et s\u00fbr qui est \u00e9galement tr\u00e8s efficace.<br \/>\n<\/span><span class=\"fontstyle0\">Des performances exceptionnelles associ\u00e9es \u00e0 un haut degr\u00e9 de rentabilit\u00e9 font du Formomat<\/span><span class=\"fontstyle0\">\u00ae <\/span><span class=\"fontstyle0\">PL une machine attrayante pour votre RUMED. Le calcul du co\u00fbt total du Formomat<\/span><span class=\"fontstyle0\">\u00ae <\/span><span class=\"fontstyle0\">PL est positif \u00e0 tout point de vue. Le st\u00e9rilisateur MMM LTSF ne vaut pas seulement son prix (relativement bas), il permet \u00e9galement de r\u00e9duire<br \/>\nles co\u00fbts d&#8217;exploitation et d&#8217;organisation. Par exemple, les co\u00fbts li\u00e9s \u00e0 l&#8217;agent (solution de formald\u00e9hyde) et aux pi\u00e8ces de rechange et d&#8217;usure sont tr\u00e8s faibles. La possibilit\u00e9 d&#8217;utiliser des emballages en papier\/film disponibles dans le commerce comme mat\u00e9riau d&#8217;emballage a un impact tr\u00e8s positif sur les co\u00fbts.<\/span><\/p>\n","protected":false},"featured_media":8122,"template":"","meta":{"_eb_attr":"","_monsterinsights_skip_tracking":false,"_monsterinsights_sitenote_active":false,"_monsterinsights_sitenote_note":"","_monsterinsights_sitenote_category":0},"class_list":["post-8121","product","type-product","status-publish","has-post-thumbnail","hentry","product_brand-mmm-group","product_cat-sterilisateur","product_cat-sterilisation"],"aioseo_notices":[],"_links":{"self":[{"href":"https:\/\/esttmco.com\/en\/wp-json\/wp\/v2\/product\/8121","targetHints":{"allow":["GET"]}}],"collection":[{"href":"https:\/\/esttmco.com\/en\/wp-json\/wp\/v2\/product"}],"about":[{"href":"https:\/\/esttmco.com\/en\/wp-json\/wp\/v2\/types\/product"}],"version-history":[{"count":1,"href":"https:\/\/esttmco.com\/en\/wp-json\/wp\/v2\/product\/8121\/revisions"}],"predecessor-version":[{"id":8124,"href":"https:\/\/esttmco.com\/en\/wp-json\/wp\/v2\/product\/8121\/revisions\/8124"}],"wp:featuredmedia":[{"embeddable":true,"href":"https:\/\/esttmco.com\/en\/wp-json\/wp\/v2\/media\/8122"}],"wp:attachment":[{"href":"https:\/\/esttmco.com\/en\/wp-json\/wp\/v2\/media?parent=8121"}],"curies":[{"name":"wp","href":"https:\/\/api.w.org\/{rel}","templated":true}]}}