{"id":7928,"date":"2021-03-01T13:50:03","date_gmt":"2021-03-01T12:50:03","guid":{"rendered":"https:\/\/esttmco.com\/?post_type=product&#038;p=7928"},"modified":"2021-03-06T15:11:39","modified_gmt":"2021-03-06T14:11:39","slug":"calbenium-spray","status":"publish","type":"product","link":"https:\/\/esttmco.com\/en\/produits\/stomatologie\/fauteuil-dentaire\/calbenium-spray\/","title":{"rendered":"Calbenium Spray"},"content":{"rendered":"","protected":false},"excerpt":{"rendered":"<p>CALBENIUM\u00ae SPRAY est une mousse pr\u00eate \u00e0 l\u2019emploi sans alcool pour le nettoyage et la d\u00e9sinfection de dispositifs m\u00e9dicaux.<br \/>\nCe produit est non corrosif et peut \u00eatre utilis\u00e9 sur tous types de surfaces m\u00eame les plus sensibles tels que les plastiques et les rev\u00eatements simili-cuir.<br \/>\nCALBENIUM\u00ae SPRAY a une action de d\u00e9sinfection rapide et efficace contre tout type de bact\u00e9ries, moisissures et virus.<br \/>\nConforme aux normes AFNOR : NF T 72281CALBENIUM\u00ae SPRAY est une mousse pr\u00eate \u00e0 l\u2019emploi sans alcool pour le nettoyage et la<br \/>\nd\u00e9sinfection de dispositifs m\u00e9dicaux. Ce produit est non corrosif et peut \u00eatre utilis\u00e9 sur tous types de surfaces m\u00eame les plus sensibles<br \/>\ntels que les plastiques et les rev\u00eatements simili-cuir. CALBENIUM\u00ae SPRAY a une action de d\u00e9sinfection rapide et efficace contre tout type de bact\u00e9ries,<br \/>\nmoisissures et virus.<\/p>\n<p><strong>Conforme aux normes AFNOR : NF T 72281<\/strong><\/p>\n","protected":false},"featured_media":7929,"template":"","meta":{"_eb_attr":"","_monsterinsights_skip_tracking":false,"_monsterinsights_sitenote_active":false,"_monsterinsights_sitenote_note":"","_monsterinsights_sitenote_category":0},"class_list":["post-7928","product","type-product","status-publish","has-post-thumbnail","hentry","product_brand-airel-quetin","product_cat-fauteuil-dentaire","product_cat-stomatologie"],"aioseo_notices":[],"_links":{"self":[{"href":"https:\/\/esttmco.com\/en\/wp-json\/wp\/v2\/product\/7928","targetHints":{"allow":["GET"]}}],"collection":[{"href":"https:\/\/esttmco.com\/en\/wp-json\/wp\/v2\/product"}],"about":[{"href":"https:\/\/esttmco.com\/en\/wp-json\/wp\/v2\/types\/product"}],"version-history":[{"count":4,"href":"https:\/\/esttmco.com\/en\/wp-json\/wp\/v2\/product\/7928\/revisions"}],"predecessor-version":[{"id":8111,"href":"https:\/\/esttmco.com\/en\/wp-json\/wp\/v2\/product\/7928\/revisions\/8111"}],"wp:featuredmedia":[{"embeddable":true,"href":"https:\/\/esttmco.com\/en\/wp-json\/wp\/v2\/media\/7929"}],"wp:attachment":[{"href":"https:\/\/esttmco.com\/en\/wp-json\/wp\/v2\/media?parent=7928"}],"curies":[{"name":"wp","href":"https:\/\/api.w.org\/{rel}","templated":true}]}}