{"id":7920,"date":"2021-03-01T13:43:53","date_gmt":"2021-03-01T12:43:53","guid":{"rendered":"https:\/\/esttmco.com\/?post_type=product&#038;p=7920"},"modified":"2021-03-06T15:06:29","modified_gmt":"2021-03-06T14:06:29","slug":"calbenium-liquide","status":"publish","type":"product","link":"https:\/\/esttmco.com\/en\/produits\/stomatologie\/fauteuil-dentaire\/calbenium-liquide\/","title":{"rendered":"Calbenium Liquide"},"content":{"rendered":"","protected":false},"excerpt":{"rendered":"<table class=\"NormalTable\">\n<tbody>\n<tr>\n<td style=\"text-align: left;\" width=\"200\"><span class=\"fontstyle0\">Associ\u00e9 \u00e0 l\u2019IGN\u00ae, le <strong>CALBENIUM\u00ae<\/strong> est un compos\u00e9 traitant l\u2019eau des sprays utilis\u00e9s dans les unit dentaires. Produit de d\u00e9contamination de l\u2019eau des units dentaires utilis\u00e9 en permanence comme irrigant chirurgical, il permet de prot\u00e9ger la contamination bact\u00e9rienne et virale mais<br \/>\naussi le patient, le praticien et l&#8217;assistante des projections d&#8217;eau pathog\u00e8nes. En outre, le<strong> CALBENIUM\u00ae<\/strong> \u00e9vite le d\u00e9p\u00f4t de tartre dans les units et conf\u00e8re \u00e0 l&#8217;eau des propri\u00e9t\u00e9s nettoyantes, tensioactives, aromatis\u00e9es, \u00e9dulcor\u00e9es, d\u00e9sensibilisantes sur la gencive<br \/>\net isotoniques.<br \/>\n<\/span><strong><span class=\"fontstyle2\">Conforme aux normes AFNOR : NF EN 1040<\/span><\/strong><\/td>\n<\/tr>\n<\/tbody>\n<\/table>\n<p>&nbsp;<\/p>\n","protected":false},"featured_media":7921,"template":"","meta":{"_eb_attr":"","_monsterinsights_skip_tracking":false,"_monsterinsights_sitenote_active":false,"_monsterinsights_sitenote_note":"","_monsterinsights_sitenote_category":0},"class_list":["post-7920","product","type-product","status-publish","has-post-thumbnail","hentry","product_brand-airel-quetin","product_cat-fauteuil-dentaire","product_cat-stomatologie"],"aioseo_notices":[],"_links":{"self":[{"href":"https:\/\/esttmco.com\/en\/wp-json\/wp\/v2\/product\/7920","targetHints":{"allow":["GET"]}}],"collection":[{"href":"https:\/\/esttmco.com\/en\/wp-json\/wp\/v2\/product"}],"about":[{"href":"https:\/\/esttmco.com\/en\/wp-json\/wp\/v2\/types\/product"}],"version-history":[{"count":9,"href":"https:\/\/esttmco.com\/en\/wp-json\/wp\/v2\/product\/7920\/revisions"}],"predecessor-version":[{"id":8109,"href":"https:\/\/esttmco.com\/en\/wp-json\/wp\/v2\/product\/7920\/revisions\/8109"}],"wp:featuredmedia":[{"embeddable":true,"href":"https:\/\/esttmco.com\/en\/wp-json\/wp\/v2\/media\/7921"}],"wp:attachment":[{"href":"https:\/\/esttmco.com\/en\/wp-json\/wp\/v2\/media?parent=7920"}],"curies":[{"name":"wp","href":"https:\/\/api.w.org\/{rel}","templated":true}]}}