{"id":7914,"date":"2021-03-01T13:41:54","date_gmt":"2021-03-01T12:41:54","guid":{"rendered":"https:\/\/esttmco.com\/?post_type=product&#038;p=7914"},"modified":"2021-03-06T15:16:43","modified_gmt":"2021-03-06T14:16:43","slug":"fauteuil-dentaire-k2evo","status":"publish","type":"product","link":"https:\/\/esttmco.com\/en\/produits\/stomatologie\/fauteuil-dentaire\/fauteuil-dentaire-k2evo\/","title":{"rendered":"Fauteuil dentaire &#8211; K2EVO"},"content":{"rendered":"","protected":false},"excerpt":{"rendered":"<p>K2 ambitionne de fournir \u00e0 tous les praticiens et professionnels du service dentaire,<br \/>\nun \u00e9quipement de qualit\u00e9, efficace et performant, leur permettant d\u2019exercer<br \/>\nleur m\u00e9tier dans les meilleures conditions, quel que soit le type de soins.<br \/>\nK2 par Quetin, c\u2019est un \u00e9quipement peu encombrant b\u00e9n\u00e9ficiant :<\/p>\n<p>\u2022 D\u2019une flexibilit\u00e9 et de plusieurs possibilit\u00e9s de r\u00e9glages<br \/>\nlui conf\u00e9rant un confort optimal des positions de travail<br \/>\n\u2022 D\u2019une grande maniabilit\u00e9 lui offrant la possibilit\u00e9<br \/>\nde positionner le fauteuil \u00e0 la fois tr\u00e8s haut ou tr\u00e8s bas<br \/>\n\u2022 D\u2019une capacit\u00e9 d\u2019adaptation \u00e0 tous types d\u2019espaces et<br \/>\ntoutes confi gurations<br \/>\n\u2022 D\u2019une effi cacit\u00e9 prouv\u00e9e depuis plus de 10 ans<br \/>\n\u2022 D\u2019une hygi\u00e8ne irr\u00e9prochable et d\u2019un confort pour tous<br \/>\nles intervenants (praticien, assistante, patientK2 ambitionne de fournir \u00e0 tous les praticiens<br \/>\net professionnels du service dentaire, un \u00e9quipement de qualit\u00e9, efficace et performant, leur permettant d\u2019exercer<br \/>\nleur m\u00e9tier dans les meilleures conditions, quel que soit le type de soins.<br \/>\nK2 par Quetin, c\u2019est un \u00e9quipement peu encombrant<br \/>\nb\u00e9n\u00e9ficiant :<br \/>\n\u2022 D\u2019une flexibilit\u00e9 et de plusieurs possibilit\u00e9s de r\u00e9glages lui conf\u00e9rant un confort optimal des positions de travail<br \/>\n\u2022 D\u2019une grande maniabilit\u00e9 lui offrant la possibilit\u00e9 de positionner le fauteuil \u00e0 la fois tr\u00e8s haut ou tr\u00e8s bas<br \/>\n\u2022 D\u2019une capacit\u00e9 d\u2019adaptation \u00e0 tous types d\u2019espaces et toutes configurations<br \/>\n\u2022 D\u2019une efficacit\u00e9 prouv\u00e9e depuis plus de 10 ans<br \/>\n\u2022 D\u2019une hygi\u00e8ne irr\u00e9prochable et d\u2019un confort pour tous les intervenants (praticien, assistante, patient)<\/p>\n<p><span class=\"fontstyle0\">Quetin a int\u00e9gr\u00e9 toute son expertise dans l\u2019\u00e9laboration de K2 afi n de cr\u00e9er un \u00e9quipement r\u00e9pondant aux exigences<br \/>\nactuelles du monde dentaire notamment en termes de technologies de pointe et de confort, tant pour le praticien que pour le patient.<br \/>\n<\/span><span class=\"fontstyle2\">Ainsi, tout en \u00e9tant compact, le K2 est \u00e9galement tr\u00e8s complet :<br \/>\n\u2022 Positions allong\u00e9e totale et assise, adapt\u00e9es<br \/>\naux diff\u00e9rents soins<br \/>\n\u2022 Repose-jambes rabattable facilitant l\u2019acc\u00e8s des patients<br \/>\n\u2022 Dossier tr\u00e8s fi n<br \/>\n\u2022 Tablette porte-instruments compacte et maniable<br \/>\n\u2022 Mouvements de mont\u00e9e du si\u00e8ge et articulation<br \/>\ncompens\u00e9e du dossier g\u00e9r\u00e9s par micro-processeur<br \/>\n\u2022 Multi-s\u00e9curit\u00e9s sur tous les mouvements en conformit\u00e9<br \/>\navec les normes en vigueur<br \/>\n\u2022 Gestion des commandes par \u00e9cran tactile<br \/>\n\u2022 Sellerie r\u00e9sistante et tr\u00e8s confortable<br \/>\n\u2022 Crachoir pivotant facilitant son accessibilit\u00e9<br \/>\n\u2022 Design moderne et \u00e9pur\u00e9<\/span><\/p>\n<p>&nbsp;<\/p>\n","protected":false},"featured_media":7917,"template":"","meta":{"_eb_attr":"","_monsterinsights_skip_tracking":false,"_monsterinsights_sitenote_active":false,"_monsterinsights_sitenote_note":"","_monsterinsights_sitenote_category":0},"class_list":["post-7914","product","type-product","status-publish","has-post-thumbnail","hentry","product_brand-airel-quetin","product_cat-fauteuil-dentaire","product_cat-stomatologie"],"aioseo_notices":[],"_links":{"self":[{"href":"https:\/\/esttmco.com\/en\/wp-json\/wp\/v2\/product\/7914","targetHints":{"allow":["GET"]}}],"collection":[{"href":"https:\/\/esttmco.com\/en\/wp-json\/wp\/v2\/product"}],"about":[{"href":"https:\/\/esttmco.com\/en\/wp-json\/wp\/v2\/types\/product"}],"version-history":[{"count":4,"href":"https:\/\/esttmco.com\/en\/wp-json\/wp\/v2\/product\/7914\/revisions"}],"predecessor-version":[{"id":8112,"href":"https:\/\/esttmco.com\/en\/wp-json\/wp\/v2\/product\/7914\/revisions\/8112"}],"wp:featuredmedia":[{"embeddable":true,"href":"https:\/\/esttmco.com\/en\/wp-json\/wp\/v2\/media\/7917"}],"wp:attachment":[{"href":"https:\/\/esttmco.com\/en\/wp-json\/wp\/v2\/media?parent=7914"}],"curies":[{"name":"wp","href":"https:\/\/api.w.org\/{rel}","templated":true}]}}