{"id":7898,"date":"2021-03-01T13:28:22","date_gmt":"2021-03-01T12:28:22","guid":{"rendered":"https:\/\/esttmco.com\/?post_type=product&#038;p=7898"},"modified":"2021-03-06T15:18:30","modified_gmt":"2021-03-06T14:18:30","slug":"fauteuil-dentaire-pe8","status":"publish","type":"product","link":"https:\/\/esttmco.com\/en\/produits\/stomatologie\/fauteuil-dentaire\/fauteuil-dentaire-pe8\/","title":{"rendered":"Fauteuil dentaire &#8211; PE8"},"content":{"rendered":"","protected":false},"excerpt":{"rendered":"<p><strong> L&#8217;<\/strong><span class=\"fontstyle0\"><strong>\u00e9quipement PE8+ a \u00e9t\u00e9 con\u00e7u afin de s\u2019adapter \u00e0 toutes les positions de travail des chirurgiens<\/strong><br \/>\n<strong>dentistes. Ses diff\u00e9rentes fonctionnalit\u00e9s en font un unit universel.<\/strong><br \/>\n<\/span><span class=\"fontstyle2\">\u2022 <\/span><span class=\"fontstyle2\">Ergonomie universelle.<br \/>\n<\/span><span class=\"fontstyle2\">\u2022 <\/span><span class=\"fontstyle2\">Position ambidextre, gaucher ou droitier.<br \/>\n<\/span><span class=\"fontstyle2\">\u2022 <\/span><span class=\"fontstyle2\">Parfaite sym\u00e9trie de chaque \u00e9l\u00e9ment quelle que soit la position<br \/>\ndu praticien et de l\u2019assistant(e).<br \/>\n<\/span><span class=\"fontstyle2\">\u2022 <\/span><span class=\"fontstyle2\">Le positionnement \u00e0 gauche comme \u00e0 droite s\u2019effectue<br \/>\nen quelques secondes.<br \/>\n<\/span><span class=\"fontstyle2\">\u2022 <\/span><span class=\"fontstyle2\">Balanciers fonctionnels \u00e0 large amplitude ou cordons<br \/>\npendants modulables.<br \/>\n<\/span><span class=\"fontstyle2\">\u2022 <\/span><span class=\"fontstyle2\">Grand confort du praticien, de l\u2019assistant(e) et du patient.<\/span><\/p>\n<p><span class=\"fontstyle0\">La <\/span><span class=\"fontstyle2\">t\u00eati\u00e8re triple articulation <\/span><span class=\"fontstyle0\">s\u2019adapte parfaitement \u00e0 toute position de la t\u00eate du patient pour optimiser au mieux son confort.<br \/>\nUn seul bouton r\u00e8gle le mouvement lat\u00e9ral, la rotation et le coulissement vertical, dont les mouvements sont assist\u00e9s pneumatiquement.<br \/>\nElle peut \u00eatre aussi positionn\u00e9e pour accueillir des enfants (travail p\u00e9dodontiste).\u00a0<\/span><\/p>\n","protected":false},"featured_media":7899,"template":"","meta":{"_eb_attr":"","_monsterinsights_skip_tracking":false,"_monsterinsights_sitenote_active":false,"_monsterinsights_sitenote_note":"","_monsterinsights_sitenote_category":0},"class_list":["post-7898","product","type-product","status-publish","has-post-thumbnail","hentry","product_brand-airel-quetin","product_cat-fauteuil-dentaire","product_cat-stomatologie"],"aioseo_notices":[],"_links":{"self":[{"href":"https:\/\/esttmco.com\/en\/wp-json\/wp\/v2\/product\/7898","targetHints":{"allow":["GET"]}}],"collection":[{"href":"https:\/\/esttmco.com\/en\/wp-json\/wp\/v2\/product"}],"about":[{"href":"https:\/\/esttmco.com\/en\/wp-json\/wp\/v2\/types\/product"}],"version-history":[{"count":6,"href":"https:\/\/esttmco.com\/en\/wp-json\/wp\/v2\/product\/7898\/revisions"}],"predecessor-version":[{"id":8114,"href":"https:\/\/esttmco.com\/en\/wp-json\/wp\/v2\/product\/7898\/revisions\/8114"}],"wp:featuredmedia":[{"embeddable":true,"href":"https:\/\/esttmco.com\/en\/wp-json\/wp\/v2\/media\/7899"}],"wp:attachment":[{"href":"https:\/\/esttmco.com\/en\/wp-json\/wp\/v2\/media?parent=7898"}],"curies":[{"name":"wp","href":"https:\/\/api.w.org\/{rel}","templated":true}]}}