{"id":7894,"date":"2021-03-01T13:24:45","date_gmt":"2021-03-01T12:24:45","guid":{"rendered":"https:\/\/esttmco.com\/?post_type=product&#038;p=7894"},"modified":"2021-03-06T15:36:56","modified_gmt":"2021-03-06T14:36:56","slug":"fauteuil-dentaire-pacific","status":"publish","type":"product","link":"https:\/\/esttmco.com\/en\/produits\/stomatologie\/fauteuil-dentaire\/fauteuil-dentaire-pacific\/","title":{"rendered":"Fauteuil dentaire &#8211; Pacific"},"content":{"rendered":"","protected":false},"excerpt":{"rendered":"<p><span class=\"fontstyle0\"><strong>LE CONCEPT AIREL<\/strong><br \/>\n<\/span><span class=\"fontstyle2\">Con\u00e7u pour le confort du praticien et de son patient, le fauteuil PACIFIC<\/span><span class=\"fontstyle2\">\u00ae <\/span><span class=\"fontstyle2\">associe <\/span><span class=\"fontstyle3\">ergonomie, flexibilit\u00e9 et s\u00e9curit\u00e9 <\/span><span class=\"fontstyle2\">:<br \/>\n\u2022 L\u2019<\/span><span class=\"fontstyle3\">assise monocoque en Kevlar-carbone <\/span><span class=\"fontstyle2\">assure une accessibilit\u00e9 optimale du praticien, quelle que soit sa position de travail,<br \/>\net un confort relaxant du patient.<br \/>\n\u2022 Les mouvements de mont\u00e9e de l\u2019assise et le basculement de la coque sont instantan\u00e9s ou <\/span><span class=\"fontstyle3\">programm\u00e9s par micro-processeur<\/span><span class=\"fontstyle2\">.<br \/>\n\u2022 L\u2019ensemble des mouvements est <\/span><span class=\"fontstyle3\">s\u00e9curis\u00e9 <\/span><span class=\"fontstyle2\">de fa\u00e7on multiple selon les normes en vigueur.<br \/>\n\u2022 La sellerie de l\u2019ensemble du si\u00e8ge est lisse, r\u00e9sistante et coll\u00e9e sur une <\/span><span class=\"fontstyle3\">mousse \u00e0 m\u00e9moire de forme<\/span><span class=\"fontstyle2\">. Associ\u00e9e \u00e0 la structure<br \/>\nmonocoque, elle procure un confort unique au patient.<\/span><\/p>\n<p><span class=\"fontstyle0\"><strong>T\u00caTI\u00c8RE \u00c0 ASSISTANCE PNEUMATIQUE : MOUVEMENT LAT\u00c9RAL ET ROTATIF<\/strong><br \/>\n<\/span><span class=\"fontstyle2\">La <\/span><span class=\"fontstyle3\">t\u00eati\u00e8re triple articulation <\/span><span class=\"fontstyle2\">s\u2019adapte parfaitement \u00e0 toute position de la t\u00eate du patient pour optimiser au mieux<br \/>\nson confort. Un seul bouton r\u00e8gle le mouvement lat\u00e9ral, la rotation et le coulissement vertical, dont les mouvements<br \/>\nsont assist\u00e9s pneumatiquement. Elle peut \u00eatre aussi positionn\u00e9e pour accueillir des enfants (travail p\u00e9dodontiste)<\/span><\/p>\n<p><span class=\"fontstyle0\"><strong>SELLERIE \u00c0 M\u00c9MOIRE DE FORME<\/strong><br \/>\n<\/span><span class=\"fontstyle2\">Chaque patient a sa morphologie propre. Pour optimiser son confort, la sellerie du PACIFIC<\/span><span class=\"fontstyle2\">\u00ae <\/span><span class=\"fontstyle2\">a \u00e9t\u00e9<br \/>\n\u00e9tudi\u00e9e et test\u00e9e. Elle est compos\u00e9e de 5 diff\u00e9rentes couches de mousse d\u2019\u00e9paisseur et de densit\u00e9 variables<br \/>\net \u00e0 <\/span><span class=\"fontstyle3\">haute technicit\u00e9<\/span><span class=\"fontstyle2\">.<\/span><\/p>\n","protected":false},"featured_media":7895,"template":"","meta":{"_eb_attr":"","_monsterinsights_skip_tracking":false,"_monsterinsights_sitenote_active":false,"_monsterinsights_sitenote_note":"","_monsterinsights_sitenote_category":0},"class_list":["post-7894","product","type-product","status-publish","has-post-thumbnail","hentry","product_brand-airel-quetin","product_cat-fauteuil-dentaire","product_cat-stomatologie"],"aioseo_notices":[],"_links":{"self":[{"href":"https:\/\/esttmco.com\/en\/wp-json\/wp\/v2\/product\/7894","targetHints":{"allow":["GET"]}}],"collection":[{"href":"https:\/\/esttmco.com\/en\/wp-json\/wp\/v2\/product"}],"about":[{"href":"https:\/\/esttmco.com\/en\/wp-json\/wp\/v2\/types\/product"}],"version-history":[{"count":7,"href":"https:\/\/esttmco.com\/en\/wp-json\/wp\/v2\/product\/7894\/revisions"}],"predecessor-version":[{"id":8116,"href":"https:\/\/esttmco.com\/en\/wp-json\/wp\/v2\/product\/7894\/revisions\/8116"}],"wp:featuredmedia":[{"embeddable":true,"href":"https:\/\/esttmco.com\/en\/wp-json\/wp\/v2\/media\/7895"}],"wp:attachment":[{"href":"https:\/\/esttmco.com\/en\/wp-json\/wp\/v2\/media?parent=7894"}],"curies":[{"name":"wp","href":"https:\/\/api.w.org\/{rel}","templated":true}]}}