{"id":7550,"date":"2021-02-06T12:00:44","date_gmt":"2021-02-06T11:00:44","guid":{"rendered":"https:\/\/esttmco.com\/produit\/systeme-atellica-neph-630\/"},"modified":"2021-02-06T12:01:16","modified_gmt":"2021-02-06T11:01:16","slug":"systeme-atellica-neph-630","status":"publish","type":"product","link":"https:\/\/esttmco.com\/en\/produits\/laboratory\/plasma-protein\/systeme-atellica-neph-630\/","title":{"rendered":"Syst\u00e8me Atellica\u00ae NEPH 630"},"content":{"rendered":"<p>Le syst\u00e8me <strong>Atellica\u2122 NEPH 630 <\/strong>est un analyseur n\u00e9ph\u00e9lom\u00e9trique qui\u00a0 simplifie l\u2019analyse de prot\u00e9ines plasmatiques. Le syst\u00e8me offre le menu le plus large de tests prot\u00e9iques pour l\u2018analyse des urines, liquide c\u00e9phalorachidien (LCR), plasma et s\u00e9rum.<\/p>\n<ul>\n<li>Vaste menu de tests de prot\u00e9ines sur plusieurs types d&#8217;\u00e9chantillons<\/li>\n<li>Technologie n\u00e9ph\u00e9lom\u00e9trique approuv\u00e9e offrant une grande pr\u00e9cision et reproductibilit\u00e9<\/li>\n<li>Chargement et d\u00e9chargement en continu des \u00e9chantillons et r\u00e9actifs sans interruption du traitement des \u00e9chantillons<\/li>\n<li>D\u00e9tection des niveaux d\u2019\u00e9chantillon et de r\u00e9actif avant le traitement pour assurer l&#8217;exactitude des r\u00e9sultats<\/li>\n<li>D\u00e9bit moyen d&#8217;environ 65 tests\/heure<\/li>\n<li>Logiciel de pointe fournissant un haut niveau de s\u00e9curit\u00e9 informatique<\/li>\n<\/ul>\n","protected":false},"excerpt":{"rendered":"<p>Le syst\u00e8me Atellica\u2122 NEPH 630 est un analyseur n\u00e9ph\u00e9lom\u00e9trique qui\u00a0 simplifie l\u2019analyse de prot\u00e9ines plasmatiques. Le syst\u00e8me offre le menu le plus large de tests prot\u00e9iques pour l\u2018analyse des urines, liquide c\u00e9phalorachidien (LCR), plasma et s\u00e9rum. Vaste menu de tests de prot\u00e9ines sur plusieurs types d&#8217;\u00e9chantillons Technologie n\u00e9ph\u00e9lom\u00e9trique approuv\u00e9e offrant une grande pr\u00e9cision et reproductibilit\u00e9 Chargement et d\u00e9chargement en continu des \u00e9chantillons et r\u00e9actifs sans interruption du traitement des \u00e9chantillons D\u00e9tection des niveaux d\u2019\u00e9chantillon et de r\u00e9actif avant le traitement pour assurer l&#8217;exactitude des r\u00e9sultats D\u00e9bit moyen d&#8217;environ 65 tests\/heure Logiciel de pointe fournissant un haut niveau de s\u00e9curit\u00e9 informatique<\/p>\n","protected":false},"featured_media":7547,"template":"","meta":{"_eb_attr":"","_monsterinsights_skip_tracking":false,"_monsterinsights_sitenote_active":false,"_monsterinsights_sitenote_note":"","_monsterinsights_sitenote_category":0},"class_list":["post-7550","product","type-product","status-publish","has-post-thumbnail","hentry","product_brand-siemens-healthineers-en","product_cat-laboratory","product_cat-plasma-protein"],"aioseo_notices":[],"_links":{"self":[{"href":"https:\/\/esttmco.com\/en\/wp-json\/wp\/v2\/product\/7550","targetHints":{"allow":["GET"]}}],"collection":[{"href":"https:\/\/esttmco.com\/en\/wp-json\/wp\/v2\/product"}],"about":[{"href":"https:\/\/esttmco.com\/en\/wp-json\/wp\/v2\/types\/product"}],"version-history":[{"count":1,"href":"https:\/\/esttmco.com\/en\/wp-json\/wp\/v2\/product\/7550\/revisions"}],"predecessor-version":[{"id":7551,"href":"https:\/\/esttmco.com\/en\/wp-json\/wp\/v2\/product\/7550\/revisions\/7551"}],"wp:featuredmedia":[{"embeddable":true,"href":"https:\/\/esttmco.com\/en\/wp-json\/wp\/v2\/media\/7547"}],"wp:attachment":[{"href":"https:\/\/esttmco.com\/en\/wp-json\/wp\/v2\/media?parent=7550"}],"curies":[{"name":"wp","href":"https:\/\/api.w.org\/{rel}","templated":true}]}}