{"id":7539,"date":"2021-02-06T11:52:31","date_gmt":"2021-02-06T10:52:31","guid":{"rendered":"https:\/\/esttmco.com\/?post_type=product&#038;p=7539"},"modified":"2021-02-06T11:55:02","modified_gmt":"2021-02-06T10:55:02","slug":"analyseurs-atellica-im-1300-et-im-1600","status":"publish","type":"product","link":"https:\/\/esttmco.com\/en\/produits\/laboratory\/immunoanalysis-laboratory\/analyseurs-atellica-im-1300-et-im-1600\/","title":{"rendered":"Analyseurs Atellica IM 1300 et IM 1600"},"content":{"rendered":"<p>Les <strong>analyseurs d\u2019immunoanalyse Atellica IM 1300 et Atellica IM1600<\/strong> sont des syst\u00e8mes \u00e0 moyen et haut volume pouvant effectuer jusqu\u2019\u00e0 220 et 440 tests par heure respectivement.<\/p>\n<ul>\n<li>Cadence de 220 tests\/heure IM1300 ou de 440 tests\/heure IM1600<\/li>\n<li>Technologie reconnues par les Ester d\u2019Acridinium (EA)<\/li>\n<li>R\u00e9sultat de 10-54 minutes<\/li>\n<li>Contr\u00f4le d&#8217;int\u00e9grit\u00e9\u00a0 des\u00a0 prises\u00a0 d&#8217;essai\u00a0 \u00e9chantillon (d\u00e9tection\u00a0 de niveau, caillot et de bulles)<\/li>\n<li>Embouts \u00e9chantillons \u00e0 usage unique (absence de contamination)<\/li>\n<li>42 param\u00e8tres en lignes et 35 emplacements d\u00e9di\u00e9s pour les r\u00e9actifs auxiliaires<\/li>\n<li>Gestion des \u00e9chantillons via Atellica\u00ae Sample Handler ou Atellica\u00ae Direct Load<\/li>\n<li>Jusqu\u2019\u00e0 trois analyseurs Atellica\u00ae IM peuvent \u00eatre connect\u00e9s au Atellica\u00ae Sample Handler<\/li>\n<\/ul>\n","protected":false},"excerpt":{"rendered":"<p>Les analyseurs d\u2019immunoanalyse Atellica IM 1300 et Atellica IM1600 sont des syst\u00e8mes \u00e0 moyen et haut volume pouvant effectuer jusqu\u2019\u00e0 220 et 440 tests par heure respectivement. Cadence de 220 tests\/heure IM1300 ou de 440 tests\/heure IM1600 Technologie reconnues par les Ester d\u2019Acridinium (EA) R\u00e9sultat de 10-54 minutes Contr\u00f4le d&#8217;int\u00e9grit\u00e9\u00a0 des\u00a0 prises\u00a0 d&#8217;essai\u00a0 \u00e9chantillon (d\u00e9tection\u00a0 de niveau, caillot et de bulles) Embouts \u00e9chantillons \u00e0 usage unique (absence de contamination) 42 param\u00e8tres en lignes et 35 emplacements d\u00e9di\u00e9s pour les r\u00e9actifs auxiliaires Gestion des \u00e9chantillons via Atellica\u00ae Sample Handler ou Atellica\u00ae Direct Load Jusqu\u2019\u00e0 trois analyseurs Atellica\u00ae IM peuvent \u00eatre connect\u00e9s au Atellica\u00ae Sample Handler<\/p>\n","protected":false},"featured_media":7541,"template":"","meta":{"_eb_attr":"","_monsterinsights_skip_tracking":false,"_monsterinsights_sitenote_active":false,"_monsterinsights_sitenote_note":"","_monsterinsights_sitenote_category":0},"class_list":["post-7539","product","type-product","status-publish","has-post-thumbnail","hentry","product_brand-siemens-healthineers-en","product_cat-immunoanalysis-laboratory","product_cat-laboratory"],"aioseo_notices":[],"_links":{"self":[{"href":"https:\/\/esttmco.com\/en\/wp-json\/wp\/v2\/product\/7539","targetHints":{"allow":["GET"]}}],"collection":[{"href":"https:\/\/esttmco.com\/en\/wp-json\/wp\/v2\/product"}],"about":[{"href":"https:\/\/esttmco.com\/en\/wp-json\/wp\/v2\/types\/product"}],"version-history":[{"count":1,"href":"https:\/\/esttmco.com\/en\/wp-json\/wp\/v2\/product\/7539\/revisions"}],"predecessor-version":[{"id":7543,"href":"https:\/\/esttmco.com\/en\/wp-json\/wp\/v2\/product\/7539\/revisions\/7543"}],"wp:featuredmedia":[{"embeddable":true,"href":"https:\/\/esttmco.com\/en\/wp-json\/wp\/v2\/media\/7541"}],"wp:attachment":[{"href":"https:\/\/esttmco.com\/en\/wp-json\/wp\/v2\/media?parent=7539"}],"curies":[{"name":"wp","href":"https:\/\/api.w.org\/{rel}","templated":true}]}}