{"id":7533,"date":"2021-02-06T11:49:39","date_gmt":"2021-02-06T10:49:39","guid":{"rendered":"https:\/\/esttmco.com\/?post_type=product&#038;p=7533"},"modified":"2021-02-06T11:52:05","modified_gmt":"2021-02-06T10:52:05","slug":"systeme-dimmunoanalyse-immulite-2000-xpi","status":"publish","type":"product","link":"https:\/\/esttmco.com\/en\/produits\/laboratory\/immunoanalysis-laboratory\/systeme-dimmunoanalyse-immulite-2000-xpi\/","title":{"rendered":"Syst\u00e8me d\u2019Immunoanalyse IMMULITE\u00ae 2000 XPi"},"content":{"rendered":"<p>Le syst\u00e8me <strong>IMMULITE\u00ae 2000 XPi <\/strong>est un module d\u2019immunoanalyse \u00e0 acc\u00e8s en continu et al\u00e9atoire offrant une cadence maximale de 200 tests par heure.<\/p>\n<ul>\n<li>Chimiluminescence avec amplification enzymatique<\/li>\n<li>S\u00e9paration par centrifugation axiale<\/li>\n<li>Chargement continu et al\u00e9atoire, \u00e9chantillons r\u00e9actifs et consommables<\/li>\n<li>200 tests\/heure<\/li>\n<li>24 r\u00e9actifs en ligne avec une stabilit\u00e9 a bord de 3 mois<\/li>\n<li>Maintenance et contr\u00f4les de qualit\u00e9 quotidiens programmables et automatises<\/li>\n<li>Plus de 95 param\u00e8tres et 480 allerg\u00e8nes sp\u00e9cifiques et m\u00e9langes en Allergie<\/li>\n<\/ul>\n","protected":false},"excerpt":{"rendered":"<p>Le syst\u00e8me IMMULITE\u00ae 2000 XPi est un module d\u2019immunoanalyse \u00e0 acc\u00e8s en continu et al\u00e9atoire offrant une cadence maximale de 200 tests par heure. Chimiluminescence avec amplification enzymatique S\u00e9paration par centrifugation axiale Chargement continu et al\u00e9atoire, \u00e9chantillons r\u00e9actifs et consommables 200 tests\/heure 24 r\u00e9actifs en ligne avec une stabilit\u00e9 a bord de 3 mois Maintenance et contr\u00f4les de qualit\u00e9 quotidiens programmables et automatises Plus de 95 param\u00e8tres et 480 allerg\u00e8nes sp\u00e9cifiques et m\u00e9langes en Allergie<\/p>\n","protected":false},"featured_media":7535,"template":"","meta":{"_eb_attr":"","_monsterinsights_skip_tracking":false,"_monsterinsights_sitenote_active":false,"_monsterinsights_sitenote_note":"","_monsterinsights_sitenote_category":0},"class_list":["post-7533","product","type-product","status-publish","has-post-thumbnail","hentry","product_brand-siemens-healthineers-en","product_cat-immunoanalysis-laboratory","product_cat-laboratory"],"aioseo_notices":[],"_links":{"self":[{"href":"https:\/\/esttmco.com\/en\/wp-json\/wp\/v2\/product\/7533","targetHints":{"allow":["GET"]}}],"collection":[{"href":"https:\/\/esttmco.com\/en\/wp-json\/wp\/v2\/product"}],"about":[{"href":"https:\/\/esttmco.com\/en\/wp-json\/wp\/v2\/types\/product"}],"version-history":[{"count":1,"href":"https:\/\/esttmco.com\/en\/wp-json\/wp\/v2\/product\/7533\/revisions"}],"predecessor-version":[{"id":7537,"href":"https:\/\/esttmco.com\/en\/wp-json\/wp\/v2\/product\/7533\/revisions\/7537"}],"wp:featuredmedia":[{"embeddable":true,"href":"https:\/\/esttmco.com\/en\/wp-json\/wp\/v2\/media\/7535"}],"wp:attachment":[{"href":"https:\/\/esttmco.com\/en\/wp-json\/wp\/v2\/media?parent=7533"}],"curies":[{"name":"wp","href":"https:\/\/api.w.org\/{rel}","templated":true}]}}