{"id":7524,"date":"2021-02-06T11:44:12","date_gmt":"2021-02-06T10:44:12","guid":{"rendered":"https:\/\/esttmco.com\/?post_type=product&#038;p=7524"},"modified":"2021-02-06T11:49:16","modified_gmt":"2021-02-06T10:49:16","slug":"systeme-dimmunoanalyse-advia-centaur-xpt","status":"publish","type":"product","link":"https:\/\/esttmco.com\/en\/produits\/laboratory\/immunoanalysis-laboratory\/systeme-dimmunoanalyse-advia-centaur-xpt\/","title":{"rendered":"Syst\u00e8me d\u2019immunoanalyse ADVIA Centaur\u00ae XPT"},"content":{"rendered":"<p>Le syst\u00e8me <strong>ADVIA Centaur\u00ae XPT <\/strong>allie des solutions de flux de travail innovantes \u00e0 l\u2019excellence clinique pour accro\u00eetre la productivit\u00e9 des laboratoires.<\/p>\n<ul>\n<li>Chimiluminescence directe avec la technologie Esters d\u2019acridinium<\/li>\n<li>Cadence de <strong>240 <\/strong>tests\/heure<\/li>\n<li>Premier r\u00e9sultat en <strong>18 <\/strong>minutes<\/li>\n<li>Contr\u00f4le d&#8217;int\u00e9grit\u00e9 des prises d&#8217;essai \u00e9chantillon (d\u00e9tection de caillot et de bulles)<\/li>\n<li>Embouts \u00e9chantillons \u00e0 usage unique (absence de contamination)<\/li>\n<li>Chargement jusqu\u2019\u00e0 180 \u00e9chantillons<\/li>\n<li>Compartiment r\u00e9frig\u00e9r\u00e9 de 30 positions pour r\u00e9actifs primaires<\/li>\n<li>Cartouches de r\u00e9actifs pr\u00eates \u00e0 l\u2019emploi<\/li>\n<li>Acc\u00e8s en continu en cours d&#8217;analyse<\/li>\n<li>Entr\u00e9e d\u00e9di\u00e9e aux urgences<\/li>\n<li>Chargement et d\u00e9chargement en continu des \u00e9chantillons<\/li>\n<li>Portoir universel pour tout type de tubes primaires<\/li>\n<li>Dilution, test reflex et redosage automatique<\/li>\n<\/ul>\n","protected":false},"excerpt":{"rendered":"<p>Le syst\u00e8me ADVIA Centaur\u00ae XPT allie des solutions de flux de travail innovantes \u00e0 l\u2019excellence clinique pour accro\u00eetre la productivit\u00e9 des laboratoires. Chimiluminescence directe avec la technologie Esters d\u2019acridinium Cadence de 240 tests\/heure Premier r\u00e9sultat en 18 minutes Contr\u00f4le d&#8217;int\u00e9grit\u00e9 des prises d&#8217;essai \u00e9chantillon (d\u00e9tection de caillot et de bulles) Embouts \u00e9chantillons \u00e0 usage unique (absence de contamination) Chargement jusqu\u2019\u00e0 180 \u00e9chantillons Compartiment r\u00e9frig\u00e9r\u00e9 de 30 positions pour r\u00e9actifs primaires Cartouches de r\u00e9actifs pr\u00eates \u00e0 l\u2019emploi Acc\u00e8s en continu en cours d&#8217;analyse Entr\u00e9e d\u00e9di\u00e9e aux urgences Chargement et d\u00e9chargement en continu des \u00e9chantillons Portoir universel pour tout type de tubes primaires Dilution, test reflex et redosage automatique<\/p>\n","protected":false},"featured_media":7527,"template":"","meta":{"_eb_attr":"","_monsterinsights_skip_tracking":false,"_monsterinsights_sitenote_active":false,"_monsterinsights_sitenote_note":"","_monsterinsights_sitenote_category":0},"class_list":["post-7524","product","type-product","status-publish","has-post-thumbnail","hentry","product_brand-siemens-healthineers-en","product_cat-immunoanalysis-laboratory","product_cat-laboratory"],"aioseo_notices":[],"_links":{"self":[{"href":"https:\/\/esttmco.com\/en\/wp-json\/wp\/v2\/product\/7524","targetHints":{"allow":["GET"]}}],"collection":[{"href":"https:\/\/esttmco.com\/en\/wp-json\/wp\/v2\/product"}],"about":[{"href":"https:\/\/esttmco.com\/en\/wp-json\/wp\/v2\/types\/product"}],"version-history":[{"count":2,"href":"https:\/\/esttmco.com\/en\/wp-json\/wp\/v2\/product\/7524\/revisions"}],"predecessor-version":[{"id":7530,"href":"https:\/\/esttmco.com\/en\/wp-json\/wp\/v2\/product\/7524\/revisions\/7530"}],"wp:featuredmedia":[{"embeddable":true,"href":"https:\/\/esttmco.com\/en\/wp-json\/wp\/v2\/media\/7527"}],"wp:attachment":[{"href":"https:\/\/esttmco.com\/en\/wp-json\/wp\/v2\/media?parent=7524"}],"curies":[{"name":"wp","href":"https:\/\/api.w.org\/{rel}","templated":true}]}}