{"id":7521,"date":"2021-02-06T11:43:27","date_gmt":"2021-02-06T10:43:27","guid":{"rendered":"https:\/\/esttmco.com\/produit\/systeme-dimmunoanalyse-advia-centaur-cp\/"},"modified":"2021-02-06T11:43:50","modified_gmt":"2021-02-06T10:43:50","slug":"systeme-dimmunoanalyse-advia-centaur-cp","status":"publish","type":"product","link":"https:\/\/esttmco.com\/en\/produits\/laboratory\/immunoanalysis-laboratory\/systeme-dimmunoanalyse-advia-centaur-cp\/","title":{"rendered":"Syst\u00e8me d\u2019immunoanalyse ADVIA Centaur\u00ae CP"},"content":{"rendered":"<p>Le Syst\u00e8me <strong>ADVIA Centaur\u00ae CP <\/strong>Immunoassay est un automate d\u2019immunoanalyse \u00e0 cadence \u00e9lev\u00e9e adapt\u00e9 aux volumes moyens d\u2019activit\u00e9.<\/p>\n<ul>\n<li>Chimiluminescence directe avec la technologie Esters d\u2019acridinium<\/li>\n<li>Cadence de <strong>180 <\/strong>tests\/heure<\/li>\n<li>Premier r\u00e9sultat en <strong>15 <\/strong>min<\/li>\n<li>Contr\u00f4le d&#8217;int\u00e9grit\u00e9 des prises d&#8217;essai \u00e9chantillon (d\u00e9tection de caillot et de bulles)<\/li>\n<li>Embouts \u00e9chantillons \u00e0 usage unique (absence de contamination)<\/li>\n<li>Chargement jusqu\u2019\u00e0 84 \u00e9chantillons<\/li>\n<li>Compartiment r\u00e9frig\u00e9r\u00e9 de 15 positions pour r\u00e9actifs primaires<\/li>\n<li>Cartouches des r\u00e9actifs pr\u00eates \u00e0 l\u2019emploi<\/li>\n<li>Chargement continu des \u00e9chantillons, des r\u00e9actifs et des consommables sans arr\u00eat du syst\u00e8me<\/li>\n<li>Portoir universel pour tout type de tubes primaires<\/li>\n<li>Dilution, test reflexe et redosage automatique<\/li>\n<li>Prise en charge des \u00e9chantillons urgents et hi\u00e9rarchisation des tests pour les \u00e9chantillons de routine<\/li>\n<\/ul>\n","protected":false},"excerpt":{"rendered":"<p>Le Syst\u00e8me ADVIA Centaur\u00ae CP Immunoassay est un automate d\u2019immunoanalyse \u00e0 cadence \u00e9lev\u00e9e adapt\u00e9 aux volumes moyens d\u2019activit\u00e9. Chimiluminescence directe avec la technologie Esters d\u2019acridinium Cadence de 180 tests\/heure Premier r\u00e9sultat en 15 min Contr\u00f4le d&#8217;int\u00e9grit\u00e9 des prises d&#8217;essai \u00e9chantillon (d\u00e9tection de caillot et de bulles) Embouts \u00e9chantillons \u00e0 usage unique (absence de contamination) Chargement jusqu\u2019\u00e0 84 \u00e9chantillons Compartiment r\u00e9frig\u00e9r\u00e9 de 15 positions pour r\u00e9actifs primaires Cartouches des r\u00e9actifs pr\u00eates \u00e0 l\u2019emploi Chargement continu des \u00e9chantillons, des r\u00e9actifs et des consommables sans arr\u00eat du syst\u00e8me Portoir universel pour tout type de tubes primaires Dilution, test reflexe et redosage automatique Prise en charge des \u00e9chantillons urgents et hi\u00e9rarchisation des tests pour les \u00e9chantillons de routine<\/p>\n","protected":false},"featured_media":7519,"template":"","meta":{"_eb_attr":"","_monsterinsights_skip_tracking":false,"_monsterinsights_sitenote_active":false,"_monsterinsights_sitenote_note":"","_monsterinsights_sitenote_category":0},"class_list":["post-7521","product","type-product","status-publish","has-post-thumbnail","hentry","product_brand-siemens-healthineers-en","product_cat-immunoanalysis-laboratory","product_cat-laboratory"],"aioseo_notices":[],"_links":{"self":[{"href":"https:\/\/esttmco.com\/en\/wp-json\/wp\/v2\/product\/7521","targetHints":{"allow":["GET"]}}],"collection":[{"href":"https:\/\/esttmco.com\/en\/wp-json\/wp\/v2\/product"}],"about":[{"href":"https:\/\/esttmco.com\/en\/wp-json\/wp\/v2\/types\/product"}],"version-history":[{"count":1,"href":"https:\/\/esttmco.com\/en\/wp-json\/wp\/v2\/product\/7521\/revisions"}],"predecessor-version":[{"id":7522,"href":"https:\/\/esttmco.com\/en\/wp-json\/wp\/v2\/product\/7521\/revisions\/7522"}],"wp:featuredmedia":[{"embeddable":true,"href":"https:\/\/esttmco.com\/en\/wp-json\/wp\/v2\/media\/7519"}],"wp:attachment":[{"href":"https:\/\/esttmco.com\/en\/wp-json\/wp\/v2\/media?parent=7521"}],"curies":[{"name":"wp","href":"https:\/\/api.w.org\/{rel}","templated":true}]}}