{"id":7511,"date":"2021-02-05T01:44:23","date_gmt":"2021-02-05T00:44:23","guid":{"rendered":"https:\/\/esttmco.com\/?post_type=product&#038;p=7511"},"modified":"2021-02-05T01:47:41","modified_gmt":"2021-02-05T00:47:41","slug":"cardiologie-stratus-cs-acute-care","status":"publish","type":"product","link":"https:\/\/esttmco.com\/en\/produits\/laboratory\/delocalized-biology\/cardiologie-stratus-cs-acute-care\/","title":{"rendered":"Cardiologie : Stratus\u00ae CS Acute Care"},"content":{"rendered":"<p>L\u2019analyseur <strong>Stratus\u00ae CS Acute Care <\/strong>est con\u00e7u pour les soins d\u2019urgence, d\u00e9livre des r\u00e9sultats cardiaques quantitatifs pour l\u2019\u00e9valuation rapide et pr\u00e9cise des patients pr\u00e9sentant une suspicion d\u2019isch\u00e9mie myocardique. Son efficacit\u00e9 et sa facilit\u00e9 d\u2019utilisation r\u00e9pondent aux besoins des tests d\u00e9localis\u00e9s et des laboratoires.<\/p>\n<ul>\n<li>Facile \u00e0 utiliser et adapt\u00e9 \u00e0 tous les niveaux de comp\u00e9tence des utilisateurs<\/li>\n<li>Menu de 6 param\u00e8tres pour la prise en charge des douleurs thoraciques<\/li>\n<li>R\u00e9sultats disponibles en seulement 14 minutes<\/li>\n<li>Dans les unit\u00e9s de soins d\u2019urgence, le syst\u00e8me permet de r\u00e9duire le d\u00e9lai d\u2019obtention des r\u00e9sultats et la dur\u00e9e de s\u00e9jour des patients<\/li>\n<\/ul>\n","protected":false},"excerpt":{"rendered":"<p>L\u2019analyseur Stratus\u00ae CS Acute Care est con\u00e7u pour les soins d\u2019urgence, d\u00e9livre des r\u00e9sultats cardiaques quantitatifs pour l\u2019\u00e9valuation rapide et pr\u00e9cise des patients pr\u00e9sentant une suspicion d\u2019isch\u00e9mie myocardique. Son efficacit\u00e9 et sa facilit\u00e9 d\u2019utilisation r\u00e9pondent aux besoins des tests d\u00e9localis\u00e9s et des laboratoires. Facile \u00e0 utiliser et adapt\u00e9 \u00e0 tous les niveaux de comp\u00e9tence des utilisateurs Menu de 6 param\u00e8tres pour la prise en charge des douleurs thoraciques R\u00e9sultats disponibles en seulement 14 minutes Dans les unit\u00e9s de soins d\u2019urgence, le syst\u00e8me permet de r\u00e9duire le d\u00e9lai d\u2019obtention des r\u00e9sultats et la dur\u00e9e de s\u00e9jour des patients<\/p>\n","protected":false},"featured_media":7513,"template":"","meta":{"_eb_attr":"","_monsterinsights_skip_tracking":false,"_monsterinsights_sitenote_active":false,"_monsterinsights_sitenote_note":"","_monsterinsights_sitenote_category":0},"class_list":["post-7511","product","type-product","status-publish","has-post-thumbnail","hentry","product_brand-siemens-healthineers-en","product_cat-delocalized-biology","product_cat-laboratory"],"aioseo_notices":[],"_links":{"self":[{"href":"https:\/\/esttmco.com\/en\/wp-json\/wp\/v2\/product\/7511","targetHints":{"allow":["GET"]}}],"collection":[{"href":"https:\/\/esttmco.com\/en\/wp-json\/wp\/v2\/product"}],"about":[{"href":"https:\/\/esttmco.com\/en\/wp-json\/wp\/v2\/types\/product"}],"version-history":[{"count":1,"href":"https:\/\/esttmco.com\/en\/wp-json\/wp\/v2\/product\/7511\/revisions"}],"predecessor-version":[{"id":7515,"href":"https:\/\/esttmco.com\/en\/wp-json\/wp\/v2\/product\/7511\/revisions\/7515"}],"wp:featuredmedia":[{"embeddable":true,"href":"https:\/\/esttmco.com\/en\/wp-json\/wp\/v2\/media\/7513"}],"wp:attachment":[{"href":"https:\/\/esttmco.com\/en\/wp-json\/wp\/v2\/media?parent=7511"}],"curies":[{"name":"wp","href":"https:\/\/api.w.org\/{rel}","templated":true}]}}