{"id":7505,"date":"2021-02-05T01:34:35","date_gmt":"2021-02-05T00:34:35","guid":{"rendered":"https:\/\/esttmco.com\/?post_type=product&#038;p=7505"},"modified":"2021-02-05T01:43:29","modified_gmt":"2021-02-05T00:43:29","slug":"gaz-du-sang-systeme-portatif-handheld-epoc","status":"publish","type":"product","link":"https:\/\/esttmco.com\/en\/produits\/laboratory\/delocalized-biology\/gaz-du-sang-systeme-portatif-handheld-epoc\/","title":{"rendered":"Gaz du sang : Syst\u00e8me Portatif (Handheld) &#8211; ePOC\u00ae"},"content":{"rendered":"<p>Le syst\u00e8me <strong>epoc\u00ae <\/strong>est une solution portative et sans fil utilis\u00e9e pour tester les gaz du sang, les \u00e9lectrolytes et les m\u00e9tabolites au chevet du patient, en 30 secondes environ.<\/p>\n<ul>\n<li>Compos\u00e9 d\u2019une partie analytique reposant sur la technique d\u2019\u00e9lectrochimie et d\u2019une partie informatique avec \u00e9cran tactile<\/li>\n<li>Equip\u00e9 d&#8217;un lecteur de code barre, epoc\u00ae fonctionne sur secteur ou sur<\/li>\n<\/ul>\n<p>batteries int\u00e9gr\u00e9es (10h en veille ou 50 tests d\u2019autonomie)<\/p>\n<ul>\n<li>Il ne n\u00e9cessite aucune maintenance<\/li>\n<li>Fonctionnement avec des cartes test \u00e0 usage unique stock\u00e9es \u00e0 T\u00b0 ambiante<\/li>\n<li>connectivit\u00e9 bidirectionnelle, epoc\u00ae est \u00e9quip\u00e9 des technologies wifi et bluetooth permettant l&#8217;\u00e9change des donn\u00e9es vers un logiciel de gestion de data, middleware poc, sil ou un sih<\/li>\n<li>Une seule carte permet d\u2019avoir:\n<ul>\n<li>Param\u00e8tres mesur\u00e9s : pH, pO2, pCO2, Ca++, K+, Na+, Cl-, h\u00e9matocrite, glucose, lactate, cr\u00e9atinine.<\/li>\n<li>Param\u00e8tres calcul\u00e9s : bicarbonate, CO2 total, saturation en oxyg\u00e8ne, exc\u00e8s de base, h\u00e9moglobine, trou anionique, d\u00e9bit de filtration glom\u00e9rulaire<\/li>\n<\/ul>\n<\/li>\n<\/ul>\n","protected":false},"excerpt":{"rendered":"<p>Le syst\u00e8me epoc\u00ae est une solution portative et sans fil utilis\u00e9e pour tester les gaz du sang, les \u00e9lectrolytes et les m\u00e9tabolites au chevet du patient, en 30 secondes environ. Compos\u00e9 d\u2019une partie analytique reposant sur la technique d\u2019\u00e9lectrochimie et d\u2019une partie informatique avec \u00e9cran tactile Equip\u00e9 d&#8217;un lecteur de code barre, epoc\u00ae fonctionne sur secteur ou sur batteries int\u00e9gr\u00e9es (10h en veille ou 50 tests d\u2019autonomie) Il ne n\u00e9cessite aucune maintenance Fonctionnement avec des cartes test \u00e0 usage unique stock\u00e9es \u00e0 T\u00b0 ambiante connectivit\u00e9 bidirectionnelle, epoc\u00ae est \u00e9quip\u00e9 des technologies wifi et bluetooth permettant l&#8217;\u00e9change des donn\u00e9es vers un logiciel de gestion de data, middleware poc, sil ou un sih Une seule carte permet d\u2019avoir: Param\u00e8tres mesur\u00e9s : pH, pO2, pCO2, Ca++, K+, Na+, Cl-, h\u00e9matocrite, glucose, lactate, cr\u00e9atinine. Param\u00e8tres calcul\u00e9s : bicarbonate, CO2 total, saturation en oxyg\u00e8ne, exc\u00e8s de base, h\u00e9moglobine, trou anionique, d\u00e9bit de filtration glom\u00e9rulaire<\/p>\n","protected":false},"featured_media":7507,"template":"","meta":{"_eb_attr":"","_monsterinsights_skip_tracking":false,"_monsterinsights_sitenote_active":false,"_monsterinsights_sitenote_note":"","_monsterinsights_sitenote_category":0},"class_list":["post-7505","product","type-product","status-publish","has-post-thumbnail","hentry","product_brand-siemens-healthineers-en","product_cat-delocalized-biology","product_cat-laboratory"],"aioseo_notices":[],"_links":{"self":[{"href":"https:\/\/esttmco.com\/en\/wp-json\/wp\/v2\/product\/7505","targetHints":{"allow":["GET"]}}],"collection":[{"href":"https:\/\/esttmco.com\/en\/wp-json\/wp\/v2\/product"}],"about":[{"href":"https:\/\/esttmco.com\/en\/wp-json\/wp\/v2\/types\/product"}],"version-history":[{"count":1,"href":"https:\/\/esttmco.com\/en\/wp-json\/wp\/v2\/product\/7505\/revisions"}],"predecessor-version":[{"id":7509,"href":"https:\/\/esttmco.com\/en\/wp-json\/wp\/v2\/product\/7505\/revisions\/7509"}],"wp:featuredmedia":[{"embeddable":true,"href":"https:\/\/esttmco.com\/en\/wp-json\/wp\/v2\/media\/7507"}],"wp:attachment":[{"href":"https:\/\/esttmco.com\/en\/wp-json\/wp\/v2\/media?parent=7505"}],"curies":[{"name":"wp","href":"https:\/\/api.w.org\/{rel}","templated":true}]}}