{"id":7499,"date":"2021-02-05T01:29:38","date_gmt":"2021-02-05T00:29:39","guid":{"rendered":"https:\/\/esttmco.com\/?post_type=product&#038;p=7499"},"modified":"2021-02-05T01:34:06","modified_gmt":"2021-02-05T00:34:06","slug":"gaz-du-sang-rapidpoint-500","status":"publish","type":"product","link":"https:\/\/esttmco.com\/en\/produits\/laboratory\/delocalized-biology\/gaz-du-sang-rapidpoint-500\/","title":{"rendered":"Gaz du sang : RAPIDPoint\u00ae 500"},"content":{"rendered":"<p><strong>RAPIDPoint\u00ae 500 <\/strong>est un analyseur pH\/Gaz du sang \u00e0 cartouches, de derni\u00e8re g\u00e9n\u00e9ration et sans maintenance.<\/p>\n<ul>\n<li>Syst\u00e8me fonctionnant en toute autonomie pendant 28 jours, y compris pour les contr\u00f4les de qualit\u00e9 (cartouche d\u2019AQC)<\/li>\n<li>Panel de tests complet, cartouches avec diff\u00e9rents menus\/tailles<\/li>\n<li>Associe avec RAPIDComm\u00ae, l\u2019appareil peut \u00eatre int\u00e9gralement pris en main \u00e0 distance en temps r\u00e9el<\/li>\n<li>Le RAPIDPoint\u00ae 500 est marqu\u00e9 CE pour un usage sur les liquides de dialyse et les liquides pleuraux<\/li>\n<li>Mesure d\u2019osmolalit\u00e9<\/li>\n<li>Sonde de pr\u00e9l\u00e8vement \u2018\u2019main libre\u2019\u2019 et gestion des caillots rapide et s\u00e9curis\u00e9e<\/li>\n<li>Tr\u00e8s simple d\u2019utilisation \u00e0 l\u2019aide de vid\u00e9os tutorielles embarqu\u00e9es<\/li>\n<li>Param\u00e8tres mesur\u00e9s : Gaz du sang (pH, pCO2, pO2), Electrolytes (Na+, K+, Ca++, Cl-), M\u00e9tabolites (Glucose, Lactate), CO-oxym\u00e9trie (tHb, HHb, O2Hb, sO2, COHb, MetHb) et bilirubine n\u00e9onatale totale<\/li>\n<\/ul>\n","protected":false},"excerpt":{"rendered":"<p>RAPIDPoint\u00ae 500 est un analyseur pH\/Gaz du sang \u00e0 cartouches, de derni\u00e8re g\u00e9n\u00e9ration et sans maintenance. Syst\u00e8me fonctionnant en toute autonomie pendant 28 jours, y compris pour les contr\u00f4les de qualit\u00e9 (cartouche d\u2019AQC) Panel de tests complet, cartouches avec diff\u00e9rents menus\/tailles Associe avec RAPIDComm\u00ae, l\u2019appareil peut \u00eatre int\u00e9gralement pris en main \u00e0 distance en temps r\u00e9el Le RAPIDPoint\u00ae 500 est marqu\u00e9 CE pour un usage sur les liquides de dialyse et les liquides pleuraux Mesure d\u2019osmolalit\u00e9 Sonde de pr\u00e9l\u00e8vement \u2018\u2019main libre\u2019\u2019 et gestion des caillots rapide et s\u00e9curis\u00e9e Tr\u00e8s simple d\u2019utilisation \u00e0 l\u2019aide de vid\u00e9os tutorielles embarqu\u00e9es Param\u00e8tres mesur\u00e9s : Gaz du sang (pH, pCO2, pO2), Electrolytes (Na+, K+, Ca++, Cl-), M\u00e9tabolites (Glucose, Lactate), CO-oxym\u00e9trie (tHb, HHb, O2Hb, sO2, COHb, MetHb) et bilirubine n\u00e9onatale totale<\/p>\n","protected":false},"featured_media":7501,"template":"","meta":{"_eb_attr":"","_monsterinsights_skip_tracking":false,"_monsterinsights_sitenote_active":false,"_monsterinsights_sitenote_note":"","_monsterinsights_sitenote_category":0},"class_list":["post-7499","product","type-product","status-publish","has-post-thumbnail","hentry","product_brand-siemens-healthineers-en","product_cat-delocalized-biology","product_cat-laboratory"],"aioseo_notices":[],"_links":{"self":[{"href":"https:\/\/esttmco.com\/en\/wp-json\/wp\/v2\/product\/7499","targetHints":{"allow":["GET"]}}],"collection":[{"href":"https:\/\/esttmco.com\/en\/wp-json\/wp\/v2\/product"}],"about":[{"href":"https:\/\/esttmco.com\/en\/wp-json\/wp\/v2\/types\/product"}],"version-history":[{"count":1,"href":"https:\/\/esttmco.com\/en\/wp-json\/wp\/v2\/product\/7499\/revisions"}],"predecessor-version":[{"id":7503,"href":"https:\/\/esttmco.com\/en\/wp-json\/wp\/v2\/product\/7499\/revisions\/7503"}],"wp:featuredmedia":[{"embeddable":true,"href":"https:\/\/esttmco.com\/en\/wp-json\/wp\/v2\/media\/7501"}],"wp:attachment":[{"href":"https:\/\/esttmco.com\/en\/wp-json\/wp\/v2\/media?parent=7499"}],"curies":[{"name":"wp","href":"https:\/\/api.w.org\/{rel}","templated":true}]}}