{"id":7493,"date":"2021-02-05T00:46:25","date_gmt":"2021-02-04T23:46:25","guid":{"rendered":"https:\/\/esttmco.com\/?post_type=product&#038;p=7493"},"modified":"2021-02-05T01:29:08","modified_gmt":"2021-02-05T00:29:08","slug":"gaz-du-sang-rapidlab-348ex","status":"publish","type":"product","link":"https:\/\/esttmco.com\/en\/produits\/laboratory\/delocalized-biology\/gaz-du-sang-rapidlab-348ex\/","title":{"rendered":"Gaz du sang : RAPIDLab\u00ae 348EX"},"content":{"rendered":"<p>L\u2019analyseur des gaz du sang <strong>RAPIDLab\u00ae 348EX <\/strong>est une solution \u00e9conomique adapt\u00e9e aux sites traitant des volumes r\u00e9duits d\u2019\u00e9chantillons et confront\u00e9s au besoin d\u2019obtenir des r\u00e9sultats rapides.<\/p>\n<ul>\n<li>Des r\u00e9sultats permettant la prise de d\u00e9cision en moins de 60 secondes<\/li>\n<li>Volume requis d\u2019\u00e9chantillon r\u00e9duit (50 \u00b5L\u201395 \u00b5L)<\/li>\n<li>Analyse du sang total et du liquide de dialyse<\/li>\n<li>R\u00e9sultats \u00e0 partir du sang total : pH, pCO2, pO2 Na+, K+, Ca++\/Cl- et h\u00e9matocrite<\/li>\n<li>R\u00e9sultats \u00e0 partir du liquide de dialyse : pH, pCO2, Na+, K+, Ca++, HCO3- et ctCO2<\/li>\n<li>Possibilit\u00e9 de tester\u00a0 et\u00a0\u00a0\u00a0 de\u00a0\u00a0\u00a0 rapporter\u00a0\u00a0\u00a0 uniquement\u00a0\u00a0\u00a0 les param\u00e8tres s\u00e9lectionn\u00e9s<\/li>\n<\/ul>\n","protected":false},"excerpt":{"rendered":"<p>L\u2019analyseur des gaz du sang RAPIDLab\u00ae 348EX est une solution \u00e9conomique adapt\u00e9e aux sites traitant des volumes r\u00e9duits d\u2019\u00e9chantillons et confront\u00e9s au besoin d\u2019obtenir des r\u00e9sultats rapides. Des r\u00e9sultats permettant la prise de d\u00e9cision en moins de 60 secondes Volume requis d\u2019\u00e9chantillon r\u00e9duit (50 \u00b5L\u201395 \u00b5L) Analyse du sang total et du liquide de dialyse R\u00e9sultats \u00e0 partir du sang total : pH, pCO2, pO2 Na+, K+, Ca++\/Cl- et h\u00e9matocrite R\u00e9sultats \u00e0 partir du liquide de dialyse : pH, pCO2, Na+, K+, Ca++, HCO3- et ctCO2 Possibilit\u00e9 de tester\u00a0 et\u00a0\u00a0\u00a0 de\u00a0\u00a0\u00a0 rapporter\u00a0\u00a0\u00a0 uniquement\u00a0\u00a0\u00a0 les param\u00e8tres s\u00e9lectionn\u00e9s<\/p>\n","protected":false},"featured_media":7495,"template":"","meta":{"_eb_attr":"","_monsterinsights_skip_tracking":false,"_monsterinsights_sitenote_active":false,"_monsterinsights_sitenote_note":"","_monsterinsights_sitenote_category":0},"class_list":["post-7493","product","type-product","status-publish","has-post-thumbnail","hentry","product_brand-siemens-healthineers-en","product_cat-delocalized-biology","product_cat-laboratory"],"aioseo_notices":[],"_links":{"self":[{"href":"https:\/\/esttmco.com\/en\/wp-json\/wp\/v2\/product\/7493","targetHints":{"allow":["GET"]}}],"collection":[{"href":"https:\/\/esttmco.com\/en\/wp-json\/wp\/v2\/product"}],"about":[{"href":"https:\/\/esttmco.com\/en\/wp-json\/wp\/v2\/types\/product"}],"version-history":[{"count":1,"href":"https:\/\/esttmco.com\/en\/wp-json\/wp\/v2\/product\/7493\/revisions"}],"predecessor-version":[{"id":7497,"href":"https:\/\/esttmco.com\/en\/wp-json\/wp\/v2\/product\/7493\/revisions\/7497"}],"wp:featuredmedia":[{"embeddable":true,"href":"https:\/\/esttmco.com\/en\/wp-json\/wp\/v2\/media\/7495"}],"wp:attachment":[{"href":"https:\/\/esttmco.com\/en\/wp-json\/wp\/v2\/media?parent=7493"}],"curies":[{"name":"wp","href":"https:\/\/api.w.org\/{rel}","templated":true}]}}