{"id":7485,"date":"2021-02-05T00:42:04","date_gmt":"2021-02-04T23:42:04","guid":{"rendered":"https:\/\/esttmco.com\/?post_type=product&#038;p=7485"},"modified":"2021-02-05T00:45:50","modified_gmt":"2021-02-04T23:45:50","slug":"gaz-du-sang-rapidlab-1200","status":"publish","type":"product","link":"https:\/\/esttmco.com\/en\/produits\/laboratory\/delocalized-biology\/gaz-du-sang-rapidlab-1200\/","title":{"rendered":"Gaz du sang : RAPIDLab\u00ae 1200"},"content":{"rendered":"<p>Le <strong>RAPIDLab\u00ae 1200 <\/strong>apporte une solution pour le traitement des volumes \u00e9lev\u00e9s tout en int\u00e9grant les variations de cadences pouvant survenir.<\/p>\n<ul>\n<li>Panel de tests complet adapt\u00e9 aux nombreux besoins d\u2019analyses dans le cadre de soins critiques<\/li>\n<li>Utilisation intuitive et maintenance r\u00e9duite au minimum<\/li>\n<li>Pr\u00e9cision et fiabilit\u00e9 reconnues gr\u00e2ce \u00e0 la technologie d\u2019\u00e9lectrodes longue dur\u00e9e Ready Sensor\u00ae<\/li>\n<li>Syst\u00e8me d\u2019\u00e9chantillonnage bio-s\u00e9curis\u00e9 avec syst\u00e8me de \u2018\u2019Pi\u00e8ge \u00e0 Caillots\u2019\u2019 qui permet de d\u00e9tecter et limiter les caillots<\/li>\n<li>Contr\u00f4les de qualit\u00e9 automatiques pour garantir un suivi de qualit\u00e9 renforc\u00e9<\/li>\n<li>R\u00e9sultats en 60 secondes<\/li>\n<li>Param\u00e8tres mesur\u00e9s : Gaz du sang (pH, pCO2, pO2), Electrolytes (Na+, K+, Ca++, Cl- ), M\u00e9tabolites (glucose, lactate, bilirubine n\u00e9onatale totale), CO- oxim\u00e9trie (tHb, HHb, O2Hb, sO2, COHb, MetHb)<\/li>\n<\/ul>\n","protected":false},"excerpt":{"rendered":"<p>Le RAPIDLab\u00ae 1200 apporte une solution pour le traitement des volumes \u00e9lev\u00e9s tout en int\u00e9grant les variations de cadences pouvant survenir. Panel de tests complet adapt\u00e9 aux nombreux besoins d\u2019analyses dans le cadre de soins critiques Utilisation intuitive et maintenance r\u00e9duite au minimum Pr\u00e9cision et fiabilit\u00e9 reconnues gr\u00e2ce \u00e0 la technologie d\u2019\u00e9lectrodes longue dur\u00e9e Ready Sensor\u00ae Syst\u00e8me d\u2019\u00e9chantillonnage bio-s\u00e9curis\u00e9 avec syst\u00e8me de \u2018\u2019Pi\u00e8ge \u00e0 Caillots\u2019\u2019 qui permet de d\u00e9tecter et limiter les caillots Contr\u00f4les de qualit\u00e9 automatiques pour garantir un suivi de qualit\u00e9 renforc\u00e9 R\u00e9sultats en 60 secondes Param\u00e8tres mesur\u00e9s : Gaz du sang (pH, pCO2, pO2), Electrolytes (Na+, K+, Ca++, Cl- ), M\u00e9tabolites (glucose, lactate, bilirubine n\u00e9onatale totale), CO- oxim\u00e9trie (tHb, HHb, O2Hb, sO2, COHb, MetHb)<\/p>\n","protected":false},"featured_media":7488,"template":"","meta":{"_eb_attr":"","_monsterinsights_skip_tracking":false,"_monsterinsights_sitenote_active":false,"_monsterinsights_sitenote_note":"","_monsterinsights_sitenote_category":0},"class_list":["post-7485","product","type-product","status-publish","has-post-thumbnail","hentry","product_brand-siemens-healthineers-en","product_cat-delocalized-biology","product_cat-laboratory"],"aioseo_notices":[],"_links":{"self":[{"href":"https:\/\/esttmco.com\/en\/wp-json\/wp\/v2\/product\/7485","targetHints":{"allow":["GET"]}}],"collection":[{"href":"https:\/\/esttmco.com\/en\/wp-json\/wp\/v2\/product"}],"about":[{"href":"https:\/\/esttmco.com\/en\/wp-json\/wp\/v2\/types\/product"}],"version-history":[{"count":1,"href":"https:\/\/esttmco.com\/en\/wp-json\/wp\/v2\/product\/7485\/revisions"}],"predecessor-version":[{"id":7490,"href":"https:\/\/esttmco.com\/en\/wp-json\/wp\/v2\/product\/7485\/revisions\/7490"}],"wp:featuredmedia":[{"embeddable":true,"href":"https:\/\/esttmco.com\/en\/wp-json\/wp\/v2\/media\/7488"}],"wp:attachment":[{"href":"https:\/\/esttmco.com\/en\/wp-json\/wp\/v2\/media?parent=7485"}],"curies":[{"name":"wp","href":"https:\/\/api.w.org\/{rel}","templated":true}]}}