{"id":7479,"date":"2021-02-05T00:37:55","date_gmt":"2021-02-04T23:37:55","guid":{"rendered":"https:\/\/esttmco.com\/?post_type=product&#038;p=7479"},"modified":"2021-02-05T00:40:42","modified_gmt":"2021-02-04T23:40:42","slug":"diagnostic-urinaire-atellica-1500","status":"publish","type":"product","link":"https:\/\/esttmco.com\/en\/produits\/laboratory\/delocalized-biology\/diagnostic-urinaire-atellica-1500\/","title":{"rendered":"Diagnostic urinaire : Atellica\u2122 1500"},"content":{"rendered":"<p><strong>L\u2019Atellica\u2122 1500 <\/strong>permet la d\u00e9tection simplifi\u00e9e des infections des voies urinaires et des pathologies r\u00e9nales \u00e0 un stade pr\u00e9coce.<\/p>\n<ul>\n<li>Jusqu\u2019\u00e0 240 \u00e9chantillons\/heure<\/li>\n<li>Association de la technologie de chimie urinaire bas\u00e9e sur l\u2019utilisation de bandelettes et d\u2019un dispositif de microscopie num\u00e9rique hautement performant au sein d\u2019une unique plateforme simplifi\u00e9e<\/li>\n<li>Microscopie num\u00e9rique utilisant un m\u00e9canisme \u00e0 double focale pour g\u00e9n\u00e9rer des images nettes<\/li>\n<\/ul>\n","protected":false},"excerpt":{"rendered":"<p>L\u2019Atellica\u2122 1500 permet la d\u00e9tection simplifi\u00e9e des infections des voies urinaires et des pathologies r\u00e9nales \u00e0 un stade pr\u00e9coce. Jusqu\u2019\u00e0 240 \u00e9chantillons\/heure Association de la technologie de chimie urinaire bas\u00e9e sur l\u2019utilisation de bandelettes et d\u2019un dispositif de microscopie num\u00e9rique hautement performant au sein d\u2019une unique plateforme simplifi\u00e9e Microscopie num\u00e9rique utilisant un m\u00e9canisme \u00e0 double focale pour g\u00e9n\u00e9rer des images nettes<\/p>\n","protected":false},"featured_media":7481,"template":"","meta":{"_eb_attr":"","_monsterinsights_skip_tracking":false,"_monsterinsights_sitenote_active":false,"_monsterinsights_sitenote_note":"","_monsterinsights_sitenote_category":0},"class_list":["post-7479","product","type-product","status-publish","has-post-thumbnail","hentry","product_brand-siemens-healthineers-en","product_cat-delocalized-biology","product_cat-laboratory"],"aioseo_notices":[],"_links":{"self":[{"href":"https:\/\/esttmco.com\/en\/wp-json\/wp\/v2\/product\/7479","targetHints":{"allow":["GET"]}}],"collection":[{"href":"https:\/\/esttmco.com\/en\/wp-json\/wp\/v2\/product"}],"about":[{"href":"https:\/\/esttmco.com\/en\/wp-json\/wp\/v2\/types\/product"}],"version-history":[{"count":1,"href":"https:\/\/esttmco.com\/en\/wp-json\/wp\/v2\/product\/7479\/revisions"}],"predecessor-version":[{"id":7483,"href":"https:\/\/esttmco.com\/en\/wp-json\/wp\/v2\/product\/7479\/revisions\/7483"}],"wp:featuredmedia":[{"embeddable":true,"href":"https:\/\/esttmco.com\/en\/wp-json\/wp\/v2\/media\/7481"}],"wp:attachment":[{"href":"https:\/\/esttmco.com\/en\/wp-json\/wp\/v2\/media?parent=7479"}],"curies":[{"name":"wp","href":"https:\/\/api.w.org\/{rel}","templated":true}]}}