{"id":7473,"date":"2021-02-05T00:32:38","date_gmt":"2021-02-04T23:32:38","guid":{"rendered":"https:\/\/esttmco.com\/?post_type=product&#038;p=7473"},"modified":"2021-02-05T00:35:26","modified_gmt":"2021-02-04T23:35:26","slug":"diagnostic-urinaire-clinitek-novus","status":"publish","type":"product","link":"https:\/\/esttmco.com\/en\/produits\/laboratory\/delocalized-biology\/diagnostic-urinaire-clinitek-novus\/","title":{"rendered":"Diagnostic urinaire : CLINITEK Novus\u00ae"},"content":{"rendered":"<p>Le <strong>CLINITEK Novus\u00ae <\/strong>associe la technologie de bandelettes et un format de cassettes simples \u00e0 utiliser pour une productivit\u00e9 am\u00e9lior\u00e9e.<\/p>\n<ul>\n<li>240 \u00e9chantillons\/heure<\/li>\n<li>Cassettes uniques et pr\u00eates \u00e0 l\u2019emploi<\/li>\n<li>Contr\u00f4le de surexposition des bandelettes \u00e0 l\u2019humidit\u00e9<\/li>\n<li>Ecran couleur tactile et inclinable, avec un menu intuitif et personnalisable<\/li>\n<li>Chargement pouvant atteindre 200 \u00e9chantillons avec des volumes et des tubes de tailles diff\u00e9rentes<\/li>\n<li>Tra\u00e7abilit\u00e9 renforc\u00e9e et erreurs r\u00e9duites avec la saisie automatique des num\u00e9ros de lot et des dates d\u2019expiration via le lecteur de codes \u00e0 barres embarqu\u00e9<\/li>\n<li>Large panel de tests pour les analyses urinaires de routine et la d\u00e9tection pr\u00e9coce des pathologies r\u00e9nales<\/li>\n<\/ul>\n","protected":false},"excerpt":{"rendered":"<p>Le CLINITEK Novus\u00ae associe la technologie de bandelettes et un format de cassettes simples \u00e0 utiliser pour une productivit\u00e9 am\u00e9lior\u00e9e. 240 \u00e9chantillons\/heure Cassettes uniques et pr\u00eates \u00e0 l\u2019emploi Contr\u00f4le de surexposition des bandelettes \u00e0 l\u2019humidit\u00e9 Ecran couleur tactile et inclinable, avec un menu intuitif et personnalisable Chargement pouvant atteindre 200 \u00e9chantillons avec des volumes et des tubes de tailles diff\u00e9rentes Tra\u00e7abilit\u00e9 renforc\u00e9e et erreurs r\u00e9duites avec la saisie automatique des num\u00e9ros de lot et des dates d\u2019expiration via le lecteur de codes \u00e0 barres embarqu\u00e9 Large panel de tests pour les analyses urinaires de routine et la d\u00e9tection pr\u00e9coce des pathologies r\u00e9nales<\/p>\n","protected":false},"featured_media":7475,"template":"","meta":{"_eb_attr":"","_monsterinsights_skip_tracking":false,"_monsterinsights_sitenote_active":false,"_monsterinsights_sitenote_note":"","_monsterinsights_sitenote_category":0},"class_list":["post-7473","product","type-product","status-publish","has-post-thumbnail","hentry","product_brand-siemens-healthineers-en","product_cat-delocalized-biology","product_cat-laboratory"],"aioseo_notices":[],"_links":{"self":[{"href":"https:\/\/esttmco.com\/en\/wp-json\/wp\/v2\/product\/7473","targetHints":{"allow":["GET"]}}],"collection":[{"href":"https:\/\/esttmco.com\/en\/wp-json\/wp\/v2\/product"}],"about":[{"href":"https:\/\/esttmco.com\/en\/wp-json\/wp\/v2\/types\/product"}],"version-history":[{"count":1,"href":"https:\/\/esttmco.com\/en\/wp-json\/wp\/v2\/product\/7473\/revisions"}],"predecessor-version":[{"id":7477,"href":"https:\/\/esttmco.com\/en\/wp-json\/wp\/v2\/product\/7473\/revisions\/7477"}],"wp:featuredmedia":[{"embeddable":true,"href":"https:\/\/esttmco.com\/en\/wp-json\/wp\/v2\/media\/7475"}],"wp:attachment":[{"href":"https:\/\/esttmco.com\/en\/wp-json\/wp\/v2\/media?parent=7473"}],"curies":[{"name":"wp","href":"https:\/\/api.w.org\/{rel}","templated":true}]}}