{"id":7466,"date":"2021-02-05T00:29:18","date_gmt":"2021-02-04T23:29:18","guid":{"rendered":"https:\/\/esttmco.com\/?post_type=product&#038;p=7466"},"modified":"2021-02-05T00:32:16","modified_gmt":"2021-02-04T23:32:16","slug":"diagnostic-urinaire-clinitek-advantus-connect","status":"publish","type":"product","link":"https:\/\/esttmco.com\/en\/produits\/laboratory\/delocalized-biology\/diagnostic-urinaire-clinitek-advantus-connect\/","title":{"rendered":"Diagnostic urinaire : CLINITEK Advantus\u00ae Connect"},"content":{"rendered":"<p>Le <strong>CLINITEK Advantus\u00ae <\/strong>offre une productivit\u00e9 adaptable aux besoins de l&#8217;ensemble des professionnels de sant\u00e9, avec une cadence pouvant atteindre 500 bandelettes urinaires par heure.<\/p>\n<ul>\n<li>Permet de simplifier le flux de travail gr\u00e2ce \u00e0 sa flexibilit\u00e9, son d\u00e9marrage imm\u00e9diat, son \u00e9talonnage automatique et sa connectivit\u00e9 int\u00e9gr\u00e9e<\/li>\n<li>Cadence de 7 secondes\/\u00e9chantillon; jusqu\u2019\u00e0 500 \u00e9chantillons trait\u00e9s\/heure<\/li>\n<li>Contr\u00f4le de surexposition des bandelettes \u00e0 l\u2019humidit\u00e9<\/li>\n<li>Identification de type de bandelettes utilis\u00e9es<\/li>\n<li>Basculement simple et rapide entre les types de bandelettes urinaires \u00e0 l\u2019aide d\u2019une seule touche pour des r\u00e9sultats adapt\u00e9s<\/li>\n<li>Message d\u2019alerte et verrouillage des tests en cas de non-ex\u00e9cution de contr\u00f4le pour un suivi renforc\u00e9 de la qualit\u00e9<\/li>\n<\/ul>\n","protected":false},"excerpt":{"rendered":"<p>Le CLINITEK Advantus\u00ae offre une productivit\u00e9 adaptable aux besoins de l&#8217;ensemble des professionnels de sant\u00e9, avec une cadence pouvant atteindre 500 bandelettes urinaires par heure. Permet de simplifier le flux de travail gr\u00e2ce \u00e0 sa flexibilit\u00e9, son d\u00e9marrage imm\u00e9diat, son \u00e9talonnage automatique et sa connectivit\u00e9 int\u00e9gr\u00e9e Cadence de 7 secondes\/\u00e9chantillon; jusqu\u2019\u00e0 500 \u00e9chantillons trait\u00e9s\/heure Contr\u00f4le de surexposition des bandelettes \u00e0 l\u2019humidit\u00e9 Identification de type de bandelettes utilis\u00e9es Basculement simple et rapide entre les types de bandelettes urinaires \u00e0 l\u2019aide d\u2019une seule touche pour des r\u00e9sultats adapt\u00e9s Message d\u2019alerte et verrouillage des tests en cas de non-ex\u00e9cution de contr\u00f4le pour un suivi renforc\u00e9 de la qualit\u00e9<\/p>\n","protected":false},"featured_media":7468,"template":"","meta":{"_eb_attr":"","_monsterinsights_skip_tracking":false,"_monsterinsights_sitenote_active":false,"_monsterinsights_sitenote_note":"","_monsterinsights_sitenote_category":0},"class_list":["post-7466","product","type-product","status-publish","has-post-thumbnail","hentry","product_brand-siemens-healthineers-en","product_cat-delocalized-biology","product_cat-laboratory"],"aioseo_notices":[],"_links":{"self":[{"href":"https:\/\/esttmco.com\/en\/wp-json\/wp\/v2\/product\/7466","targetHints":{"allow":["GET"]}}],"collection":[{"href":"https:\/\/esttmco.com\/en\/wp-json\/wp\/v2\/product"}],"about":[{"href":"https:\/\/esttmco.com\/en\/wp-json\/wp\/v2\/types\/product"}],"version-history":[{"count":1,"href":"https:\/\/esttmco.com\/en\/wp-json\/wp\/v2\/product\/7466\/revisions"}],"predecessor-version":[{"id":7471,"href":"https:\/\/esttmco.com\/en\/wp-json\/wp\/v2\/product\/7466\/revisions\/7471"}],"wp:featuredmedia":[{"embeddable":true,"href":"https:\/\/esttmco.com\/en\/wp-json\/wp\/v2\/media\/7468"}],"wp:attachment":[{"href":"https:\/\/esttmco.com\/en\/wp-json\/wp\/v2\/media?parent=7466"}],"curies":[{"name":"wp","href":"https:\/\/api.w.org\/{rel}","templated":true}]}}