{"id":7459,"date":"2021-02-05T00:26:08","date_gmt":"2021-02-04T23:26:08","guid":{"rendered":"https:\/\/esttmco.com\/?post_type=product&#038;p=7459"},"modified":"2021-02-05T00:28:55","modified_gmt":"2021-02-04T23:28:55","slug":"diagnostic-urinaire-clinitek-status-connect","status":"publish","type":"product","link":"https:\/\/esttmco.com\/en\/produits\/laboratory\/delocalized-biology\/diagnostic-urinaire-clinitek-status-connect\/","title":{"rendered":"Diagnostic urinaire : CLINITEK Status\u00ae Connect"},"content":{"rendered":"<p>Le <strong>CLINITEK Status\u00ae Connect <\/strong>simplifie la connectivit\u00e9 et permet d\u2019am\u00e9liorer la gestion de la qualit\u00e9 des tests de diagnostic urinaire.<\/p>\n<ul>\n<li>Connexion aux SIL\/SIH, DME (dossiers m\u00e9dicaux \u00e9lectroniques) ou autres solutions middleware<\/li>\n<li>Connexion via wifi, Ethernet ou en s\u00e9rie<\/li>\n<li>Compatible avec les protocoles HL7 et POCT1-A2<\/li>\n<li>Connexion \u00e0 la solution de connexion et de gestion de la biologie d\u00e9localis\u00e9e RAPIDComm\/POCcelerator :<\/li>\n<li>Contr\u00f4le op\u00e9rationnel avanc\u00e9<\/li>\n<li>Contr\u00f4le qualit\u00e9 renforc\u00e9<\/li>\n<\/ul>\n","protected":false},"excerpt":{"rendered":"<p>Le CLINITEK Status\u00ae Connect simplifie la connectivit\u00e9 et permet d\u2019am\u00e9liorer la gestion de la qualit\u00e9 des tests de diagnostic urinaire. Connexion aux SIL\/SIH, DME (dossiers m\u00e9dicaux \u00e9lectroniques) ou autres solutions middleware Connexion via wifi, Ethernet ou en s\u00e9rie Compatible avec les protocoles HL7 et POCT1-A2 Connexion \u00e0 la solution de connexion et de gestion de la biologie d\u00e9localis\u00e9e RAPIDComm\/POCcelerator : Contr\u00f4le op\u00e9rationnel avanc\u00e9 Contr\u00f4le qualit\u00e9 renforc\u00e9<\/p>\n","protected":false},"featured_media":7461,"template":"","meta":{"_eb_attr":"","_monsterinsights_skip_tracking":false,"_monsterinsights_sitenote_active":false,"_monsterinsights_sitenote_note":"","_monsterinsights_sitenote_category":0},"class_list":["post-7459","product","type-product","status-publish","has-post-thumbnail","hentry","product_brand-siemens-healthineers-en","product_cat-delocalized-biology","product_cat-laboratory"],"aioseo_notices":[],"_links":{"self":[{"href":"https:\/\/esttmco.com\/en\/wp-json\/wp\/v2\/product\/7459","targetHints":{"allow":["GET"]}}],"collection":[{"href":"https:\/\/esttmco.com\/en\/wp-json\/wp\/v2\/product"}],"about":[{"href":"https:\/\/esttmco.com\/en\/wp-json\/wp\/v2\/types\/product"}],"version-history":[{"count":1,"href":"https:\/\/esttmco.com\/en\/wp-json\/wp\/v2\/product\/7459\/revisions"}],"predecessor-version":[{"id":7463,"href":"https:\/\/esttmco.com\/en\/wp-json\/wp\/v2\/product\/7459\/revisions\/7463"}],"wp:featuredmedia":[{"embeddable":true,"href":"https:\/\/esttmco.com\/en\/wp-json\/wp\/v2\/media\/7461"}],"wp:attachment":[{"href":"https:\/\/esttmco.com\/en\/wp-json\/wp\/v2\/media?parent=7459"}],"curies":[{"name":"wp","href":"https:\/\/api.w.org\/{rel}","templated":true}]}}