{"id":7457,"date":"2021-02-05T00:25:15","date_gmt":"2021-02-04T23:25:15","guid":{"rendered":"https:\/\/esttmco.com\/produit\/diagnostic-urinaire-clinitek-status\/"},"modified":"2021-02-05T00:25:15","modified_gmt":"2021-02-04T23:25:15","slug":"diagnostic-urinaire-clinitek-status","status":"publish","type":"product","link":"https:\/\/esttmco.com\/en\/produits\/laboratory\/delocalized-biology\/diagnostic-urinaire-clinitek-status\/","title":{"rendered":"Diagnostic urinaire : CLINITEK Status\u00ae+"},"content":{"rendered":"<p>Le <strong>CLINITEK Status\u00ae+ <\/strong>est un lecteur automatique con\u00e7u uniquement pour la lecture des bandelettes et cassettes urinaires.<\/p>\n<ul>\n<li>Syst\u00e8me portable fonctionnant sur secteur ou piles avec imprimante int\u00e9gr\u00e9e<\/li>\n<li>Reconnaissance et param\u00e9trage automatiques des bandelette et des cassettes<\/li>\n<li>R\u00e9sultats s\u00e9curis\u00e9s gr\u00e2ce aux contr\u00f4les automatiques (Auto-Checks) r\u00e9alis\u00e9s pour chaque test<\/li>\n<li>Contr\u00f4le de surexposition des bandelettes \u00e0 l\u2019humidit\u00e9<\/li>\n<li>Large panel de param\u00e8tres pour les tests urinaires de routine, le d\u00e9pistage des affections r\u00e9nales et la recherche d\u2019hCG<\/li>\n<li>Adapt\u00e9 aux besoins de connectivit\u00e9<\/li>\n<\/ul>\n","protected":false},"excerpt":{"rendered":"<p>Le CLINITEK Status\u00ae+ est un lecteur automatique con\u00e7u uniquement pour la lecture des bandelettes et cassettes urinaires. Syst\u00e8me portable fonctionnant sur secteur ou piles avec imprimante int\u00e9gr\u00e9e Reconnaissance et param\u00e9trage automatiques des bandelette et des cassettes R\u00e9sultats s\u00e9curis\u00e9s gr\u00e2ce aux contr\u00f4les automatiques (Auto-Checks) r\u00e9alis\u00e9s pour chaque test Contr\u00f4le de surexposition des bandelettes \u00e0 l\u2019humidit\u00e9 Large panel de param\u00e8tres pour les tests urinaires de routine, le d\u00e9pistage des affections r\u00e9nales et la recherche d\u2019hCG Adapt\u00e9 aux besoins de connectivit\u00e9<\/p>\n","protected":false},"featured_media":7455,"template":"","meta":{"_eb_attr":"","_monsterinsights_skip_tracking":false,"_monsterinsights_sitenote_active":false,"_monsterinsights_sitenote_note":"","_monsterinsights_sitenote_category":0},"class_list":["post-7457","product","type-product","status-publish","has-post-thumbnail","hentry","product_brand-siemens-healthineers-en","product_cat-delocalized-biology","product_cat-laboratory"],"aioseo_notices":[],"_links":{"self":[{"href":"https:\/\/esttmco.com\/en\/wp-json\/wp\/v2\/product\/7457","targetHints":{"allow":["GET"]}}],"collection":[{"href":"https:\/\/esttmco.com\/en\/wp-json\/wp\/v2\/product"}],"about":[{"href":"https:\/\/esttmco.com\/en\/wp-json\/wp\/v2\/types\/product"}],"version-history":[{"count":0,"href":"https:\/\/esttmco.com\/en\/wp-json\/wp\/v2\/product\/7457\/revisions"}],"wp:featuredmedia":[{"embeddable":true,"href":"https:\/\/esttmco.com\/en\/wp-json\/wp\/v2\/media\/7455"}],"wp:attachment":[{"href":"https:\/\/esttmco.com\/en\/wp-json\/wp\/v2\/media?parent=7457"}],"curies":[{"name":"wp","href":"https:\/\/api.w.org\/{rel}","templated":true}]}}