{"id":7444,"date":"2021-02-05T00:10:45","date_gmt":"2021-02-04T23:10:45","guid":{"rendered":"https:\/\/esttmco.com\/produit\/systeme-viva-proe\/"},"modified":"2021-02-05T00:10:45","modified_gmt":"2021-02-04T23:10:45","slug":"systeme-viva-proe","status":"publish","type":"product","link":"https:\/\/esttmco.com\/en\/produits\/laboratory\/drug-and-medication-detection\/systeme-viva-proe\/","title":{"rendered":"Syst\u00e8me Viva-ProE\u00ae"},"content":{"rendered":"<p>Le syst\u00e8me <strong>Viva-ProE\u00ae <\/strong>est un analyseur multiparam\u00e9trique totalement automatis\u00e9 pour le dosage des m\u00e9dicaments, le d\u00e9pistage de drogues urinaires, la toxicologie s\u00e9rique et les tests d\u2019adult\u00e9ration des urines.<\/p>\n<ul>\n<li>Stabilit\u00e9 \u00e9lev\u00e9e des r\u00e9actifs et haute performance gr\u00e2ce au refroidissement par effet Peltier<\/li>\n<li>Tests approuv\u00e9s Syva\u00ae EMIT\u00ae, r\u00e9pondant \u00e0 la perfection aux exigences des analyses pharmaco-toxicologiques<\/li>\n<li>R\u00e9actifs pr\u00eats \u00e0 l\u2019emploi<\/li>\n<li>Chargement en continu des \u00e9chantillons<\/li>\n<li>Jusqu\u2019\u00e0 133 tests EMIT\u00ae par heure<\/li>\n<li>10 canaux ouverts<\/li>\n<li>Ecran de commande tactile avec logiciel de gestion de flux de travail intuitif<\/li>\n<li>Syst\u00e8me de gestion de r\u00e9actifs int\u00e9gr\u00e9, guidage de l\u2019op\u00e9rateur et d\u00e9pannage<\/li>\n<li>Maintenance simplifi\u00e9e<\/li>\n<\/ul>\n","protected":false},"excerpt":{"rendered":"<p>Le syst\u00e8me Viva-ProE\u00ae est un analyseur multiparam\u00e9trique totalement automatis\u00e9 pour le dosage des m\u00e9dicaments, le d\u00e9pistage de drogues urinaires, la toxicologie s\u00e9rique et les tests d\u2019adult\u00e9ration des urines. Stabilit\u00e9 \u00e9lev\u00e9e des r\u00e9actifs et haute performance gr\u00e2ce au refroidissement par effet Peltier Tests approuv\u00e9s Syva\u00ae EMIT\u00ae, r\u00e9pondant \u00e0 la perfection aux exigences des analyses pharmaco-toxicologiques R\u00e9actifs pr\u00eats \u00e0 l\u2019emploi Chargement en continu des \u00e9chantillons Jusqu\u2019\u00e0 133 tests EMIT\u00ae par heure 10 canaux ouverts Ecran de commande tactile avec logiciel de gestion de flux de travail intuitif Syst\u00e8me de gestion de r\u00e9actifs int\u00e9gr\u00e9, guidage de l\u2019op\u00e9rateur et d\u00e9pannage Maintenance simplifi\u00e9e<\/p>\n","protected":false},"featured_media":7442,"template":"","meta":{"_eb_attr":"","_monsterinsights_skip_tracking":false,"_monsterinsights_sitenote_active":false,"_monsterinsights_sitenote_note":"","_monsterinsights_sitenote_category":0},"class_list":["post-7444","product","type-product","status-publish","has-post-thumbnail","hentry","product_brand-siemens-healthineers-en","product_cat-drug-and-medication-detection","product_cat-laboratory"],"aioseo_notices":[],"_links":{"self":[{"href":"https:\/\/esttmco.com\/en\/wp-json\/wp\/v2\/product\/7444","targetHints":{"allow":["GET"]}}],"collection":[{"href":"https:\/\/esttmco.com\/en\/wp-json\/wp\/v2\/product"}],"about":[{"href":"https:\/\/esttmco.com\/en\/wp-json\/wp\/v2\/types\/product"}],"version-history":[{"count":0,"href":"https:\/\/esttmco.com\/en\/wp-json\/wp\/v2\/product\/7444\/revisions"}],"wp:featuredmedia":[{"embeddable":true,"href":"https:\/\/esttmco.com\/en\/wp-json\/wp\/v2\/media\/7442"}],"wp:attachment":[{"href":"https:\/\/esttmco.com\/en\/wp-json\/wp\/v2\/media?parent=7444"}],"curies":[{"name":"wp","href":"https:\/\/api.w.org\/{rel}","templated":true}]}}