{"id":7438,"date":"2021-02-04T23:59:10","date_gmt":"2021-02-04T22:59:10","guid":{"rendered":"https:\/\/esttmco.com\/produit\/systeme-de-chimie-integree-dimension-exl-lm\/"},"modified":"2021-02-04T23:59:10","modified_gmt":"2021-02-04T22:59:10","slug":"systeme-de-chimie-integree-dimension-exl-lm","status":"publish","type":"product","link":"https:\/\/esttmco.com\/en\/produits\/laboratory\/integrated-chemistry\/systeme-de-chimie-integree-dimension-exl-lm\/","title":{"rendered":"Syst\u00e8me de chimie int\u00e9gr\u00e9e Dimension\u00ae EXL\u2122 LM"},"content":{"rendered":"<p>Le <strong>Dimension\u00ae EXL\u2122 LM <\/strong>est un module RMS int\u00e9gr\u00e9 qui permet le traitement simultan\u00e9 des analyses de chimie et d\u2019immunoanalyse pour une am\u00e9lioration du flux de travail du laboratoire.<\/p>\n<ul>\n<li>Module permettant la r\u00e9alisation en phase h\u00e9t\u00e9rog\u00e8ne des dosages immuno-enzymatiques d\u2019urgence et de grande routine<\/li>\n<li>Cadence analytique jusqu\u2019\u00e0 624 tests\/heure selon le panel d\u2019analyses<\/li>\n<li>91 m\u00e9thodologies en ligne (dont 3 \u00e9lectrolytes) en position r\u00e9frig\u00e9r\u00e9e<\/li>\n<li>Capacit\u00e9 en \u00e9chantillons\u00a0\u00a0\u00a0\u00a0\u00a0\u00a0\u00a0\u00a0\u00a0\u00a0\u00a0 primaires\u00a0\u00a0\u00a0 :\u00a0\u00a0 6\u00a0\u00a0\u00a0 segments\u00a0\u00a0\u00a0 de\u00a0\u00a0\u00a0 10 positions, chargement en continu<\/li>\n<li>R\u00e9actifs Flex\u00ae compartiment\u00e9s et pr\u00eats \u00e0 l\u2019emploi<\/li>\n<li>Un seul type de R\u00e9actifs Flex\u00ae pour la chimie et les immuno-dosages<\/li>\n<li>Module LOCI\u00ae int\u00e9gr\u00e9<\/li>\n<li>R\u00e9alisation de tests d\u2019immunoanalyse en phase homog\u00e8ne<\/li>\n<li>Faibles prises\u00a0\u00a0\u00a0\u00a0 d\u2019essai,\u00a0\u00a0\u00a0\u00a0 temps\u00a0\u00a0\u00a0\u00a0 d\u2019analyses\u00a0\u00a0\u00a0\u00a0 raccourcis, performances analytiques<\/li>\n<\/ul>\n","protected":false},"excerpt":{"rendered":"<p>Le Dimension\u00ae EXL\u2122 LM est un module RMS int\u00e9gr\u00e9 qui permet le traitement simultan\u00e9 des analyses de chimie et d\u2019immunoanalyse pour une am\u00e9lioration du flux de travail du laboratoire. Module permettant la r\u00e9alisation en phase h\u00e9t\u00e9rog\u00e8ne des dosages immuno-enzymatiques d\u2019urgence et de grande routine Cadence analytique jusqu\u2019\u00e0 624 tests\/heure selon le panel d\u2019analyses 91 m\u00e9thodologies en ligne (dont 3 \u00e9lectrolytes) en position r\u00e9frig\u00e9r\u00e9e Capacit\u00e9 en \u00e9chantillons\u00a0\u00a0\u00a0\u00a0\u00a0\u00a0\u00a0\u00a0\u00a0\u00a0\u00a0 primaires\u00a0\u00a0\u00a0 :\u00a0\u00a0 6\u00a0\u00a0\u00a0 segments\u00a0\u00a0\u00a0 de\u00a0\u00a0\u00a0 10 positions, chargement en continu R\u00e9actifs Flex\u00ae compartiment\u00e9s et pr\u00eats \u00e0 l\u2019emploi Un seul type de R\u00e9actifs Flex\u00ae pour la chimie et les immuno-dosages Module LOCI\u00ae int\u00e9gr\u00e9 R\u00e9alisation de tests d\u2019immunoanalyse en phase homog\u00e8ne Faibles prises\u00a0\u00a0\u00a0\u00a0 d\u2019essai,\u00a0\u00a0\u00a0\u00a0 temps\u00a0\u00a0\u00a0\u00a0 d\u2019analyses\u00a0\u00a0\u00a0\u00a0 raccourcis, performances analytiques<\/p>\n","protected":false},"featured_media":7436,"template":"","meta":{"_eb_attr":"","_monsterinsights_skip_tracking":false,"_monsterinsights_sitenote_active":false,"_monsterinsights_sitenote_note":"","_monsterinsights_sitenote_category":0},"class_list":["post-7438","product","type-product","status-publish","has-post-thumbnail","hentry","product_brand-siemens-healthineers-en","product_cat-integrated-chemistry","product_cat-laboratory"],"aioseo_notices":[],"_links":{"self":[{"href":"https:\/\/esttmco.com\/en\/wp-json\/wp\/v2\/product\/7438","targetHints":{"allow":["GET"]}}],"collection":[{"href":"https:\/\/esttmco.com\/en\/wp-json\/wp\/v2\/product"}],"about":[{"href":"https:\/\/esttmco.com\/en\/wp-json\/wp\/v2\/types\/product"}],"version-history":[{"count":0,"href":"https:\/\/esttmco.com\/en\/wp-json\/wp\/v2\/product\/7438\/revisions"}],"wp:featuredmedia":[{"embeddable":true,"href":"https:\/\/esttmco.com\/en\/wp-json\/wp\/v2\/media\/7436"}],"wp:attachment":[{"href":"https:\/\/esttmco.com\/en\/wp-json\/wp\/v2\/media?parent=7438"}],"curies":[{"name":"wp","href":"https:\/\/api.w.org\/{rel}","templated":true}]}}