{"id":7432,"date":"2021-02-04T23:54:22","date_gmt":"2021-02-04T22:54:22","guid":{"rendered":"https:\/\/esttmco.com\/produit\/systeme-de-chimie-integree-dimension-exl-200\/"},"modified":"2021-02-04T23:55:32","modified_gmt":"2021-02-04T22:55:32","slug":"systeme-de-chimie-integree-dimension-exl-200","status":"publish","type":"product","link":"https:\/\/esttmco.com\/en\/produits\/laboratory\/integrated-chemistry\/systeme-de-chimie-integree-dimension-exl-200\/","title":{"rendered":"Syst\u00e8me de chimie int\u00e9gr\u00e9e Dimension\u00ae EXL\u2122 200"},"content":{"rendered":"<p>Les performances du syst\u00e8me <strong>Dimension\u00ae EXL\u2122 200 <\/strong>associ\u00e9es \u00e0 une technologie avanc\u00e9e de chimiluminescence LOCI\u00ae permettent une int\u00e9gration avanc\u00e9e d\u2019analyses de chimie et d\u2019immunoanalyse sur une seule plateforme.<\/p>\n<ul>\n<li>Plateforme Dimension\u00ae facile \u00e0 utiliser, permettant \u00e0 chaque op\u00e9rateur form\u00e9 de r\u00e9aliser tout type de test au moment souhait\u00e9<\/li>\n<li>Cadence analytique jusqu\u2019a 624 tests\/heure selon le panel d\u2019analyses<\/li>\n<li>Module H\u00e9t\u00e9rog\u00e8ne (HM) int\u00e9gr\u00e9<\/li>\n<li>47 m\u00e9thodologies en ligne (dont 3 \u00e9lectrolytes) en position r\u00e9frig\u00e9r\u00e9e<\/li>\n<li>Technologies reconnues et chimiluminescence LOCI\u00ae pour des r\u00e9sultats rapides et fiables en immunoanalyse<\/li>\n<li>Traitement simultan\u00e9 des analyses de chimie et d\u2019immunoanalyse pour une am\u00e9lioration du flux de travail du laboratoire<\/li>\n<li>R\u00e9actifs Flex\u00ae compartiment\u00e9s et pr\u00eats \u00e0 l\u2019emploi<\/li>\n<li>Un seul type de R\u00e9actifs Flex\u00ae pour la chimie et les immuno-dosages<\/li>\n<\/ul>\n","protected":false},"excerpt":{"rendered":"<p>Les performances du syst\u00e8me Dimension\u00ae EXL\u2122 200 associ\u00e9es \u00e0 une technologie avanc\u00e9e de chimiluminescence LOCI\u00ae permettent une int\u00e9gration avanc\u00e9e d\u2019analyses de chimie et d\u2019immunoanalyse sur une seule plateforme. Plateforme Dimension\u00ae facile \u00e0 utiliser, permettant \u00e0 chaque op\u00e9rateur form\u00e9 de r\u00e9aliser tout type de test au moment souhait\u00e9 Cadence analytique jusqu\u2019a 624 tests\/heure selon le panel d\u2019analyses Module H\u00e9t\u00e9rog\u00e8ne (HM) int\u00e9gr\u00e9 47 m\u00e9thodologies en ligne (dont 3 \u00e9lectrolytes) en position r\u00e9frig\u00e9r\u00e9e Technologies reconnues et chimiluminescence LOCI\u00ae pour des r\u00e9sultats rapides et fiables en immunoanalyse Traitement simultan\u00e9 des analyses de chimie et d\u2019immunoanalyse pour une am\u00e9lioration du flux de travail du laboratoire R\u00e9actifs Flex\u00ae compartiment\u00e9s et pr\u00eats \u00e0 l\u2019emploi Un seul type de R\u00e9actifs Flex\u00ae pour la chimie et les immuno-dosages<\/p>\n","protected":false},"featured_media":7430,"template":"","meta":{"_eb_attr":"","_monsterinsights_skip_tracking":false,"_monsterinsights_sitenote_active":false,"_monsterinsights_sitenote_note":"","_monsterinsights_sitenote_category":0},"class_list":["post-7432","product","type-product","status-publish","has-post-thumbnail","hentry","product_brand-siemens-healthineers-en","product_cat-integrated-chemistry","product_cat-laboratory"],"aioseo_notices":[],"_links":{"self":[{"href":"https:\/\/esttmco.com\/en\/wp-json\/wp\/v2\/product\/7432","targetHints":{"allow":["GET"]}}],"collection":[{"href":"https:\/\/esttmco.com\/en\/wp-json\/wp\/v2\/product"}],"about":[{"href":"https:\/\/esttmco.com\/en\/wp-json\/wp\/v2\/types\/product"}],"version-history":[{"count":1,"href":"https:\/\/esttmco.com\/en\/wp-json\/wp\/v2\/product\/7432\/revisions"}],"predecessor-version":[{"id":7433,"href":"https:\/\/esttmco.com\/en\/wp-json\/wp\/v2\/product\/7432\/revisions\/7433"}],"wp:featuredmedia":[{"embeddable":true,"href":"https:\/\/esttmco.com\/en\/wp-json\/wp\/v2\/media\/7430"}],"wp:attachment":[{"href":"https:\/\/esttmco.com\/en\/wp-json\/wp\/v2\/media?parent=7432"}],"curies":[{"name":"wp","href":"https:\/\/api.w.org\/{rel}","templated":true}]}}