{"id":7426,"date":"2021-02-04T23:47:10","date_gmt":"2021-02-04T22:47:10","guid":{"rendered":"https:\/\/esttmco.com\/produit\/atellica-solution\/"},"modified":"2021-02-04T23:50:42","modified_gmt":"2021-02-04T22:50:42","slug":"atellica-solution","status":"publish","type":"product","link":"https:\/\/esttmco.com\/en\/produits\/laboratory\/integrated-chemistry\/atellica-solution\/","title":{"rendered":"Atellica Solution"},"content":{"rendered":"<p><strong>Atellica\u00ae Solution <\/strong>est une plateforme de biochimie clinique et d&#8217;immunoanalyse fiable et flexible, qui int\u00e8gre une technologie brevet\u00e9e de transport magn\u00e9tique et bidirectionnel des \u00e9chantillons. Avec plus de 170 tests disponibles, Atellica\u00ae solution s\u2019appuie sur un menu \u00e9tendu et \u00e9volutif de tests de biochimie et d\u2019immunoanalyse reposant sur des technologies de d\u00e9tection \u00e9prouv\u00e9es.<\/p>\n<ul>\n<li>Une ma\u00eetrise de chaque tube, une prise en charge imm\u00e9diate des \u00e9chantillons prioritaires, une intervention r\u00e9duite de l\u2019op\u00e9rateur et des risques d\u2019erreurs limit\u00e9s<\/li>\n<li>Une flexibilit\u00e9 remarquable, pour que votre laboratoire puisse faire face \u00e0 l\u2019avenir, avec plus de 300 configurations personnalisables, y compris les formes lin\u00e9aires, en L et en U<\/li>\n<li>Une solution con\u00e7ue pour offrir pr\u00e9cision, productivit\u00e9 et r\u00e9duire les temps de rendu des r\u00e9sultats, pouvant effectuer jusqu\u2019\u00e0 440 tests par heure<\/li>\n<\/ul>\n","protected":false},"excerpt":{"rendered":"<p>Atellica\u00ae Solution est une plateforme de biochimie clinique et d&#8217;immunoanalyse fiable et flexible, qui int\u00e8gre une technologie brevet\u00e9e de transport magn\u00e9tique et bidirectionnel des \u00e9chantillons. Avec plus de 170 tests disponibles, Atellica\u00ae solution s\u2019appuie sur un menu \u00e9tendu et \u00e9volutif de tests de biochimie et d\u2019immunoanalyse reposant sur des technologies de d\u00e9tection \u00e9prouv\u00e9es. Une ma\u00eetrise de chaque tube, une prise en charge imm\u00e9diate des \u00e9chantillons prioritaires, une intervention r\u00e9duite de l\u2019op\u00e9rateur et des risques d\u2019erreurs limit\u00e9s Une flexibilit\u00e9 remarquable, pour que votre laboratoire puisse faire face \u00e0 l\u2019avenir, avec plus de 300 configurations personnalisables, y compris les formes lin\u00e9aires, en L et en U Une solution con\u00e7ue pour offrir pr\u00e9cision, productivit\u00e9 et r\u00e9duire les temps de rendu des r\u00e9sultats, pouvant effectuer jusqu\u2019\u00e0 440 tests par heure<\/p>\n","protected":false},"featured_media":7424,"template":"","meta":{"_eb_attr":"","_monsterinsights_skip_tracking":false,"_monsterinsights_sitenote_active":false,"_monsterinsights_sitenote_note":"","_monsterinsights_sitenote_category":0},"class_list":["post-7426","product","type-product","status-publish","has-post-thumbnail","hentry","product_brand-siemens-healthineers-en","product_cat-integrated-chemistry","product_cat-laboratory"],"aioseo_notices":[],"_links":{"self":[{"href":"https:\/\/esttmco.com\/en\/wp-json\/wp\/v2\/product\/7426","targetHints":{"allow":["GET"]}}],"collection":[{"href":"https:\/\/esttmco.com\/en\/wp-json\/wp\/v2\/product"}],"about":[{"href":"https:\/\/esttmco.com\/en\/wp-json\/wp\/v2\/types\/product"}],"version-history":[{"count":1,"href":"https:\/\/esttmco.com\/en\/wp-json\/wp\/v2\/product\/7426\/revisions"}],"predecessor-version":[{"id":7427,"href":"https:\/\/esttmco.com\/en\/wp-json\/wp\/v2\/product\/7426\/revisions\/7427"}],"wp:featuredmedia":[{"embeddable":true,"href":"https:\/\/esttmco.com\/en\/wp-json\/wp\/v2\/media\/7424"}],"wp:attachment":[{"href":"https:\/\/esttmco.com\/en\/wp-json\/wp\/v2\/media?parent=7426"}],"curies":[{"name":"wp","href":"https:\/\/api.w.org\/{rel}","templated":true}]}}