{"id":7410,"date":"2021-02-04T23:23:19","date_gmt":"2021-02-04T22:23:19","guid":{"rendered":"https:\/\/esttmco.com\/?post_type=product&#038;p=7410"},"modified":"2021-02-04T23:27:37","modified_gmt":"2021-02-04T22:27:37","slug":"hematek-3000","status":"publish","type":"product","link":"https:\/\/esttmco.com\/en\/produits\/laboratory\/hematology\/hematek-3000\/","title":{"rendered":"Hematek\u00ae 3000"},"content":{"rendered":"<p><strong>Hematek\u00ae 3000 <\/strong>est un syst\u00e8me automatis\u00e9 de paillasse qui permet d\u2019obtenir une coloration uniforme et stable des frottis en h\u00e9matologie.<\/p>\n<ul>\n<li>R\u00e9actifs pr\u00eats \u00e0 l\u2019emploi, tamponn\u00e9s pour une meilleure coloration<\/li>\n<li>S\u00e9chage de lames facilit\u00e9 par la pr\u00e9sence d\u2019alcool dans le liquide de rin\u00e7age<\/li>\n<li>Platine de coloration unique<\/li>\n<li>Contr\u00f4le des r\u00e9actifs<\/li>\n<li>Design d\u00e9di\u00e9 \u00e0 l\u2019efficacit\u00e9 : 60 lames\/heure charg\u00e9es en continu et maintenance ais\u00e9e<\/li>\n<li>Alarme lumineuse de changement des blocs colorants<\/li>\n<li>Packs colorants Hematek\u00ae : 2 types de colorations au choix (Wright ou Wright-Giemsa)<\/li>\n<\/ul>\n","protected":false},"excerpt":{"rendered":"<p>Hematek\u00ae 3000 est un syst\u00e8me automatis\u00e9 de paillasse qui permet d\u2019obtenir une coloration uniforme et stable des frottis en h\u00e9matologie. R\u00e9actifs pr\u00eats \u00e0 l\u2019emploi, tamponn\u00e9s pour une meilleure coloration S\u00e9chage de lames facilit\u00e9 par la pr\u00e9sence d\u2019alcool dans le liquide de rin\u00e7age Platine de coloration unique Contr\u00f4le des r\u00e9actifs Design d\u00e9di\u00e9 \u00e0 l\u2019efficacit\u00e9 : 60 lames\/heure charg\u00e9es en continu et maintenance ais\u00e9e Alarme lumineuse de changement des blocs colorants Packs colorants Hematek\u00ae : 2 types de colorations au choix (Wright ou Wright-Giemsa)<\/p>\n","protected":false},"featured_media":7412,"template":"","meta":{"_eb_attr":"","_monsterinsights_skip_tracking":false,"_monsterinsights_sitenote_active":false,"_monsterinsights_sitenote_note":"","_monsterinsights_sitenote_category":0},"class_list":["post-7410","product","type-product","status-publish","has-post-thumbnail","hentry","product_brand-siemens-healthineers-en","product_cat-hematology","product_cat-laboratory"],"aioseo_notices":[],"_links":{"self":[{"href":"https:\/\/esttmco.com\/en\/wp-json\/wp\/v2\/product\/7410","targetHints":{"allow":["GET"]}}],"collection":[{"href":"https:\/\/esttmco.com\/en\/wp-json\/wp\/v2\/product"}],"about":[{"href":"https:\/\/esttmco.com\/en\/wp-json\/wp\/v2\/types\/product"}],"version-history":[{"count":1,"href":"https:\/\/esttmco.com\/en\/wp-json\/wp\/v2\/product\/7410\/revisions"}],"predecessor-version":[{"id":7414,"href":"https:\/\/esttmco.com\/en\/wp-json\/wp\/v2\/product\/7410\/revisions\/7414"}],"wp:featuredmedia":[{"embeddable":true,"href":"https:\/\/esttmco.com\/en\/wp-json\/wp\/v2\/media\/7412"}],"wp:attachment":[{"href":"https:\/\/esttmco.com\/en\/wp-json\/wp\/v2\/media?parent=7410"}],"curies":[{"name":"wp","href":"https:\/\/api.w.org\/{rel}","templated":true}]}}