{"id":7403,"date":"2021-02-04T23:12:38","date_gmt":"2021-02-04T22:12:38","guid":{"rendered":"https:\/\/esttmco.com\/?post_type=product&#038;p=7403"},"modified":"2021-02-04T23:20:43","modified_gmt":"2021-02-04T22:20:43","slug":"systeme-dhematologie-advia-560-et-560-al","status":"publish","type":"product","link":"https:\/\/esttmco.com\/en\/produits\/laboratory\/hematology\/systeme-dhematologie-advia-560-et-560-al\/","title":{"rendered":"Syst\u00e8me d\u2019h\u00e9matologie ADVIA\u00ae 560 et 560 AL"},"content":{"rendered":"<p>Les analyseurs d\u2019h\u00e9matologie cellulaire <strong>ADVIA\u00ae 560 et 560 AL <\/strong>mettent \u00e0 la port\u00e9e des laboratoires des h\u00e9mogrammes de qualit\u00e9 et un rendu rapide des r\u00e9sultats.<\/p>\n<ul>\n<li>Cadence jusqu\u2019\u00e0 60 \u00e9chantillons par heure<\/li>\n<li>Volume d\u2019\u00e9chantillon de 110 \u03bcl seulement<\/li>\n<li>Pr\u00e9l\u00e8vement manuel efficace sur tubes ouverts ou ferm\u00e9s<\/li>\n<li>Diffraction laser pour les formules leucocytaires \u00e0 cinq populations<\/li>\n<li>M\u00e9thode par imp\u00e9dance pour les num\u00e9rations : globules blancs (80 \u03bcm), globules rouges et plaquettes (70 \u03bcm) et absorption lumineuse pour les mesures de l\u2019h\u00e9moglobine;<\/li>\n<li>Mesure de 26 param\u00e8tres avec formule leucocytaire cinq populations<\/li>\n<li>Capacit\u00e9 de stockage de 100 000 r\u00e9sultats<\/li>\n<li>Possibilit\u00e9 de connecter le passeur automatique \u00e0 tout moment \u00e0 l\u2019automate ADVIA\u00ae 560<\/li>\n<\/ul>\n","protected":false},"excerpt":{"rendered":"<p>Les analyseurs d\u2019h\u00e9matologie cellulaire ADVIA\u00ae 560 et 560 AL mettent \u00e0 la port\u00e9e des laboratoires des h\u00e9mogrammes de qualit\u00e9 et un rendu rapide des r\u00e9sultats. Cadence jusqu\u2019\u00e0 60 \u00e9chantillons par heure Volume d\u2019\u00e9chantillon de 110 \u03bcl seulement Pr\u00e9l\u00e8vement manuel efficace sur tubes ouverts ou ferm\u00e9s Diffraction laser pour les formules leucocytaires \u00e0 cinq populations M\u00e9thode par imp\u00e9dance pour les num\u00e9rations : globules blancs (80 \u03bcm), globules rouges et plaquettes (70 \u03bcm) et absorption lumineuse pour les mesures de l\u2019h\u00e9moglobine; Mesure de 26 param\u00e8tres avec formule leucocytaire cinq populations Capacit\u00e9 de stockage de 100 000 r\u00e9sultats Possibilit\u00e9 de connecter le passeur automatique \u00e0 tout moment \u00e0 l\u2019automate ADVIA\u00ae 560<\/p>\n","protected":false},"featured_media":7405,"template":"","meta":{"_eb_attr":"","_monsterinsights_skip_tracking":false,"_monsterinsights_sitenote_active":false,"_monsterinsights_sitenote_note":"","_monsterinsights_sitenote_category":0},"class_list":["post-7403","product","type-product","status-publish","has-post-thumbnail","hentry","product_brand-siemens-healthineers-en","product_cat-hematology","product_cat-laboratory"],"aioseo_notices":[],"_links":{"self":[{"href":"https:\/\/esttmco.com\/en\/wp-json\/wp\/v2\/product\/7403","targetHints":{"allow":["GET"]}}],"collection":[{"href":"https:\/\/esttmco.com\/en\/wp-json\/wp\/v2\/product"}],"about":[{"href":"https:\/\/esttmco.com\/en\/wp-json\/wp\/v2\/types\/product"}],"version-history":[{"count":1,"href":"https:\/\/esttmco.com\/en\/wp-json\/wp\/v2\/product\/7403\/revisions"}],"predecessor-version":[{"id":7407,"href":"https:\/\/esttmco.com\/en\/wp-json\/wp\/v2\/product\/7403\/revisions\/7407"}],"wp:featuredmedia":[{"embeddable":true,"href":"https:\/\/esttmco.com\/en\/wp-json\/wp\/v2\/media\/7405"}],"wp:attachment":[{"href":"https:\/\/esttmco.com\/en\/wp-json\/wp\/v2\/media?parent=7403"}],"curies":[{"name":"wp","href":"https:\/\/api.w.org\/{rel}","templated":true}]}}