{"id":7099,"date":"2021-01-18T20:56:17","date_gmt":"2021-01-18T19:56:17","guid":{"rendered":"https:\/\/esttmco.com\/produit\/versacell\/"},"modified":"2021-02-04T23:38:54","modified_gmt":"2021-02-04T22:38:54","slug":"versacell","status":"publish","type":"product","link":"https:\/\/esttmco.com\/en\/produits\/laboratory\/siemens-automation\/versacell\/","title":{"rendered":"Solution VersaCell\u00ae X3"},"content":{"rendered":"<p>Le <strong>VersaCell\u00ae X3 <\/strong>est un syst\u00e8me robotique de gestion des \u00e9chantillons qui offre la possibilit\u00e9 de consolider de mani\u00e8re efficace les instruments de chimie clinique et d\u2019immunoanalyse de Siemens Healthineers.<\/p>\n<ul>\n<li>Configuration consolid\u00e9e et sur mesure : un tube, un point d\u2019entr\u00e9e, un op\u00e9rateur, un compte-rendu<\/li>\n<li>Quatre tiroirs de 50 positions (200 \u00e9chantillons) et un tiroir de 8 positions pour le traitement des urgences<\/li>\n<li>Chargement en continu d&#8217;une capacit\u00e9 de 208 \u00e9chantillons permettant de r\u00e9partir automatiquement les pr\u00e9l\u00e8vements entre les modules analytiques connect\u00e9s en fonction des demandes des analyses re\u00e7ues<\/li>\n<li>R\u00e9aliser automatiquement des op\u00e9rations pr\u00e9 et post-analytiques<\/li>\n<li>Possibilit\u00e9 de connecter jusqu\u2019\u00e0 3 analyseurs Siemens Healthineers avec diff\u00e9rentes configurations<\/li>\n<\/ul>\n","protected":false},"excerpt":{"rendered":"<p>Le VersaCell\u00ae X3 est un syst\u00e8me robotique de gestion des \u00e9chantillons qui offre la possibilit\u00e9 de consolider de mani\u00e8re efficace les instruments de chimie clinique et d\u2019immunoanalyse de Siemens Healthineers. Configuration consolid\u00e9e et sur mesure : un tube, un point d\u2019entr\u00e9e, un op\u00e9rateur, un compte-rendu Quatre tiroirs de 50 positions (200 \u00e9chantillons) et un tiroir de 8 positions pour le traitement des urgences Chargement en continu d&#8217;une capacit\u00e9 de 208 \u00e9chantillons permettant de r\u00e9partir automatiquement les pr\u00e9l\u00e8vements entre les modules analytiques connect\u00e9s en fonction des demandes des analyses re\u00e7ues R\u00e9aliser automatiquement des op\u00e9rations pr\u00e9 et post-analytiques Possibilit\u00e9 de connecter jusqu\u2019\u00e0 3 analyseurs Siemens Healthineers avec diff\u00e9rentes configurations<\/p>\n","protected":false},"featured_media":7097,"template":"","meta":{"_eb_attr":"","_monsterinsights_skip_tracking":false,"_monsterinsights_sitenote_active":false,"_monsterinsights_sitenote_note":"","_monsterinsights_sitenote_category":0},"class_list":["post-7099","product","type-product","status-publish","has-post-thumbnail","hentry","product_brand-siemens-healthineers-en","product_cat-laboratory","product_cat-siemens-automation"],"aioseo_notices":[],"_links":{"self":[{"href":"https:\/\/esttmco.com\/en\/wp-json\/wp\/v2\/product\/7099","targetHints":{"allow":["GET"]}}],"collection":[{"href":"https:\/\/esttmco.com\/en\/wp-json\/wp\/v2\/product"}],"about":[{"href":"https:\/\/esttmco.com\/en\/wp-json\/wp\/v2\/types\/product"}],"version-history":[{"count":1,"href":"https:\/\/esttmco.com\/en\/wp-json\/wp\/v2\/product\/7099\/revisions"}],"predecessor-version":[{"id":7420,"href":"https:\/\/esttmco.com\/en\/wp-json\/wp\/v2\/product\/7099\/revisions\/7420"}],"wp:featuredmedia":[{"embeddable":true,"href":"https:\/\/esttmco.com\/en\/wp-json\/wp\/v2\/media\/7097"}],"wp:attachment":[{"href":"https:\/\/esttmco.com\/en\/wp-json\/wp\/v2\/media?parent=7099"}],"curies":[{"name":"wp","href":"https:\/\/api.w.org\/{rel}","templated":true}]}}