{"id":7006,"date":"2021-01-18T17:39:10","date_gmt":"2021-01-18T16:39:10","guid":{"rendered":"https:\/\/esttmco.com\/produit\/advia-2120i-system-with-autoslide-siemens\/"},"modified":"2021-02-04T23:22:06","modified_gmt":"2021-02-04T22:22:06","slug":"advia-2120i-system-with-autoslide-siemens","status":"publish","type":"product","link":"https:\/\/esttmco.com\/en\/produits\/laboratory\/hematology\/advia-2120i-system-with-autoslide-siemens\/","title":{"rendered":"ADVIA\u00ae 2120I SYSTEM WITH AUTOSLIDE &#8211; SIEMENS"},"content":{"rendered":"<p>Le syst\u00e8me <strong>ADVIA\u00ae 2120i <\/strong>est un analyseur d\u2018h\u00e9matologie pour la d\u00e9termination automatique des num\u00e9rations globulaires et plaquettaires, des r\u00e9ticulocytes et de la formule leucocytaire.<\/p>\n<ul>\n<li>Cadence de\u00a0 120\u00a0 tests\/heure et jusqu\u2019\u00e0 96 lames\/heure avec connexion optionnelle \u00e0 l\u2019ADVIA\u00ae Autoslide<\/li>\n<li>Le bloc UnifluidicsTM et les aiguilles assurent \u00e0 cet analyseur une maintenance all\u00e9g\u00e9e, et une fiabilit\u00e9 optimale<\/li>\n<li>Formule leucocytaire 6 populations r\u00e9alis\u00e9e gr\u00e2ce \u00e0 2 m\u00e9thodes sp\u00e9cifiques et proche des crit\u00e8res de cytologie<\/li>\n<li>Il assure en syst\u00e9matique et sans r\u00e9actif suppl\u00e9mentaire la quantification des \u00e9rythroblastes circulants, avec correction automatique du taux de leucocytes et recalcule des param\u00e8tres de la formule leucocytaire<\/li>\n<li>Mesure directe de l\u2019h\u00e9moglobine intracellulaire<\/li>\n<li>Pr\u00e9cision du comptage des plaquettes (hors microcytes et globules rouges fragment\u00e9s)<\/li>\n<li>La sensibilit\u00e9 et la sp\u00e9cificit\u00e9 dans le d\u00e9clenchement des alarmes, engendrent un pourcentage de revue de lames faible ainsi que la ma\u00eetrise des co\u00fbts et limitent le risque d&#8217; interf\u00e9rences<\/li>\n<li>Num\u00e9ration et formule sur Liquide C\u00e9phalorachidien (LCR)<\/li>\n<\/ul>\n","protected":false},"excerpt":{"rendered":"<p>Le syst\u00e8me ADVIA\u00ae 2120i est un analyseur d\u2018h\u00e9matologie pour la d\u00e9termination automatique des num\u00e9rations globulaires et plaquettaires, des r\u00e9ticulocytes et de la formule leucocytaire. Cadence de\u00a0 120\u00a0 tests\/heure et jusqu\u2019\u00e0 96 lames\/heure avec connexion optionnelle \u00e0 l\u2019ADVIA\u00ae Autoslide Le bloc UnifluidicsTM et les aiguilles assurent \u00e0 cet analyseur une maintenance all\u00e9g\u00e9e, et une fiabilit\u00e9 optimale Formule leucocytaire 6 populations r\u00e9alis\u00e9e gr\u00e2ce \u00e0 2 m\u00e9thodes sp\u00e9cifiques et proche des crit\u00e8res de cytologie Il assure en syst\u00e9matique et sans r\u00e9actif suppl\u00e9mentaire la quantification des \u00e9rythroblastes circulants, avec correction automatique du taux de leucocytes et recalcule des param\u00e8tres de la formule leucocytaire Mesure directe de l\u2019h\u00e9moglobine intracellulaire Pr\u00e9cision du comptage des plaquettes (hors microcytes et globules rouges fragment\u00e9s) La sensibilit\u00e9 et la sp\u00e9cificit\u00e9 dans le d\u00e9clenchement des alarmes, engendrent un pourcentage de revue de lames faible ainsi que la ma\u00eetrise des co\u00fbts et limitent le risque d&#8217; interf\u00e9rences Num\u00e9ration et formule sur Liquide C\u00e9phalorachidien (LCR)<\/p>\n","protected":false},"featured_media":7003,"template":"","meta":{"_eb_attr":"","_monsterinsights_skip_tracking":false,"_monsterinsights_sitenote_active":false,"_monsterinsights_sitenote_note":"","_monsterinsights_sitenote_category":0},"class_list":["post-7006","product","type-product","status-publish","has-post-thumbnail","hentry","product_brand-siemens-healthineers-en","product_cat-hematology","product_cat-laboratory"],"aioseo_notices":[],"_links":{"self":[{"href":"https:\/\/esttmco.com\/en\/wp-json\/wp\/v2\/product\/7006","targetHints":{"allow":["GET"]}}],"collection":[{"href":"https:\/\/esttmco.com\/en\/wp-json\/wp\/v2\/product"}],"about":[{"href":"https:\/\/esttmco.com\/en\/wp-json\/wp\/v2\/types\/product"}],"version-history":[{"count":1,"href":"https:\/\/esttmco.com\/en\/wp-json\/wp\/v2\/product\/7006\/revisions"}],"predecessor-version":[{"id":7408,"href":"https:\/\/esttmco.com\/en\/wp-json\/wp\/v2\/product\/7006\/revisions\/7408"}],"wp:featuredmedia":[{"embeddable":true,"href":"https:\/\/esttmco.com\/en\/wp-json\/wp\/v2\/media\/7003"}],"wp:attachment":[{"href":"https:\/\/esttmco.com\/en\/wp-json\/wp\/v2\/media?parent=7006"}],"curies":[{"name":"wp","href":"https:\/\/api.w.org\/{rel}","templated":true}]}}