{"id":6955,"date":"2021-01-18T14:51:18","date_gmt":"2021-01-18T13:51:18","guid":{"rendered":"https:\/\/esttmco.com\/produit\/humaclot-junior\/"},"modified":"2021-01-18T14:51:18","modified_gmt":"2021-01-18T13:51:18","slug":"humaclot-junior","status":"publish","type":"product","link":"https:\/\/esttmco.com\/en\/produits\/uncategorized\/humaclot-junior\/","title":{"rendered":"HUMACLOT JUNIOR"},"content":{"rendered":"<p><strong>Concentr\u00e9 sur l\u2019essentiel<\/strong><\/p>\n<p>Votre d\u00e9fi quotidien est d\u2019apporter les meilleurs soins aux patients. Dans le milieu exigeant de l\u2019unit\u00e9 de soins intensifs, voire en soins continus, vous avez besoin d\u2019un ventilateur auquel vous fier, dans toute situation. Il est essentiel de disposer d\u2019un appareil polyvalent, fiable, facile d\u2019utilisation et d\u2019une s\u00e9curit\u00e9 inh\u00e9rente \u00e0 la conception. En soins intensifs ou continus, le personnel et les contraintes de temps restent des facteurs cl\u00e9s. Les ventilateurs d\u2019utilisation intuitive vous aident \u00e0 augmenter votre efficacit\u00e9 et vous permettent de soigner plus directement le patient.<\/p>\n<p><strong>QUAND FIABILIT\u00c9 RIME AVEC FLEXIBILIT\u00c9<\/strong><br \/>\nLes ventilateurs Savina ont fourni plus de 800 millions d\u2019heures de ventilation de qualit\u00e9 \u00e0 travers le monde. Savina 300 dispose d\u2019un concept de s\u00e9curit\u00e9 int\u00e9gr\u00e9e auquel vous pouvez vous fier. Il est con\u00e7u pour r\u00e9pondre\u00a0aux besoins de ventilation des patients les plus critiques et il est suffisamment flexible pour \u00eatre utilis\u00e9 \u00e0 peu pr\u00e8s n\u2019importe o\u00f9 dans votre \u00e9tablissement.<\/p>\n<p><strong>UNE VENTILATION DOUCE ET PROTECTRICE, MAIS PUISSANTE ET EFFICACE<\/strong><\/p>\n<p>Votre \u00e9quipe utilisera Savina 300 en toute confiance en un minimum de temps. Le large \u00e9cran couleur tactile et le syst\u00e8me d\u2019exploitation intuitif centr\u00e9 sur les fonctions essentielles rendent la configuration et l\u2019utilisation<br \/>\ntr\u00e8s simples. Savina 300 pr\u00e9sente des performances \u00e9volu\u00e9es qui permettent des strat\u00e9gies de ventilation protectrices. De plus, la technologie par turbine vous offre la flexibilit\u00e9 dont vous avez besoin, combin\u00e9e \u00e0 la qualit\u00e9 de ventilation renomm\u00e9e de Dr\u00e4ger.<\/p>\n<p>Le Savina\u00ae 300 combine l\u2018ind\u00e9pendance et la puissance d\u2018un syst\u00e8me de ventilation \u00e0 turbine avec des modes de ventilation sophistiqu\u00e9s. Le large \u00e9cran couleur tactile et le syst\u00e8me d\u2018exploitation intuitif centr\u00e9 sur les fonctions\u00a0 essentielles rendent la configuration et l\u2018utilisation tr\u00e8s simples.<\/p>\n","protected":false},"excerpt":{"rendered":"<p>Concentr\u00e9 sur l\u2019essentiel Votre d\u00e9fi quotidien est d\u2019apporter les meilleurs soins aux patients. Dans le milieu exigeant de l\u2019unit\u00e9 de soins intensifs, voire en soins continus, vous avez besoin d\u2019un ventilateur auquel vous fier, dans toute situation. Il est essentiel de disposer d\u2019un appareil polyvalent, fiable, facile d\u2019utilisation et d\u2019une s\u00e9curit\u00e9 inh\u00e9rente \u00e0 la conception. En soins intensifs ou continus, le personnel et les contraintes de temps restent des facteurs cl\u00e9s. Les ventilateurs d\u2019utilisation intuitive vous aident \u00e0 augmenter votre efficacit\u00e9 et vous permettent de soigner plus directement le patient. QUAND FIABILIT\u00c9 RIME AVEC FLEXIBILIT\u00c9 Les ventilateurs Savina ont fourni plus de 800 millions d\u2019heures de ventilation de qualit\u00e9 \u00e0 travers le monde. Savina 300 dispose d\u2019un concept de s\u00e9curit\u00e9 int\u00e9gr\u00e9e auquel vous pouvez vous fier. Il est con\u00e7u pour r\u00e9pondre\u00a0aux besoins de ventilation des patients les plus critiques et il est suffisamment flexible pour \u00eatre utilis\u00e9 \u00e0 peu pr\u00e8s n\u2019importe o\u00f9 dans votre \u00e9tablissement. UNE VENTILATION DOUCE ET PROTECTRICE, MAIS PUISSANTE ET EFFICACE Votre \u00e9quipe utilisera Savina 300 en toute confiance en un minimum de temps. Le large \u00e9cran couleur tactile et le syst\u00e8me d\u2019exploitation intuitif centr\u00e9 sur les fonctions essentielles rendent la configuration et l\u2019utilisation tr\u00e8s simples. Savina 300 pr\u00e9sente des performances \u00e9volu\u00e9es qui permettent des strat\u00e9gies de ventilation protectrices. De plus, la technologie par turbine vous offre la flexibilit\u00e9 dont vous avez besoin, combin\u00e9e \u00e0 la qualit\u00e9 de ventilation renomm\u00e9e de Dr\u00e4ger. Le Savina\u00ae 300 combine l\u2018ind\u00e9pendance et la puissance d\u2018un syst\u00e8me de ventilation \u00e0 turbine avec des modes de ventilation sophistiqu\u00e9s. Le large \u00e9cran couleur tactile et le syst\u00e8me d\u2018exploitation intuitif centr\u00e9 sur les fonctions\u00a0 essentielles rendent la configuration et l\u2018utilisation tr\u00e8s simples.<\/p>\n","protected":false},"featured_media":0,"template":"","meta":{"_eb_attr":"","_monsterinsights_skip_tracking":false,"_monsterinsights_sitenote_active":false,"_monsterinsights_sitenote_note":"","_monsterinsights_sitenote_category":0},"class_list":["post-6955","product","type-product","status-publish","hentry","post-no-thumbnail"],"aioseo_notices":[],"_links":{"self":[{"href":"https:\/\/esttmco.com\/en\/wp-json\/wp\/v2\/product\/6955","targetHints":{"allow":["GET"]}}],"collection":[{"href":"https:\/\/esttmco.com\/en\/wp-json\/wp\/v2\/product"}],"about":[{"href":"https:\/\/esttmco.com\/en\/wp-json\/wp\/v2\/types\/product"}],"version-history":[{"count":0,"href":"https:\/\/esttmco.com\/en\/wp-json\/wp\/v2\/product\/6955\/revisions"}],"wp:attachment":[{"href":"https:\/\/esttmco.com\/en\/wp-json\/wp\/v2\/media?parent=6955"}],"curies":[{"name":"wp","href":"https:\/\/api.w.org\/{rel}","templated":true}]}}