{"id":5937,"date":"2020-12-13T01:54:22","date_gmt":"2020-12-13T00:54:22","guid":{"rendered":"https:\/\/esttmco.com\/?post_type=product&#038;p=5937"},"modified":"2020-12-13T01:58:28","modified_gmt":"2020-12-13T00:58:28","slug":"pulmovista-500","status":"publish","type":"product","link":"https:\/\/esttmco.com\/en\/produits\/anesthesie-soins-intensifs\/ventilation-et-monitorage-respiratoire\/pulmovista-500\/","title":{"rendered":"PulmoVista\u00ae 500"},"content":{"rendered":"\t\t<div data-elementor-type=\"product-post\" data-elementor-id=\"5937\" class=\"elementor elementor-5937\" data-elementor-settings=\"[]\">\n\t\t\t\t\t\t<div class=\"elementor-inner\">\n\t\t\t\t\t\t\t<div class=\"elementor-section-wrap\">\n\t\t\t\t\t\t\t<section data-particle_enable=\"false\" data-particle-mobile-disabled=\"false\" class=\"elementor-section elementor-top-section elementor-element elementor-element-3774698 elementor-section-boxed elementor-section-gap-beside-yes elementor-section-height-default elementor-section-height-default elementor-section-column-vertical-align-stretch\" data-id=\"3774698\" data-element_type=\"section\">\n\t\t\t\t\t\t<div class=\"elementor-container elementor-column-gap-extended\">\n\t\t\t\t\t\t\t<div class=\"elementor-row\">\n\t\t\t\t\t<div class=\"elementor-column elementor-col-100 elementor-top-column elementor-element elementor-element-4acac52\" data-id=\"4acac52\" data-element_type=\"column\">\n\t\t\t<div class=\"elementor-column-wrap elementor-element-populated\">\n\t\t\t\t\t\t\t<div class=\"elementor-widget-wrap\">\n\t\t\t\t\t\t<div class=\"elementor-element elementor-element-5b6c804 elementor-widget elementor-widget-global elementor-global-5915 elementor-widget-text-editor\" data-id=\"5b6c804\" data-element_type=\"widget\" data-widget_type=\"text-editor.default\">\n\t\t\t\t<div class=\"elementor-widget-container\">\n\t\t\t\t\t<div class=\"elementor-text-editor elementor-clearfix\"><p>Instrument de coagulation compact \u00e0 1 canal avec technologie TIC2 +<\/p><ul><li>Technologie LED de pointe avec canal de r\u00e9f\u00e9rence<\/li><li>Applications valid\u00e9es pour les r\u00e9actifs HUMAN pr\u00e9programm\u00e9s<\/li><li>Flux de travail guid\u00e9<\/li><li>Couvercle de protection l\u00e9ger avec support de pipetage<\/li><li>Durable et sans entretien<\/li><li>Syst\u00e8me de consommable ferm\u00e9<\/li><li>Lecteur de code \u00e0 barres externe optionnel<\/li><\/ul><\/div>\n\t\t\t\t<\/div>\n\t\t\t\t<\/div>\n\t\t\t\t<div class=\"elementor-element elementor-element-586e2e4 elementor-widget elementor-widget-global elementor-global-5918 elementor-widget-heading\" data-id=\"586e2e4\" data-element_type=\"widget\" data-widget_type=\"heading.default\">\n\t\t\t\t<div class=\"elementor-widget-container\">\n\t\t\t<h6 class=\"elementor-heading-title elementor-size-default\">Avantages<\/h6>\t\t<\/div>\n\t\t\t\t<\/div>\n\t\t\t\t<div class=\"elementor-element elementor-element-967d3ff elementor-widget elementor-widget-global elementor-global-5921 elementor-widget-bdt-accordion\" data-id=\"967d3ff\" data-element_type=\"widget\" data-widget_type=\"bdt-accordion.default\">\n\t\t\t\t<div class=\"elementor-widget-container\">\n\t\t\t      <div class=\"bdt-accordion-container\">\r\n        <div id=\"bdt-accordion-967d3ff\" class=\"bdt-accordion\" bdt-accordion=\"{&quot;collapsible&quot;:true,&quot;multiple&quot;:false,&quot;transition&quot;:&quot;ease-in-out&quot;}\" data-settings=\"{&quot;id&quot;:&quot;bdt-accordion-967d3ff&quot;,&quot;activeHash&quot;:&quot;no&quot;,&quot;activeScrollspy&quot;:null,&quot;hashTopOffset&quot;:false,&quot;hashScrollspyTime&quot;:false}\">\r\n                      <div class=\"bdt-accordion-item\">\r\n            <div                class=\"bdt-accordion-title bdt-flex bdt-flex-middle bdt-flex-between\"                id=\"bdt-accordion-des-soins-de-qualit-o-que-vous-vous-trouviez\" \r\n                data-accordion-index=\"0\" \r\n                data-title=\"des-soins-de-qualit-o-que-vous-vous-trouviez\" >\r\n\r\n                                    <span class=\"bdt-accordion-icon bdt-flex-align-right\"\r\n                        aria-hidden=\"true\">\r\n\r\n                                            <span class=\"bdt-accordion-icon-closed\">\r\n                        <i aria-hidden=\"true\" class=\"fa-fw fas fa-plus\"><\/i>                        <\/span>\r\n                    \r\n                                                <span class=\"bdt-accordion-icon-opened\">\r\n                            <i aria-hidden=\"true\" class=\"fa-fw fas fa-minus\"><\/i>                            <\/span>\r\n                        \r\n                    <\/span>\r\n                \r\n                <span class=\"bdt-flex bdt-flex-middle\">\r\n\r\n                                        Des soins de qualit\u00e9 o\u00f9 que vous vous trouviez                <\/span>\r\n                \r\n                <\/div>\r\n          <div class=\"bdt-accordion-content\">\r\n              <ul><li>Les d\u00e9fis infrastructurels et g\u00e9ographiques ne devraient pas interf\u00e9rer avec la qualit\u00e9 des soins. Le Savina 300 fournit une ventilation haute performance aux patients adultes et p\u00e9diatriques de tous les niveaux d&#8217;acuit\u00e9, quel que soit le r\u00e9glage n\u00e9cessaire.<\/li><li>Dans le monde entier, les ventilateurs Savina ont enregistr\u00e9 plus de 400 millions d&#8217;heures de traitement, fixant ainsi les standards de qualit\u00e9 et de fiabilit\u00e9. Le nouveau Savina 300 n&#8217;est pas une exception : son concept de s\u00e9curit\u00e9 int\u00e9gr\u00e9 a \u00e9t\u00e9 con\u00e7u pour prot\u00e9ger vos patients, m\u00eame dans les conditions les plus difficiles.<\/li><\/ul>          <\/div>\r\n        <\/div>\r\n                    <div class=\"bdt-accordion-item\">\r\n            <div                class=\"bdt-accordion-title bdt-flex bdt-flex-middle bdt-flex-between\"                id=\"bdt-accordion-la-ventilation-protectrice-en-quelques-clics\" \r\n                data-accordion-index=\"1\" \r\n                data-title=\"la-ventilation-protectrice-en-quelques-clics\" >\r\n\r\n                                    <span class=\"bdt-accordion-icon bdt-flex-align-right\"\r\n                        aria-hidden=\"true\">\r\n\r\n                                            <span class=\"bdt-accordion-icon-closed\">\r\n                        <i aria-hidden=\"true\" class=\"fa-fw fas fa-plus\"><\/i>                        <\/span>\r\n                    \r\n                                                <span class=\"bdt-accordion-icon-opened\">\r\n                            <i aria-hidden=\"true\" class=\"fa-fw fas fa-minus\"><\/i>                            <\/span>\r\n                        \r\n                    <\/span>\r\n                \r\n                <span class=\"bdt-flex bdt-flex-middle\">\r\n\r\n                                        La ventilation protectrice en quelques clics                <\/span>\r\n                \r\n                <\/div>\r\n          <div class=\"bdt-accordion-content\">\r\n              <ul><li>Le Savina 300 dispose d&#8217;un concept de ventilation lib\u00e9r\u00e9e permettant \u00e0 vos patients de respirer librement, \u00e0 tout moment pendant le cycle respiratoire et \u00e0 n&#8217;importe quel niveau de pression1. Ceci encourage la respiration spontan\u00e9e, augmente le niveau de confort global du patient et aide \u00e0 r\u00e9duire la dur\u00e9e de sevrage.<\/li><li>La fonction de ventilation non invasive (VNI), qui aide \u00e0 r\u00e9duire les taux d&#8217;intubation et d&#8217;infections2, fait \u00e9galement partie int\u00e9grante de la conception du Savina 300.<\/li><li>Le temps de r\u00e9ponse rapide et l&#8217;administration \u00e0 haut d\u00e9bit du syst\u00e8me de ventilation \u00e0 commande par turbine Savina 300 facilite \u00e9norm\u00e9ment la ventilation \u00e0 pression contr\u00f4l\u00e9e.<\/li><\/ul>          <\/div>\r\n        <\/div>\r\n                    <div class=\"bdt-accordion-item\">\r\n            <div                class=\"bdt-accordion-title bdt-flex bdt-flex-middle bdt-flex-between\"                id=\"bdt-accordion-simplicit-de-fonctionnement\" \r\n                data-accordion-index=\"2\" \r\n                data-title=\"simplicit-de-fonctionnement\" >\r\n\r\n                                    <span class=\"bdt-accordion-icon bdt-flex-align-right\"\r\n                        aria-hidden=\"true\">\r\n\r\n                                            <span class=\"bdt-accordion-icon-closed\">\r\n                        <i aria-hidden=\"true\" class=\"fa-fw fas fa-plus\"><\/i>                        <\/span>\r\n                    \r\n                                                <span class=\"bdt-accordion-icon-opened\">\r\n                            <i aria-hidden=\"true\" class=\"fa-fw fas fa-minus\"><\/i>                            <\/span>\r\n                        \r\n                    <\/span>\r\n                \r\n                <span class=\"bdt-flex bdt-flex-middle\">\r\n\r\n                                        Simplicit\u00e9 de fonctionnement                <\/span>\r\n                \r\n                <\/div>\r\n          <div class=\"bdt-accordion-content\">\r\n              <ul><li>Bien qu&#8217;il soit capable de fournir une th\u00e9rapie avanc\u00e9e, le Savina 300 a \u00e9t\u00e9 con\u00e7u en gardant en t\u00eate l&#8217;id\u00e9e de simplicit\u00e9. Un large \u00e9cran tactile couleur vous donne un acc\u00e8s simple et clair aux r\u00e9glages, param\u00e8tres et commandes. Le Savina 300 dispose bien s\u00fbr de l&#8217;interface utilisateur standard de Dr\u00e4ger avec notre principe de fonctionnement \u00ab Toucher-Tourner-Confirmer \u00bb.<\/li><li>Les menus se concentrent sur les \u00e9l\u00e9ments de fonctionnement essentiels : ceux dont vous avez besoin tous les jours. Votre \u00e9quipe utilisera le Savina 300 en toute confiance en peu de temps.<\/li><\/ul>          <\/div>\r\n        <\/div>\r\n                    <div class=\"bdt-accordion-item\">\r\n            <div                class=\"bdt-accordion-title bdt-flex bdt-flex-middle bdt-flex-between\"                id=\"bdt-accordion-indpendance-infrastructurelle\" \r\n                data-accordion-index=\"3\" \r\n                data-title=\"ind-pendance-infrastructurelle\" >\r\n\r\n                                    <span class=\"bdt-accordion-icon bdt-flex-align-right\"\r\n                        aria-hidden=\"true\">\r\n\r\n                                            <span class=\"bdt-accordion-icon-closed\">\r\n                        <i aria-hidden=\"true\" class=\"fa-fw fas fa-plus\"><\/i>                        <\/span>\r\n                    \r\n                                                <span class=\"bdt-accordion-icon-opened\">\r\n                            <i aria-hidden=\"true\" class=\"fa-fw fas fa-minus\"><\/i>                            <\/span>\r\n                        \r\n                    <\/span>\r\n                \r\n                <span class=\"bdt-flex bdt-flex-middle\">\r\n\r\n                                        Ind\u00e9pendance infrastructurelle                <\/span>\r\n                \r\n                <\/div>\r\n          <div class=\"bdt-accordion-content\">\r\n              <div id=\"leftcolumn\" class=\"ng-scope\"><div class=\"ng-scope\"><div class=\"ng-scope\"><section class=\"content productdetail\" data-ta=\"cnt-02\"><div class=\"tabcontainer ng-scope\"><div id=\"benefits_tab\" class=\"tabcontent\"><div class=\"twocolumn\" role=\"gridcell\" data-ta=\"co2-02\"><div class=\"tile ng-scope\" role=\"article\" data-ta=\"tle-2\" data-sort=\"25\" data-content-type=\"Dr\u00e4ger Product Benefit\"><div class=\"tilecontent\"><p class=\"ng-binding ng-scope\">La turbine int\u00e9gr\u00e9e assure une r\u00e9elle ind\u00e9pendance du syst\u00e8me central d&#8217;approvisionnement en gaz ou des compresseurs externes. Ceci fait du Savina 300 un choix logique pour les sites o\u00f9 l&#8217;infrastructure de l&#8217;h\u00f4pital est incompl\u00e8te. Il peut \u00eatre facilement adapt\u00e9 \u00e0 vos besoins changeants, procurant une th\u00e9rapie par ventilation dans les services de soins intensifs un jour, et une VNI dans les services de soins r\u00e9guliers un autre jour.<\/p><\/div><div class=\"clb\">\u00a0<\/div><\/div><\/div><div class=\"clb\">\u00a0<\/div><\/div><\/div><\/section><\/div><div class=\"ng-scope\">\u00a0<\/div><\/div><\/div><div id=\"rightsidebar\" data-ta=\"side\"><div class=\"ng-scope\"><aside class=\"ng-scope\" style=\"margin: 0px 0px 20px; padding: 0px; border: 0px; font: inherit; vertical-align: baseline; display: block; color: #ffffff; background-color: #5b92d3; width: 230px;\"><div id=\"contactinformation\"><div id=\"cancelcontactoverlay\">\u00a0<\/div><div class=\"leftcolumn\">\u00a0<\/div><\/div><\/aside><\/div><\/div>          <\/div>\r\n        <\/div>\r\n                    <div class=\"bdt-accordion-item\">\r\n            <div                class=\"bdt-accordion-title bdt-flex bdt-flex-middle bdt-flex-between\"                id=\"bdt-accordion-conu-en-gardant-en-tte-lide-de-scurit\" \r\n                data-accordion-index=\"4\" \r\n                data-title=\"con-u-en-gardant-en-t-te-l-039-id-e-de-s-curit\" >\r\n\r\n                                    <span class=\"bdt-accordion-icon bdt-flex-align-right\"\r\n                        aria-hidden=\"true\">\r\n\r\n                                            <span class=\"bdt-accordion-icon-closed\">\r\n                        <i aria-hidden=\"true\" class=\"fa-fw fas fa-plus\"><\/i>                        <\/span>\r\n                    \r\n                                                <span class=\"bdt-accordion-icon-opened\">\r\n                            <i aria-hidden=\"true\" class=\"fa-fw fas fa-minus\"><\/i>                            <\/span>\r\n                        \r\n                    <\/span>\r\n                \r\n                <span class=\"bdt-flex bdt-flex-middle\">\r\n\r\n                                        Con\u00e7u en gardant en t\u00eate l&#039;id\u00e9e de s\u00e9curit\u00e9                <\/span>\r\n                \r\n                <\/div>\r\n          <div class=\"bdt-accordion-content\">\r\n              <ul><li>L&#8217;association de sources d&#8217;alimentation interne et externe, signifie que le Savina 300 peut fonctionner m\u00eame avec des pannes de secteur de plus de 5 heures \u00e0 la suite, parfaitement adapt\u00e9 \u00e9galement pour le transport du patient.<\/li><li>Le Savina 300 dispose d&#8217;un syst\u00e8me patient \u00e0 usage unique qui aide \u00e0 r\u00e9duire le risque d&#8217;infections nosocomiales associ\u00e9es \u00e0 la ventilation m\u00e9canique3.<\/li><li>Les longs intervalles de maintenance et l&#8217;acc\u00e8s \u00e0 l&#8217;assistance sp\u00e9cialis\u00e9e par le biais du Remote Service Link vous aident \u00e0 contr\u00f4ler les co\u00fbts et \u00e0 garder votre Savina 300 \u00e0 jour et en \u00e9tat de marche.<\/li><\/ul>          <\/div>\r\n        <\/div>\r\n                <\/div>\r\n      <\/div>\r\n        \t\t<\/div>\n\t\t\t\t<\/div>\n\t\t\t\t<div class=\"elementor-element elementor-element-97ab30b elementor-align-center elementor-widget elementor-widget-global elementor-global-5878 elementor-widget-button\" data-id=\"97ab30b\" data-element_type=\"widget\" data-widget_type=\"button.default\">\n\t\t\t\t<div class=\"elementor-widget-container\">\n\t\t\t\t\t<div class=\"elementor-button-wrapper\">\n\t\t\t<a href=\"https:\/\/www.draeger.com\/fr_me\/Hospital\/Products\/Ventilation-and-Respiratory-Monitoring\/ICU-Ventilation-and-Respiratory-Monitoring\/Savina-300\" target=\"_blank\" class=\"elementor-button-link elementor-button elementor-size-sm\" role=\"button\">\n\t\t\t\t\t\t<span class=\"elementor-button-content-wrapper\">\n\t\t\t\t\t\t<span class=\"elementor-button-icon elementor-align-icon-left\">\n\t\t\t\t<i aria-hidden=\"true\" class=\"far fa-info-circle\"><\/i>\t\t\t<\/span>\n\t\t\t\t\t\t<span class=\"elementor-button-text\">Plus d'information<\/span>\n\t\t<\/span>\n\t\t\t\t\t<\/a>\n\t\t<\/div>\n\t\t\t\t<\/div>\n\t\t\t\t<\/div>\n\t\t\t\t\t\t<\/div>\n\t\t\t\t\t<\/div>\n\t\t<\/div>\n\t\t\t\t\t\t\t\t<\/div>\n\t\t\t\t\t<\/div>\n\t\t<\/section>\n\t\t\t\t\t\t<\/div>\n\t\t\t\t\t\t<\/div>\n\t\t\t\t\t<\/div>\n\t\t","protected":false},"excerpt":{"rendered":"<p class=\"ng-binding\">Rendre la ventilation visible Utilisez la puissance de la tomographie par imp\u00e9dance \u00e9lectrique et faites-en profiter vos patients. Avec PulmoVista 500, vous pouvez visualiser la distribution de la ventilation dans les diff\u00e9rentes zones des poumons &#8211; de mani\u00e8re non invasive, en temps r\u00e9el et directement au chevet du patient.<\/p>\n","protected":false},"featured_media":5938,"template":"","meta":{"_eb_attr":"","_monsterinsights_skip_tracking":false,"_monsterinsights_sitenote_active":false,"_monsterinsights_sitenote_note":"","_monsterinsights_sitenote_category":0},"class_list":["post-5937","product","type-product","status-publish","has-post-thumbnail","hentry","product_brand-drager","product_cat-anesthesie-soins-intensifs","product_cat-ventilation-et-monitorage-respiratoire"],"aioseo_notices":[],"_links":{"self":[{"href":"https:\/\/esttmco.com\/en\/wp-json\/wp\/v2\/product\/5937","targetHints":{"allow":["GET"]}}],"collection":[{"href":"https:\/\/esttmco.com\/en\/wp-json\/wp\/v2\/product"}],"about":[{"href":"https:\/\/esttmco.com\/en\/wp-json\/wp\/v2\/types\/product"}],"version-history":[{"count":8,"href":"https:\/\/esttmco.com\/en\/wp-json\/wp\/v2\/product\/5937\/revisions"}],"predecessor-version":[{"id":5951,"href":"https:\/\/esttmco.com\/en\/wp-json\/wp\/v2\/product\/5937\/revisions\/5951"}],"wp:featuredmedia":[{"embeddable":true,"href":"https:\/\/esttmco.com\/en\/wp-json\/wp\/v2\/media\/5938"}],"wp:attachment":[{"href":"https:\/\/esttmco.com\/en\/wp-json\/wp\/v2\/media?parent=5937"}],"curies":[{"name":"wp","href":"https:\/\/api.w.org\/{rel}","templated":true}]}}