{"id":5905,"date":"2020-12-13T01:29:17","date_gmt":"2020-12-13T00:29:17","guid":{"rendered":"https:\/\/esttmco.com\/?post_type=product&#038;p=5905"},"modified":"2020-12-13T01:43:07","modified_gmt":"2020-12-13T00:43:07","slug":"oxylog-ve300","status":"publish","type":"product","link":"https:\/\/esttmco.com\/en\/produits\/anesthesie-soins-intensifs\/ventilation-et-monitorage-respiratoire\/oxylog-ve300\/","title":{"rendered":"Oxylog\u00ae VE300"},"content":{"rendered":"\t\t<div data-elementor-type=\"product-post\" data-elementor-id=\"5905\" class=\"elementor elementor-5905\" data-elementor-settings=\"[]\">\n\t\t\t\t\t\t<div class=\"elementor-inner\">\n\t\t\t\t\t\t\t<div class=\"elementor-section-wrap\">\n\t\t\t\t\t\t\t<section data-particle_enable=\"false\" data-particle-mobile-disabled=\"false\" class=\"elementor-section elementor-top-section elementor-element elementor-element-3b94e9d elementor-section-boxed elementor-section-gap-beside-yes elementor-section-height-default elementor-section-height-default elementor-section-column-vertical-align-stretch\" data-id=\"3b94e9d\" data-element_type=\"section\">\n\t\t\t\t\t\t<div class=\"elementor-container elementor-column-gap-extended\">\n\t\t\t\t\t\t\t<div class=\"elementor-row\">\n\t\t\t\t\t<div class=\"elementor-column elementor-col-100 elementor-top-column elementor-element elementor-element-f64f29a\" data-id=\"f64f29a\" data-element_type=\"column\">\n\t\t\t<div class=\"elementor-column-wrap elementor-element-populated\">\n\t\t\t\t\t\t\t<div class=\"elementor-widget-wrap\">\n\t\t\t\t\t\t<div class=\"elementor-element elementor-element-32ecf7f elementor-widget elementor-widget-text-editor\" data-id=\"32ecf7f\" data-element_type=\"widget\" data-widget_type=\"text-editor.default\">\n\t\t\t\t<div class=\"elementor-widget-container\">\n\t\t\t\t\t<div class=\"elementor-text-editor elementor-clearfix\"><p><strong>PR\u00caT \u00c0 RELEVER TOUS LES D\u00c9FIS<\/strong><br \/>Quand cela compte vraiment, vous devriez pouvoir vous concentrer sur une seule chose : votre patient. C\u2019est pourquoi, nous avons d\u00e9velopp\u00e9 un ventilateur d\u2019urgence portatif, con\u00e7u pour r\u00e9pondre exactement cela :<br \/>Dr\u00e4ger Oxylog\u00ae VE300. Robuste, ergonomique et facile \u00e0 utiliser.<\/p><p>Un ventilateur offrant de nombreux avantages. Un aspect sur lequel nous avons \u00e9conomis\u00e9 : le poids. Pesant tout juste 3,6 kg, ce ventilateur<br \/>d\u2019urgence est facile \u00e0 transporter. Ainsi, il est 30 % plus facile \u00e0 manipuler que le mod\u00e8le pr\u00e9c\u00e9dent !\u00a0<\/p><p>110 ans apr\u00e8s la production en s\u00e9rie du ventilateur d\u2019urgence, Dr\u00e4ger Pulmotor, Dr\u00e4ger Oxylog VE300 incarne \u00e0 nouveau l\u2019innovation.<\/p><\/div>\n\t\t\t\t<\/div>\n\t\t\t\t<\/div>\n\t\t\t\t<div class=\"elementor-element elementor-element-7da0657 elementor-widget elementor-widget-heading\" data-id=\"7da0657\" data-element_type=\"widget\" data-widget_type=\"heading.default\">\n\t\t\t\t<div class=\"elementor-widget-container\">\n\t\t\t<h6 class=\"elementor-heading-title elementor-size-default\">Avantages<\/h6>\t\t<\/div>\n\t\t\t\t<\/div>\n\t\t\t\t<div class=\"elementor-element elementor-element-3a4f3ce elementor-widget elementor-widget-bdt-accordion\" data-id=\"3a4f3ce\" data-element_type=\"widget\" data-widget_type=\"bdt-accordion.default\">\n\t\t\t\t<div class=\"elementor-widget-container\">\n\t\t\t      <div class=\"bdt-accordion-container\">\r\n        <div id=\"bdt-accordion-3a4f3ce\" class=\"bdt-accordion\" bdt-accordion=\"{&quot;collapsible&quot;:true,&quot;multiple&quot;:false,&quot;transition&quot;:&quot;ease-in-out&quot;}\" data-settings=\"{&quot;id&quot;:&quot;bdt-accordion-3a4f3ce&quot;,&quot;activeHash&quot;:&quot;no&quot;,&quot;activeScrollspy&quot;:null,&quot;hashTopOffset&quot;:false,&quot;hashScrollspyTime&quot;:false}\">\r\n                      <div class=\"bdt-accordion-item\">\r\n            <div                class=\"bdt-accordion-title bdt-flex bdt-flex-middle bdt-flex-between\"                id=\"bdt-accordion-simple-ergonomique-robuste-et-conomique\" \r\n                data-accordion-index=\"0\" \r\n                data-title=\"simple-ergonomique-robuste-et-conomique\" >\r\n\r\n                                    <span class=\"bdt-accordion-icon bdt-flex-align-right\"\r\n                        aria-hidden=\"true\">\r\n\r\n                                            <span class=\"bdt-accordion-icon-closed\">\r\n                        <i aria-hidden=\"true\" class=\"fa-fw fas fa-plus\"><\/i>                        <\/span>\r\n                    \r\n                                                <span class=\"bdt-accordion-icon-opened\">\r\n                            <i aria-hidden=\"true\" class=\"fa-fw fas fa-minus\"><\/i>                            <\/span>\r\n                        \r\n                    <\/span>\r\n                \r\n                <span class=\"bdt-flex bdt-flex-middle\">\r\n\r\n                                        Simple, ergonomique, robuste \u2013 et \u00e9conomique:                <\/span>\r\n                \r\n                <\/div>\r\n          <div class=\"bdt-accordion-content\">\r\n              <ul><li>Fiable m\u00eame dans les conditions extr\u00eames (de -20 \u00e0 +50 \u00b0C)<\/li><li>Mise en marche en trois \u00e9tapes et moins de 10 secondes<\/li><li>V\u00e9rification de l&#8217;appareil en moins d&#8217;une minute<\/li><li>Param\u00e8tres pr\u00e9 r\u00e9gl\u00e9s pour un d\u00e9marrage plus rapide de la ventilation (adulte, enfant, nourrisson)<\/li><li>Batteries rempla\u00e7ables et rechargeables, jusqu&#8217;\u00e0 neuf heures de fonctionnement<\/li><li>Faible consommation d&#8217;oxyg\u00e8ne gr\u00e2ce \u00e0 la technologie DuroFlow*<\/li><li>Consignes d&#8217;utilisation claires et temps de formation limit\u00e9<\/li><li>Documentation facilement accessible par interface Bluetooth et USB : donn\u00e9es patient, test syst\u00e8me, captures d&#8217;\u00e9cran<\/li><li>Montage mural pour un positionnement plus souple<\/li><li>El\u00e9ments suppl\u00e9mentaires disponibles en option: ceinture, montage sur civi\u00e8re, sacoche d&#8217;accessoires, chargeur de batterie<\/li><li>Poign\u00e9e de transport ergonomique juste au-dessus du centre de gravit\u00e9 de l&#8217;appareil<\/li><\/ul>          <\/div>\r\n        <\/div>\r\n                    <div class=\"bdt-accordion-item\">\r\n            <div                class=\"bdt-accordion-title bdt-flex bdt-flex-middle bdt-flex-between\"                id=\"bdt-accordion-facilit-de-transport-dmarrage-rapide-de-la-ventilation\" \r\n                data-accordion-index=\"1\" \r\n                data-title=\"facilit-de-transport-d-marrage-rapide-de-la-ventilation\" >\r\n\r\n                                    <span class=\"bdt-accordion-icon bdt-flex-align-right\"\r\n                        aria-hidden=\"true\">\r\n\r\n                                            <span class=\"bdt-accordion-icon-closed\">\r\n                        <i aria-hidden=\"true\" class=\"fa-fw fas fa-plus\"><\/i>                        <\/span>\r\n                    \r\n                                                <span class=\"bdt-accordion-icon-opened\">\r\n                            <i aria-hidden=\"true\" class=\"fa-fw fas fa-minus\"><\/i>                            <\/span>\r\n                        \r\n                    <\/span>\r\n                \r\n                <span class=\"bdt-flex bdt-flex-middle\">\r\n\r\n                                        Facilit\u00e9 de transport, d\u00e9marrage rapide de la ventilation                <\/span>\r\n                \r\n                <\/div>\r\n          <div class=\"bdt-accordion-content\">\r\n              <ul><li>\u00c9cran couleur tactile clair<\/li><li>Bouton de rotation de l&#8217;\u00e9cran \u00e0 180\u00b0<\/li><li>Modes de ventilation \u00e0 volume contr\u00f4l\u00e9 : VC-VC \/ VC-VAC, VC-VACI<\/li><li>Ventilation \u00e0 pression contr\u00f4l\u00e9e : PC-BIPAP**<\/li><li>Aide \u00e0 la respiration spontan\u00e9e : SPN-VS-PEP\/AI avec VNI<\/li><li>Aide inspiratoire : AI<\/li><li>S\u00e9lection du mode RCP par simple pression sur une touche<\/li><li>Pour les patients avec un volume courant de 50 mL et plus<\/li><li>Capnographie : mesure du CO\u2082 mainstream<\/li><li>Documentation (Journal informatique)<\/li><\/ul>          <\/div>\r\n        <\/div>\r\n                <\/div>\r\n      <\/div>\r\n        \t\t<\/div>\n\t\t\t\t<\/div>\n\t\t\t\t<div class=\"elementor-element elementor-element-bc24261 elementor-align-center elementor-widget elementor-widget-global elementor-global-5878 elementor-widget-button\" data-id=\"bc24261\" data-element_type=\"widget\" data-widget_type=\"button.default\">\n\t\t\t\t<div class=\"elementor-widget-container\">\n\t\t\t\t\t<div class=\"elementor-button-wrapper\">\n\t\t\t<a href=\"https:\/\/www.draeger.com\/fr_me\/Hospital\/Products\/Ventilation-and-Respiratory-Monitoring\/ICU-Ventilation-and-Respiratory-Monitoring\/Savina-300\" target=\"_blank\" class=\"elementor-button-link elementor-button elementor-size-sm\" role=\"button\">\n\t\t\t\t\t\t<span class=\"elementor-button-content-wrapper\">\n\t\t\t\t\t\t<span class=\"elementor-button-icon elementor-align-icon-left\">\n\t\t\t\t<i aria-hidden=\"true\" class=\"far fa-info-circle\"><\/i>\t\t\t<\/span>\n\t\t\t\t\t\t<span class=\"elementor-button-text\">Plus d'information<\/span>\n\t\t<\/span>\n\t\t\t\t\t<\/a>\n\t\t<\/div>\n\t\t\t\t<\/div>\n\t\t\t\t<\/div>\n\t\t\t\t\t\t<\/div>\n\t\t\t\t\t<\/div>\n\t\t<\/div>\n\t\t\t\t\t\t\t\t<\/div>\n\t\t\t\t\t<\/div>\n\t\t<\/section>\n\t\t\t\t\t\t<\/div>\n\t\t\t\t\t\t<\/div>\n\t\t\t\t\t<\/div>\n\t\t","protected":false},"excerpt":{"rendered":"<p class=\"ng-binding\">Simple \u00e0 utiliser et convivial, l&#8217;Oxylog<sup>\u00ae<\/sup>\u00a0VE300 de Dr\u00e4ger est con\u00e7u pour r\u00e9pondre aux besoins des services d&#8217;urgences pr\u00e9-cliniques. Robuste, dot\u00e9 d&#8217;une technologie de ventilation fiable et au fonctionnement intuitif, il est \u00e0 vos c\u00f4t\u00e9s pour vous apporter une assistance s\u00fbre lors des urgences.<\/p>\n","protected":false},"featured_media":5906,"template":"","meta":{"_eb_attr":"","_monsterinsights_skip_tracking":false,"_monsterinsights_sitenote_active":false,"_monsterinsights_sitenote_note":"","_monsterinsights_sitenote_category":0},"class_list":["post-5905","product","type-product","status-publish","has-post-thumbnail","hentry","product_brand-drager","product_cat-anesthesie-soins-intensifs","product_cat-ventilation-et-monitorage-respiratoire"],"aioseo_notices":[],"_links":{"self":[{"href":"https:\/\/esttmco.com\/en\/wp-json\/wp\/v2\/product\/5905","targetHints":{"allow":["GET"]}}],"collection":[{"href":"https:\/\/esttmco.com\/en\/wp-json\/wp\/v2\/product"}],"about":[{"href":"https:\/\/esttmco.com\/en\/wp-json\/wp\/v2\/types\/product"}],"version-history":[{"count":4,"href":"https:\/\/esttmco.com\/en\/wp-json\/wp\/v2\/product\/5905\/revisions"}],"predecessor-version":[{"id":5910,"href":"https:\/\/esttmco.com\/en\/wp-json\/wp\/v2\/product\/5905\/revisions\/5910"}],"wp:featuredmedia":[{"embeddable":true,"href":"https:\/\/esttmco.com\/en\/wp-json\/wp\/v2\/media\/5906"}],"wp:attachment":[{"href":"https:\/\/esttmco.com\/en\/wp-json\/wp\/v2\/media?parent=5905"}],"curies":[{"name":"wp","href":"https:\/\/api.w.org\/{rel}","templated":true}]}}