{"id":5894,"date":"2020-12-13T01:16:15","date_gmt":"2020-12-13T00:16:15","guid":{"rendered":"https:\/\/esttmco.com\/?post_type=product&#038;p=5894"},"modified":"2020-12-13T01:27:13","modified_gmt":"2020-12-13T00:27:13","slug":"fabius-plus-xl","status":"publish","type":"product","link":"https:\/\/esttmco.com\/en\/produits\/anesthesie-soins-intensifs\/plateformes-danesthesie\/fabius-plus-xl\/","title":{"rendered":"Fabius plus XL"},"content":{"rendered":"\t\t<div data-elementor-type=\"product-post\" data-elementor-id=\"5894\" class=\"elementor elementor-5894\" data-elementor-settings=\"[]\">\n\t\t\t\t\t\t<div class=\"elementor-inner\">\n\t\t\t\t\t\t\t<div class=\"elementor-section-wrap\">\n\t\t\t\t\t\t\t<section data-particle_enable=\"false\" data-particle-mobile-disabled=\"false\" class=\"elementor-section elementor-top-section elementor-element elementor-element-bb076da elementor-section-boxed elementor-section-gap-beside-yes elementor-section-height-default elementor-section-height-default elementor-section-column-vertical-align-stretch\" data-id=\"bb076da\" data-element_type=\"section\">\n\t\t\t\t\t\t<div class=\"elementor-container elementor-column-gap-extended\">\n\t\t\t\t\t\t\t<div class=\"elementor-row\">\n\t\t\t\t\t<div class=\"elementor-column elementor-col-100 elementor-top-column elementor-element elementor-element-8aa6642\" data-id=\"8aa6642\" data-element_type=\"column\">\n\t\t\t<div class=\"elementor-column-wrap elementor-element-populated\">\n\t\t\t\t\t\t\t<div class=\"elementor-widget-wrap\">\n\t\t\t\t\t\t<div class=\"elementor-element elementor-element-bd398d1 elementor-widget elementor-widget-text-editor\" data-id=\"bd398d1\" data-element_type=\"widget\" data-widget_type=\"text-editor.default\">\n\t\t\t\t<div class=\"elementor-widget-container\">\n\t\t\t\t\t<div class=\"elementor-text-editor elementor-clearfix\"><p><strong>LA FIABILIT\u00c9 EST D\u00c9TERMINANTE<\/strong><br \/>Il existe de nombreux dispositifs d\u2019anesth\u00e9sie sur le march\u00e9 actuellement. Et m\u00eame la technologie la plus \u00e9volu\u00e9e doit \u00eatre \u00e0 la hauteur au quotidien. La fiabilit\u00e9 du dispositif m\u00e9dical est un facteur cl\u00e9 autant pour le succ\u00e8s de la th\u00e9rapie que pour le succ\u00e8s \u00e9conomique dans un contexte de plus en plus dynamique et concurrentiel.<\/p><p><strong>LA SIMPLICIT\u00c9 D\u2019ABORD<\/strong><br \/>Pour des raisons de s\u00e9curit\u00e9 et d\u2019efficacit\u00e9, le dispositif m\u00e9dical doit \u00eatre facile \u00e0 utiliser. Souvent, votre personnel dispose de peu de temps pour se familiariser avec toutes les\u00a0 fonctions et possibilit\u00e9s d\u2019un mat\u00e9riel de fa\u00e7on \u00e0 r\u00e9agir rapidement et correctement dans les situations d\u2019urgence. Le personnel soignant a besoin de donn\u00e9es bien organis\u00e9es, tr\u00e8s visibles et faciles \u00e0 lire.<\/p><p><strong>LA FLEXIBILIT\u00c9 EST ESSENTIELLE<\/strong><br \/>Les h\u00f4pitaux doivent \u00e9galement pouvoir compter sur une extensibilit\u00e9 int\u00e9gr\u00e9e et un soutien comp\u00e9tent et d\u00e9vou\u00e9 de la part du fabricant ; un soutien qui d\u00e9marre d\u00e8s le premier jour et se poursuit jusqu\u2019\u00e0 la mise hors-service du mat\u00e9riel. Ce qui permet au personnel soignant d\u2019assurer le meilleur traitement possible au fil du temps.<\/p><\/div>\n\t\t\t\t<\/div>\n\t\t\t\t<\/div>\n\t\t\t\t<div class=\"elementor-element elementor-element-239a442 elementor-widget elementor-widget-heading\" data-id=\"239a442\" data-element_type=\"widget\" data-widget_type=\"heading.default\">\n\t\t\t\t<div class=\"elementor-widget-container\">\n\t\t\t<h6 class=\"elementor-heading-title elementor-size-default\">Avantages<\/h6>\t\t<\/div>\n\t\t\t\t<\/div>\n\t\t\t\t<div class=\"elementor-element elementor-element-a12f3e7 elementor-widget elementor-widget-bdt-accordion\" data-id=\"a12f3e7\" data-element_type=\"widget\" data-widget_type=\"bdt-accordion.default\">\n\t\t\t\t<div class=\"elementor-widget-container\">\n\t\t\t      <div class=\"bdt-accordion-container\">\r\n        <div id=\"bdt-accordion-a12f3e7\" class=\"bdt-accordion\" bdt-accordion=\"{&quot;collapsible&quot;:true,&quot;multiple&quot;:false,&quot;transition&quot;:&quot;ease-in-out&quot;}\" data-settings=\"{&quot;id&quot;:&quot;bdt-accordion-a12f3e7&quot;,&quot;activeHash&quot;:&quot;no&quot;,&quot;activeScrollspy&quot;:null,&quot;hashTopOffset&quot;:false,&quot;hashScrollspyTime&quot;:false}\">\r\n                      <div class=\"bdt-accordion-item\">\r\n            <div                class=\"bdt-accordion-title bdt-flex bdt-flex-middle bdt-flex-between\"                id=\"bdt-accordion-puissant-mais-abordable\" \r\n                data-accordion-index=\"0\" \r\n                data-title=\"puissant-mais-abordable\" >\r\n\r\n                                    <span class=\"bdt-accordion-icon bdt-flex-align-right\"\r\n                        aria-hidden=\"true\">\r\n\r\n                                            <span class=\"bdt-accordion-icon-closed\">\r\n                        <i aria-hidden=\"true\" class=\"fa-fw fas fa-plus\"><\/i>                        <\/span>\r\n                    \r\n                                                <span class=\"bdt-accordion-icon-opened\">\r\n                            <i aria-hidden=\"true\" class=\"fa-fw fas fa-minus\"><\/i>                            <\/span>\r\n                        \r\n                    <\/span>\r\n                \r\n                <span class=\"bdt-flex bdt-flex-middle\">\r\n\r\n                                        Puissant mais abordable                <\/span>\r\n                \r\n                <\/div>\r\n          <div class=\"bdt-accordion-content\">\r\n              <p>En plus des fonctions de ventilation de haute qualit\u00e9 gr\u00e2ce au piston \u00e0 commande \u00e9lectronique, le Fabius plus XL comprend un certain nombre de fonctionnalit\u00e9s qui vous aideront \u00e0 optimiser votre potentiel th\u00e9rapeutique et \u00e0 am\u00e9liorer la s\u00e9curit\u00e9 des patients.<\/p>          <\/div>\r\n        <\/div>\r\n                    <div class=\"bdt-accordion-item\">\r\n            <div                class=\"bdt-accordion-title bdt-flex bdt-flex-middle bdt-flex-between\"                id=\"bdt-accordion-une-image-claire\" \r\n                data-accordion-index=\"1\" \r\n                data-title=\"une-image-claire\" >\r\n\r\n                                    <span class=\"bdt-accordion-icon bdt-flex-align-right\"\r\n                        aria-hidden=\"true\">\r\n\r\n                                            <span class=\"bdt-accordion-icon-closed\">\r\n                        <i aria-hidden=\"true\" class=\"fa-fw fas fa-plus\"><\/i>                        <\/span>\r\n                    \r\n                                                <span class=\"bdt-accordion-icon-opened\">\r\n                            <i aria-hidden=\"true\" class=\"fa-fw fas fa-minus\"><\/i>                            <\/span>\r\n                        \r\n                    <\/span>\r\n                \r\n                <span class=\"bdt-flex bdt-flex-middle\">\r\n\r\n                                        Une image claire                <\/span>\r\n                \r\n                <\/div>\r\n          <div class=\"bdt-accordion-content\">\r\n              <p>Le Fabius plus XL organise et affiche les informations de fa\u00e7on claire et logique sur un \u00e9cran couleur de 10,4 pouces, offrant une excellente vue d\u2019ensemble, avec diff\u00e9rents angles de vue.<\/p>          <\/div>\r\n        <\/div>\r\n                    <div class=\"bdt-accordion-item\">\r\n            <div                class=\"bdt-accordion-title bdt-flex bdt-flex-middle bdt-flex-between\"                id=\"bdt-accordion-fonctionnalit-extensible\" \r\n                data-accordion-index=\"2\" \r\n                data-title=\"fonctionnalit-extensible\" >\r\n\r\n                                    <span class=\"bdt-accordion-icon bdt-flex-align-right\"\r\n                        aria-hidden=\"true\">\r\n\r\n                                            <span class=\"bdt-accordion-icon-closed\">\r\n                        <i aria-hidden=\"true\" class=\"fa-fw fas fa-plus\"><\/i>                        <\/span>\r\n                    \r\n                                                <span class=\"bdt-accordion-icon-opened\">\r\n                            <i aria-hidden=\"true\" class=\"fa-fw fas fa-minus\"><\/i>                            <\/span>\r\n                        \r\n                    <\/span>\r\n                \r\n                <span class=\"bdt-flex bdt-flex-middle\">\r\n\r\n                                        Fonctionnalit\u00e9 extensible                <\/span>\r\n                \r\n                <\/div>\r\n          <div class=\"bdt-accordion-content\">\r\n              <p>Les capacit\u00e9s du Fabius plus XL peuvent \u00eatre facilement accrues en ajoutant des moniteurs, des bouteilles de gaz et des accessoires suppl\u00e9mentaires tels que des pompes \u00e0 perfusion.<\/p>          <\/div>\r\n        <\/div>\r\n                    <div class=\"bdt-accordion-item\">\r\n            <div                class=\"bdt-accordion-title bdt-flex bdt-flex-middle bdt-flex-between\"                id=\"bdt-accordion-amlioration-de-lergonomie\" \r\n                data-accordion-index=\"3\" \r\n                data-title=\"am-lioration-de-l-ergonomie\" >\r\n\r\n                                    <span class=\"bdt-accordion-icon bdt-flex-align-right\"\r\n                        aria-hidden=\"true\">\r\n\r\n                                            <span class=\"bdt-accordion-icon-closed\">\r\n                        <i aria-hidden=\"true\" class=\"fa-fw fas fa-plus\"><\/i>                        <\/span>\r\n                    \r\n                                                <span class=\"bdt-accordion-icon-opened\">\r\n                            <i aria-hidden=\"true\" class=\"fa-fw fas fa-minus\"><\/i>                            <\/span>\r\n                        \r\n                    <\/span>\r\n                \r\n                <span class=\"bdt-flex bdt-flex-middle\">\r\n\r\n                                        Am\u00e9lioration de l\u2019ergonomie                <\/span>\r\n                \r\n                <\/div>\r\n          <div class=\"bdt-accordion-content\">\r\n              <div id=\"leftcolumn\" class=\"ng-scope\"><div class=\"ng-scope\"><div class=\"ng-scope\"><section class=\"content productdetail\" data-ta=\"cnt-02\"><div class=\"tabcontainer ng-scope\"><div id=\"benefits_tab\" class=\"tabcontent\"><div class=\"twocolumn\" role=\"gridcell\" data-ta=\"co2-02\"><div class=\"tile ng-scope\" role=\"article\" data-ta=\"tle-2\" data-sort=\"25\" data-content-type=\"Dr\u00e4ger Product Benefit\"><div class=\"tilecontent\"><p class=\"ng-binding ng-scope\">Des rails de montage judicieusement positionn\u00e9s vous permettent de fixer des \u00e9quipements suppl\u00e9mentaires \u00e0 port\u00e9e de main. Gr\u00e2ce au chariot plus haut disponible en option, vous pouvez travailler confortablement en position debout. Une meilleure gestion des c\u00e2bles combin\u00e9e \u00e0 des prises de courant int\u00e9gr\u00e9es r\u00e9duisent l\u2019encombrement autour de l\u2019appareil.<\/p><\/div><div class=\"clb\">\u00a0<\/div><\/div><\/div><div class=\"clb\">\u00a0<\/div><\/div><\/div><\/section><\/div><div class=\"ng-scope\">\u00a0<\/div><\/div><\/div><div id=\"rightsidebar\" data-ta=\"side\"><div class=\"ng-scope\"><aside class=\"ng-scope\" style=\"margin: 0px 0px 20px; padding: 0px; border: 0px; font: inherit; vertical-align: baseline; display: block; color: #ffffff; background-color: #5b92d3; width: 230px;\"><div id=\"contactinformation\"><div id=\"cancelcontactoverlay\">\u00a0<\/div><div class=\"leftcolumn\">\u00a0<\/div><\/div><\/aside><\/div><\/div>          <\/div>\r\n        <\/div>\r\n                    <div class=\"bdt-accordion-item\">\r\n            <div                class=\"bdt-accordion-title bdt-flex bdt-flex-middle bdt-flex-between\"                id=\"bdt-accordion-lespace-dont-vous-avez-besoin\" \r\n                data-accordion-index=\"4\" \r\n                data-title=\"l-espace-dont-vous-avez-besoin\" >\r\n\r\n                                    <span class=\"bdt-accordion-icon bdt-flex-align-right\"\r\n                        aria-hidden=\"true\">\r\n\r\n                                            <span class=\"bdt-accordion-icon-closed\">\r\n                        <i aria-hidden=\"true\" class=\"fa-fw fas fa-plus\"><\/i>                        <\/span>\r\n                    \r\n                                                <span class=\"bdt-accordion-icon-opened\">\r\n                            <i aria-hidden=\"true\" class=\"fa-fw fas fa-minus\"><\/i>                            <\/span>\r\n                        \r\n                    <\/span>\r\n                \r\n                <span class=\"bdt-flex bdt-flex-middle\">\r\n\r\n                                        L\u2019espace dont vous avez besoin                <\/span>\r\n                \r\n                <\/div>\r\n          <div class=\"bdt-accordion-content\">\r\n              <p>Trois grands tiroirs vous permettent de ranger des consommables \u00e0 port\u00e9e de main. Le grand tiroir du haut peut \u00eatre converti de fa\u00e7on \u00e0 accueillir le module de mesure de gaz Scio de votre choix.<\/p>          <\/div>\r\n        <\/div>\r\n                <\/div>\r\n      <\/div>\r\n        \t\t<\/div>\n\t\t\t\t<\/div>\n\t\t\t\t<div class=\"elementor-element elementor-element-4debb1c elementor-align-center elementor-widget elementor-widget-global elementor-global-5878 elementor-widget-button\" data-id=\"4debb1c\" data-element_type=\"widget\" data-widget_type=\"button.default\">\n\t\t\t\t<div class=\"elementor-widget-container\">\n\t\t\t\t\t<div class=\"elementor-button-wrapper\">\n\t\t\t<a href=\"https:\/\/www.draeger.com\/fr_me\/Hospital\/Products\/Ventilation-and-Respiratory-Monitoring\/ICU-Ventilation-and-Respiratory-Monitoring\/Savina-300\" target=\"_blank\" class=\"elementor-button-link elementor-button elementor-size-sm\" role=\"button\">\n\t\t\t\t\t\t<span class=\"elementor-button-content-wrapper\">\n\t\t\t\t\t\t<span class=\"elementor-button-icon elementor-align-icon-left\">\n\t\t\t\t<i aria-hidden=\"true\" class=\"far fa-info-circle\"><\/i>\t\t\t<\/span>\n\t\t\t\t\t\t<span class=\"elementor-button-text\">Plus d'information<\/span>\n\t\t<\/span>\n\t\t\t\t\t<\/a>\n\t\t<\/div>\n\t\t\t\t<\/div>\n\t\t\t\t<\/div>\n\t\t\t\t\t\t<\/div>\n\t\t\t\t\t<\/div>\n\t\t<\/div>\n\t\t\t\t\t\t\t\t<\/div>\n\t\t\t\t\t<\/div>\n\t\t<\/section>\n\t\t\t\t\t\t<\/div>\n\t\t\t\t\t\t<\/div>\n\t\t\t\t\t<\/div>\n\t\t","protected":false},"excerpt":{"rendered":"<p class=\"ng-binding\">Con\u00e7u pour fournir une th\u00e9rapie de qualit\u00e9 et des fonctions sophistiqu\u00e9es de monitorage dans un ensemble \u00e0 la fois compact et polyvalent, le Fabius plus XL int\u00e8gre une ing\u00e9nierie allemande \u00e9prouv\u00e9e. Avec un large choix d\u2019options d\u2019extension, vous pourrez b\u00e9n\u00e9ficier de la qualit\u00e9 Dr\u00e4ger d\u00e8s aujourd\u2019hui tout en conservant la flexibilit\u00e9 requise pour l\u2019avenir.<\/p>\n","protected":false},"featured_media":5895,"template":"","meta":{"_eb_attr":"","_monsterinsights_skip_tracking":false,"_monsterinsights_sitenote_active":false,"_monsterinsights_sitenote_note":"","_monsterinsights_sitenote_category":0},"class_list":["post-5894","product","type-product","status-publish","has-post-thumbnail","hentry","product_brand-drager","product_cat-anesthesie-soins-intensifs","product_cat-plateformes-danesthesie"],"aioseo_notices":[],"_links":{"self":[{"href":"https:\/\/esttmco.com\/en\/wp-json\/wp\/v2\/product\/5894","targetHints":{"allow":["GET"]}}],"collection":[{"href":"https:\/\/esttmco.com\/en\/wp-json\/wp\/v2\/product"}],"about":[{"href":"https:\/\/esttmco.com\/en\/wp-json\/wp\/v2\/types\/product"}],"version-history":[{"count":7,"href":"https:\/\/esttmco.com\/en\/wp-json\/wp\/v2\/product\/5894\/revisions"}],"predecessor-version":[{"id":5903,"href":"https:\/\/esttmco.com\/en\/wp-json\/wp\/v2\/product\/5894\/revisions\/5903"}],"wp:featuredmedia":[{"embeddable":true,"href":"https:\/\/esttmco.com\/en\/wp-json\/wp\/v2\/media\/5895"}],"wp:attachment":[{"href":"https:\/\/esttmco.com\/en\/wp-json\/wp\/v2\/media?parent=5894"}],"curies":[{"name":"wp","href":"https:\/\/api.w.org\/{rel}","templated":true}]}}