{"id":5885,"date":"2020-12-13T01:06:01","date_gmt":"2020-12-13T00:06:01","guid":{"rendered":"https:\/\/esttmco.com\/?post_type=product&#038;p=5885"},"modified":"2020-12-13T01:14:29","modified_gmt":"2020-12-13T00:14:29","slug":"primus-infinity","status":"publish","type":"product","link":"https:\/\/esttmco.com\/en\/produits\/anesthesie-soins-intensifs\/plateformes-danesthesie\/primus-infinity\/","title":{"rendered":"Primus\u00aeInfinity"},"content":{"rendered":"\t\t<div data-elementor-type=\"product-post\" data-elementor-id=\"5885\" class=\"elementor elementor-5885\" data-elementor-settings=\"[]\">\n\t\t\t\t\t\t<div class=\"elementor-inner\">\n\t\t\t\t\t\t\t<div class=\"elementor-section-wrap\">\n\t\t\t\t\t\t\t<section data-particle_enable=\"false\" data-particle-mobile-disabled=\"false\" class=\"elementor-section elementor-top-section elementor-element elementor-element-0710ee1 elementor-section-boxed elementor-section-gap-beside-yes elementor-section-height-default elementor-section-height-default elementor-section-column-vertical-align-stretch\" data-id=\"0710ee1\" data-element_type=\"section\">\n\t\t\t\t\t\t<div class=\"elementor-container elementor-column-gap-extended\">\n\t\t\t\t\t\t\t<div class=\"elementor-row\">\n\t\t\t\t\t<div class=\"elementor-column elementor-col-100 elementor-top-column elementor-element elementor-element-8cb6722\" data-id=\"8cb6722\" data-element_type=\"column\">\n\t\t\t<div class=\"elementor-column-wrap elementor-element-populated\">\n\t\t\t\t\t\t\t<div class=\"elementor-widget-wrap\">\n\t\t\t\t\t\t<div class=\"elementor-element elementor-element-7f92d3e elementor-widget elementor-widget-text-editor\" data-id=\"7f92d3e\" data-element_type=\"widget\" data-widget_type=\"text-editor.default\">\n\t\t\t\t<div class=\"elementor-widget-container\">\n\t\t\t\t\t<div class=\"elementor-text-editor elementor-clearfix\"><p>Dans l\u2018environnement hospitalier contemporain \u00e0 forte int\u00e9gration, les anesth\u00e9sistes se trouvent souvent au c\u0153ur m\u00eame d\u2018un processus extr\u00eamement complexe. Face \u00e0 des facteurs tels que des proc\u00e9dures et techniques nouvelles et exigeantes, l\u2019augmentation du nombre des patients, la hausse des co\u00fbts, voire la p\u00e9nurie de personnel, l\u2018efficacit\u00e9 est devenue l\u2018un des objectifs les plus importants de tout \u00e9tablissement de soins moderne. Mais pour \u00eatre efficace, il faut conna\u00eetre parfaitement les processus concern\u00e9s &#8211; et trouver des solutions \u00e9l\u00e9gantes qui r\u00e9pondent avec exactitude \u00e0 ces probl\u00e8mes. Chez Dr\u00e4ger, c\u2018est quelque chose que nous faisons depuis plus d\u2018un si\u00e8cle. Apr\u00e8s avoir \u00e9cout\u00e9 les professionnels de la m\u00e9decine du monde entier, nous avons d\u00e9cid\u00e9 de cr\u00e9er un poste de travail d\u2019anesth\u00e9sie con\u00e7u pour \u00eatre rien de moins que votre assistant personnel d\u2018anesth\u00e9sie.<\/p><\/div>\n\t\t\t\t<\/div>\n\t\t\t\t<\/div>\n\t\t\t\t<div class=\"elementor-element elementor-element-79f2359 elementor-widget elementor-widget-heading\" data-id=\"79f2359\" data-element_type=\"widget\" data-widget_type=\"heading.default\">\n\t\t\t\t<div class=\"elementor-widget-container\">\n\t\t\t<h6 class=\"elementor-heading-title elementor-size-default\">Avantages<\/h6>\t\t<\/div>\n\t\t\t\t<\/div>\n\t\t\t\t<div class=\"elementor-element elementor-element-76fc18b elementor-widget elementor-widget-bdt-accordion\" data-id=\"76fc18b\" data-element_type=\"widget\" data-widget_type=\"bdt-accordion.default\">\n\t\t\t\t<div class=\"elementor-widget-container\">\n\t\t\t      <div class=\"bdt-accordion-container\">\r\n        <div id=\"bdt-accordion-76fc18b\" class=\"bdt-accordion\" bdt-accordion=\"{&quot;collapsible&quot;:true,&quot;multiple&quot;:false,&quot;transition&quot;:&quot;ease-in-out&quot;}\" data-settings=\"{&quot;id&quot;:&quot;bdt-accordion-76fc18b&quot;,&quot;activeHash&quot;:&quot;no&quot;,&quot;activeScrollspy&quot;:null,&quot;hashTopOffset&quot;:false,&quot;hashScrollspyTime&quot;:false}\">\r\n                      <div class=\"bdt-accordion-item\">\r\n            <div                class=\"bdt-accordion-title bdt-flex bdt-flex-middle bdt-flex-between\"                id=\"bdt-accordion-assistant-personnel-danesthsie\" \r\n                data-accordion-index=\"0\" \r\n                data-title=\"assistant-personnel-d-anesth-sie\" >\r\n\r\n                                    <span class=\"bdt-accordion-icon bdt-flex-align-right\"\r\n                        aria-hidden=\"true\">\r\n\r\n                                            <span class=\"bdt-accordion-icon-closed\">\r\n                        <i aria-hidden=\"true\" class=\"fa-fw fas fa-plus\"><\/i>                        <\/span>\r\n                    \r\n                                                <span class=\"bdt-accordion-icon-opened\">\r\n                            <i aria-hidden=\"true\" class=\"fa-fw fas fa-minus\"><\/i>                            <\/span>\r\n                        \r\n                    <\/span>\r\n                \r\n                <span class=\"bdt-flex bdt-flex-middle\">\r\n\r\n                                        Assistant personnel d\u2019anesth\u00e9sie                <\/span>\r\n                \r\n                <\/div>\r\n          <div class=\"bdt-accordion-content\">\r\n              <p>Le Primus Dr\u00e4ger a \u00e9t\u00e9 con\u00e7u pour \u00eatre votre assistant personnel pour l&#8217;anesth\u00e9sie. Cette association d&#8217;une conception \u00e9prouv\u00e9e et d&#8217;une technologie de pointe r\u00e9pond aux besoins d&#8217;une solution d&#8217;anesth\u00e9sie moderne et compl\u00e8te adapt\u00e9e \u00e0 un environnement m\u00e9dical de plus en plus complexe.<\/p>          <\/div>\r\n        <\/div>\r\n                    <div class=\"bdt-accordion-item\">\r\n            <div                class=\"bdt-accordion-title bdt-flex bdt-flex-middle bdt-flex-between\"                id=\"bdt-accordion-un-monitorage-complet\" \r\n                data-accordion-index=\"1\" \r\n                data-title=\"un-monitorage-complet\" >\r\n\r\n                                    <span class=\"bdt-accordion-icon bdt-flex-align-right\"\r\n                        aria-hidden=\"true\">\r\n\r\n                                            <span class=\"bdt-accordion-icon-closed\">\r\n                        <i aria-hidden=\"true\" class=\"fa-fw fas fa-plus\"><\/i>                        <\/span>\r\n                    \r\n                                                <span class=\"bdt-accordion-icon-opened\">\r\n                            <i aria-hidden=\"true\" class=\"fa-fw fas fa-minus\"><\/i>                            <\/span>\r\n                        \r\n                    <\/span>\r\n                \r\n                <span class=\"bdt-flex bdt-flex-middle\">\r\n\r\n                                        Un monitorage complet                <\/span>\r\n                \r\n                <\/div>\r\n          <div class=\"bdt-accordion-content\">\r\n              <p>Le Primus de Dr\u00e4ger int\u00e8gre le monitorage des gaz anesth\u00e9siques et de la ventilation sur un grand \u00e9cran 12,1&#8243;, couleur, configurable par l&#8217;utilisateur. Son architecture ouverte offre la possibilit\u00e9 d&#8217;ajouter des \u00e9crans suppl\u00e9mentaires afin d&#8217;\u00e9tendre votre capacit\u00e9 de monitorage et y inclure des donn\u00e9es h\u00e9modynamiques ou autres.<\/p>          <\/div>\r\n        <\/div>\r\n                    <div class=\"bdt-accordion-item\">\r\n            <div                class=\"bdt-accordion-title bdt-flex bdt-flex-middle bdt-flex-between\"                id=\"bdt-accordion-une-ventilation-de-qualit-soins-intensifs\" \r\n                data-accordion-index=\"2\" \r\n                data-title=\"une-ventilation-de-qualit-quot-soins-intensifs-quot\" >\r\n\r\n                                    <span class=\"bdt-accordion-icon bdt-flex-align-right\"\r\n                        aria-hidden=\"true\">\r\n\r\n                                            <span class=\"bdt-accordion-icon-closed\">\r\n                        <i aria-hidden=\"true\" class=\"fa-fw fas fa-plus\"><\/i>                        <\/span>\r\n                    \r\n                                                <span class=\"bdt-accordion-icon-opened\">\r\n                            <i aria-hidden=\"true\" class=\"fa-fw fas fa-minus\"><\/i>                            <\/span>\r\n                        \r\n                    <\/span>\r\n                \r\n                <span class=\"bdt-flex bdt-flex-middle\">\r\n\r\n                                        Une ventilation de qualit\u00e9 &quot;soins intensifs&quot;                <\/span>\r\n                \r\n                <\/div>\r\n          <div class=\"bdt-accordion-content\">\r\n              <div class=\"tile ng-scope\" role=\"article\" data-ta=\"tle-2\" data-sort=\"10\" data-content-type=\"Dr\u00e4ger Product Benefit\"><div class=\"tilecontent\"><p class=\"ng-binding ng-scope\">Le pourcentage croissant de patients dans un \u00e9tat critique en salle d&#8217;op\u00e9ration exige la d\u00e9finition de nouveaux standards pour les plateformes d&#8217;anesth\u00e9sie. C&#8217;est la r\u00e9ponse qu&#8217;apporte le Primus avec son ventilateur \u00e0 haute vitesse et son piston \u00e9lectronique E-Vent\u00ae plus : un d\u00e9bit de pointe comparable \u00e0 celui des ventilateurs de soins intensifs et aucune alimentation en gaz n\u00e9cessaire. Une gamme compl\u00e8te de modes volum\u00e9triques et barom\u00e9triques r\u00e9pond aux diff\u00e9rents cas cliniques. Des modes de monitorage et de ventilation avanc\u00e9s sont \u00e9galement disponibles, vous permettant d&#8217;\u00e9tendre vos capacit\u00e9s.<\/p><\/div><div class=\"clb\">\u00a0<\/div><\/div><div class=\"tile ng-scope\" role=\"article\" data-ta=\"tle-3\" data-sort=\"15\" data-content-type=\"Dr\u00e4ger Product Benefit\"><div class=\"tilecontent\">\u00a0<\/div><\/div>          <\/div>\r\n        <\/div>\r\n                    <div class=\"bdt-accordion-item\">\r\n            <div                class=\"bdt-accordion-title bdt-flex bdt-flex-middle bdt-flex-between\"                id=\"bdt-accordion-flux-de-travail-amlior\" \r\n                data-accordion-index=\"3\" \r\n                data-title=\"flux-de-travail-am-lior\" >\r\n\r\n                                    <span class=\"bdt-accordion-icon bdt-flex-align-right\"\r\n                        aria-hidden=\"true\">\r\n\r\n                                            <span class=\"bdt-accordion-icon-closed\">\r\n                        <i aria-hidden=\"true\" class=\"fa-fw fas fa-plus\"><\/i>                        <\/span>\r\n                    \r\n                                                <span class=\"bdt-accordion-icon-opened\">\r\n                            <i aria-hidden=\"true\" class=\"fa-fw fas fa-minus\"><\/i>                            <\/span>\r\n                        \r\n                    <\/span>\r\n                \r\n                <span class=\"bdt-flex bdt-flex-middle\">\r\n\r\n                                        Flux de travail am\u00e9lior\u00e9                <\/span>\r\n                \r\n                <\/div>\r\n          <div class=\"bdt-accordion-content\">\r\n              <div id=\"leftcolumn\" class=\"ng-scope\"><div class=\"ng-scope\"><div class=\"ng-scope\"><section class=\"content productdetail\" data-ta=\"cnt-02\"><div class=\"tabcontainer ng-scope\"><div id=\"benefits_tab\" class=\"tabcontent\"><div class=\"twocolumn\" role=\"gridcell\" data-ta=\"co2-02\"><div class=\"tile ng-scope\" role=\"article\" data-ta=\"tle-2\" data-sort=\"25\" data-content-type=\"Dr\u00e4ger Product Benefit\"><div class=\"tilecontent\"><p class=\"ng-binding ng-scope\">Les fonctions telles que l&#8217;autotest enti\u00e8rement automatis\u00e9, l&#8217;architecture ouverte, les interfaces utilisateur standard et les nombreuses options de monitorage ont \u00e9t\u00e9 d\u00e9velopp\u00e9es pour r\u00e9duire les co\u00fbts et permettre aux soignants de se concentrer au patient.<\/p><\/div><div class=\"clb\">\u00a0<\/div><\/div><\/div><div class=\"clb\">\u00a0<\/div><\/div><\/div><\/section><\/div><div class=\"ng-scope\">\u00a0<\/div><\/div><\/div><div id=\"rightsidebar\" data-ta=\"side\"><div class=\"ng-scope\"><aside class=\"ng-scope\" style=\"margin: 0px 0px 20px; padding: 0px; border: 0px; font: inherit; vertical-align: baseline; display: block; color: #ffffff; background-color: #5b92d3; width: 230px;\"><div id=\"contactinformation\"><div id=\"cancelcontactoverlay\">\u00a0<\/div><div class=\"leftcolumn\">\u00a0<\/div><\/div><\/aside><\/div><\/div>          <\/div>\r\n        <\/div>\r\n                    <div class=\"bdt-accordion-item\">\r\n            <div                class=\"bdt-accordion-title bdt-flex bdt-flex-middle bdt-flex-between\"                id=\"bdt-accordion-un-principe-de-fonctionnement-commun\" \r\n                data-accordion-index=\"4\" \r\n                data-title=\"un-principe-de-fonctionnement-commun\" >\r\n\r\n                                    <span class=\"bdt-accordion-icon bdt-flex-align-right\"\r\n                        aria-hidden=\"true\">\r\n\r\n                                            <span class=\"bdt-accordion-icon-closed\">\r\n                        <i aria-hidden=\"true\" class=\"fa-fw fas fa-plus\"><\/i>                        <\/span>\r\n                    \r\n                                                <span class=\"bdt-accordion-icon-opened\">\r\n                            <i aria-hidden=\"true\" class=\"fa-fw fas fa-minus\"><\/i>                            <\/span>\r\n                        \r\n                    <\/span>\r\n                \r\n                <span class=\"bdt-flex bdt-flex-middle\">\r\n\r\n                                        Un principe de fonctionnement commun                <\/span>\r\n                \r\n                <\/div>\r\n          <div class=\"bdt-accordion-content\">\r\n              <div class=\"twocolumn\" role=\"gridcell\" data-ta=\"co2-01\"><div class=\"tile ng-scope\" role=\"article\" data-ta=\"tle-3\" data-sort=\"15\" data-content-type=\"Dr\u00e4ger Product Benefit\"><div class=\"tilecontent\"><p class=\"ng-binding ng-scope\">Le Primus utilise l&#8217;interface utilisateur classique et le principe de fonctionnement commun \u00e0 tous les dispositifs m\u00e9dicaux Dr\u00e4ger actuels. Cela signifie que malgr\u00e9 ses performances \u00e9lev\u00e9es, l&#8217;apprentissage du Primus est simple et rapide.<\/p><\/div><div class=\"clb\">\u00a0<\/div><\/div><\/div><div class=\"twocolumn\" role=\"gridcell\" data-ta=\"co2-02\"><div class=\"tile ng-scope\" role=\"article\" data-ta=\"tle-1\" data-sort=\"20\" data-content-type=\"Dr\u00e4ger Product Benefit\"><div class=\"tilecontent\">\u00a0<\/div><\/div><\/div>          <\/div>\r\n        <\/div>\r\n                <\/div>\r\n      <\/div>\r\n        \t\t<\/div>\n\t\t\t\t<\/div>\n\t\t\t\t<div class=\"elementor-element elementor-element-e243a23 elementor-align-center elementor-widget elementor-widget-global elementor-global-5878 elementor-widget-button\" data-id=\"e243a23\" data-element_type=\"widget\" data-widget_type=\"button.default\">\n\t\t\t\t<div class=\"elementor-widget-container\">\n\t\t\t\t\t<div class=\"elementor-button-wrapper\">\n\t\t\t<a href=\"https:\/\/www.draeger.com\/fr_me\/Hospital\/Products\/Ventilation-and-Respiratory-Monitoring\/ICU-Ventilation-and-Respiratory-Monitoring\/Savina-300\" target=\"_blank\" class=\"elementor-button-link elementor-button elementor-size-sm\" role=\"button\">\n\t\t\t\t\t\t<span class=\"elementor-button-content-wrapper\">\n\t\t\t\t\t\t<span class=\"elementor-button-icon elementor-align-icon-left\">\n\t\t\t\t<i aria-hidden=\"true\" class=\"far fa-info-circle\"><\/i>\t\t\t<\/span>\n\t\t\t\t\t\t<span class=\"elementor-button-text\">Plus d'information<\/span>\n\t\t<\/span>\n\t\t\t\t\t<\/a>\n\t\t<\/div>\n\t\t\t\t<\/div>\n\t\t\t\t<\/div>\n\t\t\t\t\t\t<\/div>\n\t\t\t\t\t<\/div>\n\t\t<\/div>\n\t\t\t\t\t\t\t\t<\/div>\n\t\t\t\t\t<\/div>\n\t\t<\/section>\n\t\t\t\t\t\t<\/div>\n\t\t\t\t\t\t<\/div>\n\t\t\t\t\t<\/div>\n\t\t","protected":false},"excerpt":{"rendered":"<p>D\u00e9couvrez les stations d&#8217;anesth\u00e9sie de niveau sup\u00e9rieur et leurs nouveaux degr\u00e9s de performance, d&#8217;efficacit\u00e9 et de s\u00e9curit\u00e9<\/p>\n","protected":false},"featured_media":5886,"template":"","meta":{"_eb_attr":"","_monsterinsights_skip_tracking":false,"_monsterinsights_sitenote_active":false,"_monsterinsights_sitenote_note":"","_monsterinsights_sitenote_category":0},"class_list":["post-5885","product","type-product","status-publish","has-post-thumbnail","hentry","product_brand-drager","product_cat-anesthesie-soins-intensifs","product_cat-plateformes-danesthesie"],"aioseo_notices":[],"_links":{"self":[{"href":"https:\/\/esttmco.com\/en\/wp-json\/wp\/v2\/product\/5885","targetHints":{"allow":["GET"]}}],"collection":[{"href":"https:\/\/esttmco.com\/en\/wp-json\/wp\/v2\/product"}],"about":[{"href":"https:\/\/esttmco.com\/en\/wp-json\/wp\/v2\/types\/product"}],"version-history":[{"count":4,"href":"https:\/\/esttmco.com\/en\/wp-json\/wp\/v2\/product\/5885\/revisions"}],"predecessor-version":[{"id":5892,"href":"https:\/\/esttmco.com\/en\/wp-json\/wp\/v2\/product\/5885\/revisions\/5892"}],"wp:featuredmedia":[{"embeddable":true,"href":"https:\/\/esttmco.com\/en\/wp-json\/wp\/v2\/media\/5886"}],"wp:attachment":[{"href":"https:\/\/esttmco.com\/en\/wp-json\/wp\/v2\/media?parent=5885"}],"curies":[{"name":"wp","href":"https:\/\/api.w.org\/{rel}","templated":true}]}}