{"id":5864,"date":"2020-12-13T00:27:03","date_gmt":"2020-12-12T23:27:03","guid":{"rendered":"https:\/\/esttmco.com\/?post_type=product&#038;p=5864"},"modified":"2020-12-13T00:57:02","modified_gmt":"2020-12-12T23:57:02","slug":"fabius-tiro","status":"publish","type":"product","link":"https:\/\/esttmco.com\/en\/produits\/anesthesie-soins-intensifs\/plateformes-danesthesie\/fabius-tiro\/","title":{"rendered":"Fabius Tiro"},"content":{"rendered":"\t\t<div data-elementor-type=\"product-post\" data-elementor-id=\"5864\" class=\"elementor elementor-5864\" data-elementor-settings=\"[]\">\n\t\t\t\t\t\t<div class=\"elementor-inner\">\n\t\t\t\t\t\t\t<div class=\"elementor-section-wrap\">\n\t\t\t\t\t\t\t<section data-particle_enable=\"false\" data-particle-mobile-disabled=\"false\" class=\"elementor-section elementor-top-section elementor-element elementor-element-e144b6d elementor-section-boxed elementor-section-gap-beside-yes elementor-section-height-default elementor-section-height-default elementor-section-column-vertical-align-stretch\" data-id=\"e144b6d\" data-element_type=\"section\">\n\t\t\t\t\t\t<div class=\"elementor-container elementor-column-gap-extended\">\n\t\t\t\t\t\t\t<div class=\"elementor-row\">\n\t\t\t\t\t<div class=\"elementor-column elementor-col-100 elementor-top-column elementor-element elementor-element-2336e05\" data-id=\"2336e05\" data-element_type=\"column\">\n\t\t\t<div class=\"elementor-column-wrap elementor-element-populated\">\n\t\t\t\t\t\t\t<div class=\"elementor-widget-wrap\">\n\t\t\t\t\t\t<div class=\"elementor-element elementor-element-5be4af3 elementor-widget elementor-widget-text-editor\" data-id=\"5be4af3\" data-element_type=\"widget\" data-widget_type=\"text-editor.default\">\n\t\t\t\t<div class=\"elementor-widget-container\">\n\t\t\t\t\t<div class=\"elementor-text-editor elementor-clearfix\"><p>La station Fabius Tiro combine tout ce dont vous avez besoin pour fournir une ventilation de grande qualit\u00e9 dans des espaces r\u00e9duits. Son design compact en fait le choix id\u00e9al pour les applications o\u00f9 vous devez profiter au maximum de l\u2018espace disponible, sans avoir \u00e0 sacrifier les fonctions disponibles ou la flexibilit\u00e9. Avec une vaste gamme d\u2018options au choix, la station Fabius Tiro peut \u00eatre personnalis\u00e9e pour s\u2018adapter \u00e0 vos besoins et m\u00eame \u00eatre modifi\u00e9e quand ces besoins varient.<\/p><p><strong>Caract\u00e9ristiques de performance :<\/strong><\/p><ul><li>Design compact, gain d\u2018espace<\/li><li>Chariot \u00e0 grande maniabilit\u00e9<\/li><li>Support pour montage mural ou plafonnier en option<\/li><li>Interface utilisateur Dr\u00e4ger standardis\u00e9e pour un fonctionnement facile et intuitif<\/li><li>Tous les principaux modes de ventilation<\/li><li>\u00c9cran haut contraste<\/li><li>Fonctions de s\u00e9curit\u00e9 intelligentes pour une protection du patient am\u00e9lior\u00e9e<\/li><li>Compatible absorbeur CLIC<\/li><\/ul><\/div>\n\t\t\t\t<\/div>\n\t\t\t\t<\/div>\n\t\t\t\t<div class=\"elementor-element elementor-element-cdc1d80 elementor-align-center elementor-widget elementor-widget-button\" data-id=\"cdc1d80\" data-element_type=\"widget\" data-widget_type=\"button.default\">\n\t\t\t\t<div class=\"elementor-widget-container\">\n\t\t\t\t\t<div class=\"elementor-button-wrapper\">\n\t\t\t<a href=\"https:\/\/www.draeger.com\/fr_me\/Hospital\/Products\/Anaesthesia-Workstations\/Anaesthesia-Machines\/Fabius-Tiro\" target=\"_blank\" class=\"elementor-button-link elementor-button elementor-size-sm\" role=\"button\">\n\t\t\t\t\t\t<span class=\"elementor-button-content-wrapper\">\n\t\t\t\t\t\t<span class=\"elementor-button-icon elementor-align-icon-left\">\n\t\t\t\t<i aria-hidden=\"true\" class=\"far fa-info-circle\"><\/i>\t\t\t<\/span>\n\t\t\t\t\t\t<span class=\"elementor-button-text\">Plus d'information<\/span>\n\t\t<\/span>\n\t\t\t\t\t<\/a>\n\t\t<\/div>\n\t\t\t\t<\/div>\n\t\t\t\t<\/div>\n\t\t\t\t\t\t<\/div>\n\t\t\t\t\t<\/div>\n\t\t<\/div>\n\t\t\t\t\t\t\t\t<\/div>\n\t\t\t\t\t<\/div>\n\t\t<\/section>\n\t\t\t\t\t\t<\/div>\n\t\t\t\t\t\t<\/div>\n\t\t\t\t\t<\/div>\n\t\t","protected":false},"excerpt":{"rendered":"<p>D\u00e9velopp\u00e9 pour \u00eatre utilis\u00e9 dans des \u00e9tablissements o\u00f9 la gestion de l&#8217;espace est une priorit\u00e9, le Fabius Tiro allie les derni\u00e8res technologies de ventilation et d\u2019alimentation de gaz \u00e0 une conception ergonomique et compacte.<\/p>\n","protected":false},"featured_media":5868,"template":"","meta":{"_eb_attr":"","_monsterinsights_skip_tracking":false,"_monsterinsights_sitenote_active":false,"_monsterinsights_sitenote_note":"","_monsterinsights_sitenote_category":0},"class_list":["post-5864","product","type-product","status-publish","has-post-thumbnail","hentry","product_brand-drager","product_cat-non-classe","product_cat-anesthesie-soins-intensifs","product_cat-plateformes-danesthesie"],"aioseo_notices":[],"_links":{"self":[{"href":"https:\/\/esttmco.com\/en\/wp-json\/wp\/v2\/product\/5864","targetHints":{"allow":["GET"]}}],"collection":[{"href":"https:\/\/esttmco.com\/en\/wp-json\/wp\/v2\/product"}],"about":[{"href":"https:\/\/esttmco.com\/en\/wp-json\/wp\/v2\/types\/product"}],"version-history":[{"count":8,"href":"https:\/\/esttmco.com\/en\/wp-json\/wp\/v2\/product\/5864\/revisions"}],"predecessor-version":[{"id":5874,"href":"https:\/\/esttmco.com\/en\/wp-json\/wp\/v2\/product\/5864\/revisions\/5874"}],"wp:featuredmedia":[{"embeddable":true,"href":"https:\/\/esttmco.com\/en\/wp-json\/wp\/v2\/media\/5868"}],"wp:attachment":[{"href":"https:\/\/esttmco.com\/en\/wp-json\/wp\/v2\/media?parent=5864"}],"curies":[{"name":"wp","href":"https:\/\/api.w.org\/{rel}","templated":true}]}}