{"id":5848,"date":"2020-12-13T00:07:44","date_gmt":"2020-12-12T23:07:44","guid":{"rendered":"https:\/\/esttmco.com\/?post_type=product&#038;p=5848"},"modified":"2020-12-13T00:58:02","modified_gmt":"2020-12-12T23:58:02","slug":"primus-infinity-empowered","status":"publish","type":"product","link":"https:\/\/esttmco.com\/en\/produits\/anesthesie-soins-intensifs\/plateformes-danesthesie\/primus-infinity-empowered\/","title":{"rendered":"Primus Infinity Empowered"},"content":{"rendered":"\t\t<div data-elementor-type=\"product-post\" data-elementor-id=\"5848\" class=\"elementor elementor-5848\" data-elementor-settings=\"[]\">\n\t\t\t\t\t\t<div class=\"elementor-inner\">\n\t\t\t\t\t\t\t<div class=\"elementor-section-wrap\">\n\t\t\t\t\t\t\t<section data-particle_enable=\"false\" data-particle-mobile-disabled=\"false\" class=\"elementor-section elementor-top-section elementor-element elementor-element-b6c3f71 elementor-section-boxed elementor-section-gap-beside-yes elementor-section-height-default elementor-section-height-default elementor-section-column-vertical-align-stretch\" data-id=\"b6c3f71\" data-element_type=\"section\">\n\t\t\t\t\t\t<div class=\"elementor-container elementor-column-gap-extended\">\n\t\t\t\t\t\t\t<div class=\"elementor-row\">\n\t\t\t\t\t<div class=\"elementor-column elementor-col-100 elementor-top-column elementor-element elementor-element-15ac8fe\" data-id=\"15ac8fe\" data-element_type=\"column\">\n\t\t\t<div class=\"elementor-column-wrap elementor-element-populated\">\n\t\t\t\t\t\t\t<div class=\"elementor-widget-wrap\">\n\t\t\t\t\t\t<div class=\"elementor-element elementor-element-0fc01f5 elementor-widget elementor-widget-text-editor\" data-id=\"0fc01f5\" data-element_type=\"widget\" data-widget_type=\"text-editor.default\">\n\t\t\t\t<div class=\"elementor-widget-container\">\n\t\t\t\t\t<div class=\"elementor-text-editor elementor-clearfix\"><p>Am\u00e9liorez les performances, la fiabilit\u00e9, la gestion du flux de travail et des informations, gr\u00e2ce \u00e0 l&#8217;une des solutions d\u2019anesth\u00e9sie int\u00e9gr\u00e9e les plus avanc\u00e9es du march\u00e9.<\/p><\/div>\n\t\t\t\t<\/div>\n\t\t\t\t<\/div>\n\t\t\t\t<div class=\"elementor-element elementor-element-5812b68 elementor-widget elementor-widget-heading\" data-id=\"5812b68\" data-element_type=\"widget\" data-widget_type=\"heading.default\">\n\t\t\t\t<div class=\"elementor-widget-container\">\n\t\t\t<h6 class=\"elementor-heading-title elementor-size-medium\">Avantages<\/h6>\t\t<\/div>\n\t\t\t\t<\/div>\n\t\t\t\t\t\t<\/div>\n\t\t\t\t\t<\/div>\n\t\t<\/div>\n\t\t\t\t\t\t\t\t<\/div>\n\t\t\t\t\t<\/div>\n\t\t<\/section>\n\t\t\t\t<section data-particle_enable=\"false\" data-particle-mobile-disabled=\"false\" class=\"elementor-section elementor-top-section elementor-element elementor-element-e3ed23b elementor-section-boxed elementor-section-gap-beside-yes elementor-section-height-default elementor-section-height-default elementor-section-column-vertical-align-stretch\" data-id=\"e3ed23b\" data-element_type=\"section\">\n\t\t\t\t\t\t<div class=\"elementor-container elementor-column-gap-extended\">\n\t\t\t\t\t\t\t<div class=\"elementor-row\">\n\t\t\t\t\t<div class=\"elementor-column elementor-col-100 elementor-top-column elementor-element elementor-element-5bceec0\" data-id=\"5bceec0\" data-element_type=\"column\">\n\t\t\t<div class=\"elementor-column-wrap elementor-element-populated\">\n\t\t\t\t\t\t\t<div class=\"elementor-widget-wrap\">\n\t\t\t\t\t\t<div class=\"elementor-element elementor-element-1b5f554 elementor-widget elementor-widget-bdt-accordion\" data-id=\"1b5f554\" data-element_type=\"widget\" data-widget_type=\"bdt-accordion.default\">\n\t\t\t\t<div class=\"elementor-widget-container\">\n\t\t\t      <div class=\"bdt-accordion-container\">\r\n        <div id=\"bdt-accordion-1b5f554\" class=\"bdt-accordion\" bdt-accordion=\"{&quot;collapsible&quot;:true,&quot;multiple&quot;:false,&quot;transition&quot;:&quot;ease-in-out&quot;}\" data-settings=\"{&quot;id&quot;:&quot;bdt-accordion-1b5f554&quot;,&quot;activeHash&quot;:&quot;no&quot;,&quot;activeScrollspy&quot;:null,&quot;hashTopOffset&quot;:false,&quot;hashScrollspyTime&quot;:false}\">\r\n                      <div class=\"bdt-accordion-item\">\r\n            <div                class=\"bdt-accordion-title bdt-flex bdt-flex-middle bdt-flex-between\"                id=\"bdt-accordion-station-danesthsie-de-pointe\" \r\n                data-accordion-index=\"0\" \r\n                data-title=\"station-d-anesth-sie-de-pointe\" >\r\n\r\n                                    <span class=\"bdt-accordion-icon bdt-flex-align-right\"\r\n                        aria-hidden=\"true\">\r\n\r\n                                            <span class=\"bdt-accordion-icon-closed\">\r\n                        <i aria-hidden=\"true\" class=\"fa-fw fas fa-plus\"><\/i>                        <\/span>\r\n                    \r\n                                                <span class=\"bdt-accordion-icon-opened\">\r\n                            <i aria-hidden=\"true\" class=\"fa-fw fas fa-minus\"><\/i>                            <\/span>\r\n                        \r\n                    <\/span>\r\n                \r\n                <span class=\"bdt-flex bdt-flex-middle\">\r\n\r\n                                        Station d\u2019anesth\u00e9sie de pointe                <\/span>\r\n                \r\n                <\/div>\r\n          <div class=\"bdt-accordion-content\">\r\n              <p>Avec le Primus Infinity<sup>\u00ae<\/sup>\u00a0Empowered de Dr\u00e4ger, la grande fiabilit\u00e9, les performances \u00e9lev\u00e9es, les fonctions de monitorage avanc\u00e9 et de gestion optimis\u00e9e du flux de travail du Primus<sup>\u00ae<\/sup>\u00a0franchissent une nouvelle \u00e9tape. Le Primus Infinity<sup>\u00ae<\/sup>\u00a0Empowered a \u00e9t\u00e9 con\u00e7u pour faciliter la transmission d&#8217;informations entre votre patient et vous.<\/p>          <\/div>\r\n        <\/div>\r\n                    <div class=\"bdt-accordion-item\">\r\n            <div                class=\"bdt-accordion-title bdt-flex bdt-flex-middle bdt-flex-between\"                id=\"bdt-accordion-combler-le-manque-dinformations\" \r\n                data-accordion-index=\"1\" \r\n                data-title=\"combler-le-manque-d-039-informations\" >\r\n\r\n                                    <span class=\"bdt-accordion-icon bdt-flex-align-right\"\r\n                        aria-hidden=\"true\">\r\n\r\n                                            <span class=\"bdt-accordion-icon-closed\">\r\n                        <i aria-hidden=\"true\" class=\"fa-fw fas fa-plus\"><\/i>                        <\/span>\r\n                    \r\n                                                <span class=\"bdt-accordion-icon-opened\">\r\n                            <i aria-hidden=\"true\" class=\"fa-fw fas fa-minus\"><\/i>                            <\/span>\r\n                        \r\n                    <\/span>\r\n                \r\n                <span class=\"bdt-flex bdt-flex-middle\">\r\n\r\n                                        Combler le manque d&#039;informations                <\/span>\r\n                \r\n                <\/div>\r\n          <div class=\"bdt-accordion-content\">\r\n              <p>Imaginez une station d\u2019anesth\u00e9sie de pointe, enti\u00e8rement \u00e9quip\u00e9e, qui s\u2019int\u00e8gre facilement \u00e0 l&#8217;informatique de votre h\u00f4pital, vous offrant ainsi un acc\u00e8s quasi-imm\u00e9diat aux dossiers des patients, aux r\u00e9sultats d&#8217;analyse, radios et autres r\u00e9sultats d&#8217;examen de votre patient, tout en restant \u00e0 son chevet. Le Primus Infinity<sup>\u00ae<\/sup>\u00a0Empowered avec option Omega Widescreen a \u00e9t\u00e9 con\u00e7u pour s\u2019int\u00e9grer \u00e0 Infinity<sup>\u00ae<\/sup>\u00a0Acute Care System, un syst\u00e8me qui am\u00e9liore l&#8217;int\u00e9gration des soins et la gestion de l&#8217;information.<\/p>          <\/div>\r\n        <\/div>\r\n                    <div class=\"bdt-accordion-item\">\r\n            <div                class=\"bdt-accordion-title bdt-flex bdt-flex-middle bdt-flex-between\"                id=\"bdt-accordion-un-flux-de-travail-optimis\" \r\n                data-accordion-index=\"2\" \r\n                data-title=\"un-flux-de-travail-optimis\" >\r\n\r\n                                    <span class=\"bdt-accordion-icon bdt-flex-align-right\"\r\n                        aria-hidden=\"true\">\r\n\r\n                                            <span class=\"bdt-accordion-icon-closed\">\r\n                        <i aria-hidden=\"true\" class=\"fa-fw fas fa-plus\"><\/i>                        <\/span>\r\n                    \r\n                                                <span class=\"bdt-accordion-icon-opened\">\r\n                            <i aria-hidden=\"true\" class=\"fa-fw fas fa-minus\"><\/i>                            <\/span>\r\n                        \r\n                    <\/span>\r\n                \r\n                <span class=\"bdt-flex bdt-flex-middle\">\r\n\r\n                                        Un flux de travail optimis\u00e9                <\/span>\r\n                \r\n                <\/div>\r\n          <div class=\"bdt-accordion-content\">\r\n              <p>En vous offrant un acc\u00e8s quasi-instantan\u00e9 \u00e0 l&#8217;ensemble des donn\u00e9es patients disponibles, le Primus Infinity<sup>\u00ae<\/sup>\u00a0Empowered avec Omega Widescreen facilite le processus de prise de d\u00e9cision. Un concept d\u2019interface utilisateur unique et intuitive, int\u00e9grant des applications compl\u00e8tes de surveillance, informatiques et d\u2019aide \u00e0 la d\u00e9cision dans tout l\u2019h\u00f4pital vous permet d\u2019am\u00e9liorer les r\u00e9sultats en augmentant l\u2019efficacit\u00e9 de votre personnel et en am\u00e9liorant la qualit\u00e9 des informations sur le lieu de soins, en limitant la formation et les co\u00fbts.<\/p>          <\/div>\r\n        <\/div>\r\n                    <div class=\"bdt-accordion-item\">\r\n            <div                class=\"bdt-accordion-title bdt-flex bdt-flex-middle bdt-flex-between\"                id=\"bdt-accordion-performances-et-prcision\" \r\n                data-accordion-index=\"3\" \r\n                data-title=\"performances-et-pr-cision\" >\r\n\r\n                                    <span class=\"bdt-accordion-icon bdt-flex-align-right\"\r\n                        aria-hidden=\"true\">\r\n\r\n                                            <span class=\"bdt-accordion-icon-closed\">\r\n                        <i aria-hidden=\"true\" class=\"fa-fw fas fa-plus\"><\/i>                        <\/span>\r\n                    \r\n                                                <span class=\"bdt-accordion-icon-opened\">\r\n                            <i aria-hidden=\"true\" class=\"fa-fw fas fa-minus\"><\/i>                            <\/span>\r\n                        \r\n                    <\/span>\r\n                \r\n                <span class=\"bdt-flex bdt-flex-middle\">\r\n\r\n                                        Performances et pr\u00e9cision                <\/span>\r\n                \r\n                <\/div>\r\n          <div class=\"bdt-accordion-content\">\r\n              <div class=\"tile ng-scope\" role=\"article\" data-ta=\"tle-2\" data-sort=\"25\" data-content-type=\"Dr\u00e4ger Product Benefit\"><div class=\"tilecontent\"><p class=\"ng-binding ng-scope\">Le Primus Infinity<sup>\u00ae<\/sup>\u00a0Empowered vous offre la pr\u00e9cision et les performances du ventilateur \u00e9lectrique \u00ab E-Vent<sup>\u2122<\/sup>\u00a0plus \u00bb et les associe aux avantages d\u2019un syst\u00e8me patient compact et chauff\u00e9. L&#8217;\u00e9conom\u00e8tre optionnel aide l\u2019utilisateur \u00e0 r\u00e9gler un d\u00e9bit de gaz frais minimal et contribue \u00e0 diminuer la consommation d\u2019anesth\u00e9siques jusqu\u2019\u00e0 50 %*.<br \/><br \/>* Jan Baum, Die Inhalationsnarkose mit niedrigem Frischgasflu\u00df, Thieme, 1998<\/p><\/div><div class=\"clb\">\u00a0<\/div><\/div><div class=\"tile ng-scope\" role=\"article\" data-ta=\"tle-3\" data-sort=\"30\" data-content-type=\"Dr\u00e4ger Product Benefit\"><div class=\"tilecontent\">\u00a0<\/div><\/div>          <\/div>\r\n        <\/div>\r\n                    <div class=\"bdt-accordion-item\">\r\n            <div                class=\"bdt-accordion-title bdt-flex bdt-flex-middle bdt-flex-between\"                id=\"bdt-accordion-fonctions-innovantes\" \r\n                data-accordion-index=\"4\" \r\n                data-title=\"fonctions-innovantes\" >\r\n\r\n                                    <span class=\"bdt-accordion-icon bdt-flex-align-right\"\r\n                        aria-hidden=\"true\">\r\n\r\n                                            <span class=\"bdt-accordion-icon-closed\">\r\n                        <i aria-hidden=\"true\" class=\"fa-fw fas fa-plus\"><\/i>                        <\/span>\r\n                    \r\n                                                <span class=\"bdt-accordion-icon-opened\">\r\n                            <i aria-hidden=\"true\" class=\"fa-fw fas fa-minus\"><\/i>                            <\/span>\r\n                        \r\n                    <\/span>\r\n                \r\n                <span class=\"bdt-flex bdt-flex-middle\">\r\n\r\n                                        Fonctions innovantes                <\/span>\r\n                \r\n                <\/div>\r\n          <div class=\"bdt-accordion-content\">\r\n              <div class=\"twocolumn\" role=\"gridcell\" data-ta=\"co2-01\"><div class=\"tile ng-scope\" role=\"article\" data-ta=\"tle-3\" data-sort=\"15\" data-content-type=\"Dr\u00e4ger Product Benefit\"><div class=\"tilecontent\"><p class=\"ng-binding ng-scope\">L&#8217;am\u00e9lioration de la mesure du d\u00e9bit autorise la ventilation \u00e0 des volumes courants de 5 mL seulement et des fr\u00e9quences atteignant 100 par minute augmentes les performances en mati\u00e8re de ventilation n\u00e9onatale. Le mode Autoflow<sup>\u00ae<\/sup>\u00a0combine les avantages de la ventilation en volume et en pression. La VS-PEP\/AI offre tous les avantages de la ventilation spontan\u00e9e, tout en maintenant le niveau de pression d\u00e9fini.<\/p><\/div><\/div><\/div><div class=\"twocolumn\" role=\"gridcell\" data-ta=\"co2-02\"><div class=\"tile ng-scope\" role=\"article\" data-ta=\"tle-1\" data-sort=\"20\" data-content-type=\"Dr\u00e4ger Product Benefit\"><div class=\"tilecontent\">\u00a0<\/div><\/div><\/div>          <\/div>\r\n        <\/div>\r\n                    <div class=\"bdt-accordion-item\">\r\n            <div                class=\"bdt-accordion-title bdt-flex bdt-flex-middle bdt-flex-between\"                id=\"bdt-accordion-nouveaux-systmes-de-scurit-automatiss\" \r\n                data-accordion-index=\"5\" \r\n                data-title=\"nouveaux-syst-mes-de-s-curit-automatis-s\" >\r\n\r\n                                    <span class=\"bdt-accordion-icon bdt-flex-align-right\"\r\n                        aria-hidden=\"true\">\r\n\r\n                                            <span class=\"bdt-accordion-icon-closed\">\r\n                        <i aria-hidden=\"true\" class=\"fa-fw fas fa-plus\"><\/i>                        <\/span>\r\n                    \r\n                                                <span class=\"bdt-accordion-icon-opened\">\r\n                            <i aria-hidden=\"true\" class=\"fa-fw fas fa-minus\"><\/i>                            <\/span>\r\n                        \r\n                    <\/span>\r\n                \r\n                <span class=\"bdt-flex bdt-flex-middle\">\r\n\r\n                                        Nouveaux syst\u00e8mes de s\u00e9curit\u00e9 automatis\u00e9s                <\/span>\r\n                \r\n                <\/div>\r\n          <div class=\"bdt-accordion-content\">\r\n              <div id=\"leftcolumn\" class=\"ng-scope\"><div class=\"ng-scope\"><div class=\"ng-scope\"><section class=\"content productdetail\" data-ta=\"cnt-02\"><div class=\"tabcontainer ng-scope\"><div id=\"benefits_tab\" class=\"tabcontent\"><div class=\"twocolumn\" role=\"gridcell\" data-ta=\"co2-02\"><div class=\"tile ng-scope\" role=\"article\" data-ta=\"tle-3\" data-sort=\"30\" data-content-type=\"Dr\u00e4ger Product Benefit\"><div class=\"tilecontent\"><p class=\"ng-binding ng-scope\">Le Primus Infinity<sup>\u00ae<\/sup>\u00a0Empowered est compatible avec le nouveau syst\u00e8me de d\u00e9tection d&#8217;accessoires RFID. Ce syst\u00e8me am\u00e9liore votre flux de travail et la s\u00e9curit\u00e9 des proc\u00e9dures gr\u00e2ce au contr\u00f4le automatique de l&#8217;int\u00e9grit\u00e9 du poste de travail et \u00e0 la surveillance des intervalles de remplacement des consommables.<\/p><\/div><\/div><\/div><\/div><\/div><\/section><\/div><\/div><\/div>          <\/div>\r\n        <\/div>\r\n                <\/div>\r\n      <\/div>\r\n        \t\t<\/div>\n\t\t\t\t<\/div>\n\t\t\t\t\t\t<\/div>\n\t\t\t\t\t<\/div>\n\t\t<\/div>\n\t\t\t\t\t\t\t\t<\/div>\n\t\t\t\t\t<\/div>\n\t\t<\/section>\n\t\t\t\t<section data-particle_enable=\"false\" data-particle-mobile-disabled=\"false\" class=\"elementor-section elementor-top-section elementor-element elementor-element-b881784 elementor-section-boxed elementor-section-gap-beside-yes elementor-section-height-default elementor-section-height-default elementor-section-column-vertical-align-stretch\" data-id=\"b881784\" data-element_type=\"section\">\n\t\t\t\t\t\t<div class=\"elementor-container elementor-column-gap-extended\">\n\t\t\t\t\t\t\t<div class=\"elementor-row\">\n\t\t\t\t\t<div class=\"elementor-column elementor-col-100 elementor-top-column elementor-element elementor-element-8ce2392\" data-id=\"8ce2392\" data-element_type=\"column\">\n\t\t\t<div class=\"elementor-column-wrap elementor-element-populated\">\n\t\t\t\t\t\t\t<div class=\"elementor-widget-wrap\">\n\t\t\t\t\t\t<div class=\"elementor-element elementor-element-e99e723 elementor-align-center elementor-widget elementor-widget-global elementor-global-5878 elementor-widget-button\" data-id=\"e99e723\" data-element_type=\"widget\" data-widget_type=\"button.default\">\n\t\t\t\t<div class=\"elementor-widget-container\">\n\t\t\t\t\t<div class=\"elementor-button-wrapper\">\n\t\t\t<a href=\"https:\/\/www.draeger.com\/fr_me\/Hospital\/Products\/Ventilation-and-Respiratory-Monitoring\/ICU-Ventilation-and-Respiratory-Monitoring\/Savina-300\" target=\"_blank\" class=\"elementor-button-link elementor-button elementor-size-sm\" role=\"button\">\n\t\t\t\t\t\t<span class=\"elementor-button-content-wrapper\">\n\t\t\t\t\t\t<span class=\"elementor-button-icon elementor-align-icon-left\">\n\t\t\t\t<i aria-hidden=\"true\" class=\"far fa-info-circle\"><\/i>\t\t\t<\/span>\n\t\t\t\t\t\t<span class=\"elementor-button-text\">Plus d'information<\/span>\n\t\t<\/span>\n\t\t\t\t\t<\/a>\n\t\t<\/div>\n\t\t\t\t<\/div>\n\t\t\t\t<\/div>\n\t\t\t\t\t\t<\/div>\n\t\t\t\t\t<\/div>\n\t\t<\/div>\n\t\t\t\t\t\t\t\t<\/div>\n\t\t\t\t\t<\/div>\n\t\t<\/section>\n\t\t\t\t\t\t<\/div>\n\t\t\t\t\t\t<\/div>\n\t\t\t\t\t<\/div>\n\t\t","protected":false},"excerpt":{"rendered":"<p>Am\u00e9liorez les performances, la fiabilit\u00e9, la gestion du flux de travail et des informations, gr\u00e2ce \u00e0 l&#8217;une des solutions d\u2019anesth\u00e9sie int\u00e9gr\u00e9e les plus avanc\u00e9es du march\u00e9<\/p>\n","protected":false},"featured_media":5849,"template":"","meta":{"_eb_attr":"","_monsterinsights_skip_tracking":false,"_monsterinsights_sitenote_active":false,"_monsterinsights_sitenote_note":"","_monsterinsights_sitenote_category":0},"class_list":["post-5848","product","type-product","status-publish","has-post-thumbnail","hentry","product_brand-drager","product_cat-anesthesie-soins-intensifs","product_cat-plateformes-danesthesie"],"aioseo_notices":[],"_links":{"self":[{"href":"https:\/\/esttmco.com\/en\/wp-json\/wp\/v2\/product\/5848","targetHints":{"allow":["GET"]}}],"collection":[{"href":"https:\/\/esttmco.com\/en\/wp-json\/wp\/v2\/product"}],"about":[{"href":"https:\/\/esttmco.com\/en\/wp-json\/wp\/v2\/types\/product"}],"version-history":[{"count":20,"href":"https:\/\/esttmco.com\/en\/wp-json\/wp\/v2\/product\/5848\/revisions"}],"predecessor-version":[{"id":5883,"href":"https:\/\/esttmco.com\/en\/wp-json\/wp\/v2\/product\/5848\/revisions\/5883"}],"wp:featuredmedia":[{"embeddable":true,"href":"https:\/\/esttmco.com\/en\/wp-json\/wp\/v2\/media\/5849"}],"wp:attachment":[{"href":"https:\/\/esttmco.com\/en\/wp-json\/wp\/v2\/media?parent=5848"}],"curies":[{"name":"wp","href":"https:\/\/api.w.org\/{rel}","templated":true}]}}