{"id":6522,"date":"2020-12-31T18:27:29","date_gmt":"2020-12-31T17:27:29","guid":{"rendered":"https:\/\/esttmco.com\/pro-area-news\/"},"modified":"2020-12-31T18:27:34","modified_gmt":"2020-12-31T17:27:34","slug":"pro-area-news","status":"publish","type":"page","link":"https:\/\/esttmco.com\/en\/pro-area-news\/","title":{"rendered":"pro area news"},"content":{"rendered":"\t\t<div data-elementor-type=\"wp-page\" data-elementor-id=\"6522\" class=\"elementor elementor-6522 elementor-6232\" data-elementor-settings=\"[]\">\n\t\t\t\t\t\t<div class=\"elementor-inner\">\n\t\t\t\t\t\t\t<div class=\"elementor-section-wrap\">\n\t\t\t\t\t\t\t<section data-particle_enable=\"false\" data-particle-mobile-disabled=\"false\" class=\"elementor-section elementor-top-section elementor-element elementor-element-abd9d1b elementor-section-column-vertical-align-middle elementor-section-boxed elementor-section-gap-beside-yes elementor-section-height-default elementor-section-height-default\" data-id=\"abd9d1b\" data-element_type=\"section\">\n\t\t\t\t\t\t<div class=\"elementor-container elementor-column-gap-extended\">\n\t\t\t\t\t\t\t<div class=\"elementor-row\">\n\t\t\t\t\t<div class=\"elementor-column elementor-col-100 elementor-top-column elementor-element elementor-element-ad0f802\" data-id=\"ad0f802\" data-element_type=\"column\">\n\t\t\t<div class=\"elementor-column-wrap elementor-element-populated\">\n\t\t\t\t\t\t\t<div class=\"elementor-widget-wrap\">\n\t\t\t\t\t\t<div class=\"elementor-element elementor-element-fd83ec0 elementor-widget elementor-widget-global elementor-global-6238 elementor-widget-eael-post-carousel\" data-id=\"fd83ec0\" data-element_type=\"widget\" data-widget_type=\"eael-post-carousel.default\">\n\t\t\t\t<div class=\"elementor-widget-container\">\n\t\t\t<div class=\"eael-protected-content\"><div class=\"eael-protected-content-message\"><div class=\"eael-protected-content-message-text\">You do not have permission to see this content.<\/div><\/div><\/div>\t\t<\/div>\n\t\t\t\t<\/div>\n\t\t\t\t\t\t<\/div>\n\t\t\t\t\t<\/div>\n\t\t<\/div>\n\t\t\t\t\t\t\t\t<\/div>\n\t\t\t\t\t<\/div>\n\t\t<\/section>\n\t\t\t\t\t\t<\/div>\n\t\t\t\t\t\t<\/div>\n\t\t\t\t\t<\/div>\n\t\t","protected":false},"excerpt":{"rendered":"<p>Convention en vue entre la Caisse Convention en vue entre la Caisse de la s\u00e9curit\u00e9 sociale&#8230; Lire la suite Covid-19 : le Gabon maintient l\u2019\u00e9tat Covid-19\u00a0: le Gabon maintient l\u2019\u00e9tat d\u2019urgence sanitaire Sur proposition du&#8230; Lire la suite L\u2019\u00c9tat injecte 2 milliards dans La L\u2019\u00c9tat injecte 2 milliards dans La Sant\u00e9 Pharmaceutique pour rendre&#8230; Lire la suite Covid-19 : les scientifiques du CIRMF Covid-19\u00a0: les scientifiques du CIRMF \u00e9tudient le r\u00f4le des chauves-souris&#8230; Lire la suite Lancement d&#8217;une alliance historique en Afrique Lancement d&#8217;une alliance historique en Afrique pour lutter contre la&#8230; Lire la suite Des mesures plus fortes sont n\u00e9cessaires Des mesures plus fortes sont n\u00e9cessaires alors que les pays&#8230; Lire la suite L\u2019OMS appelle les pays africains \u00e0 L\u2019OMS appelle les pays africains \u00e0 intensifier leur pr\u00e9paration \u00e0&#8230; Lire la suite<\/p>\n","protected":false},"author":1,"featured_media":0,"parent":0,"menu_order":0,"comment_status":"closed","ping_status":"closed","template":"","meta":{"_eb_attr":"","_monsterinsights_skip_tracking":false,"_monsterinsights_sitenote_active":false,"_monsterinsights_sitenote_note":"","_monsterinsights_sitenote_category":0,"footnotes":""},"class_list":["post-6522","page","type-page","status-publish","hentry"],"aioseo_notices":[],"_links":{"self":[{"href":"https:\/\/esttmco.com\/en\/wp-json\/wp\/v2\/pages\/6522","targetHints":{"allow":["GET"]}}],"collection":[{"href":"https:\/\/esttmco.com\/en\/wp-json\/wp\/v2\/pages"}],"about":[{"href":"https:\/\/esttmco.com\/en\/wp-json\/wp\/v2\/types\/page"}],"author":[{"embeddable":true,"href":"https:\/\/esttmco.com\/en\/wp-json\/wp\/v2\/users\/1"}],"replies":[{"embeddable":true,"href":"https:\/\/esttmco.com\/en\/wp-json\/wp\/v2\/comments?post=6522"}],"version-history":[{"count":3,"href":"https:\/\/esttmco.com\/en\/wp-json\/wp\/v2\/pages\/6522\/revisions"}],"predecessor-version":[{"id":6539,"href":"https:\/\/esttmco.com\/en\/wp-json\/wp\/v2\/pages\/6522\/revisions\/6539"}],"wp:attachment":[{"href":"https:\/\/esttmco.com\/en\/wp-json\/wp\/v2\/media?parent=6522"}],"curies":[{"name":"wp","href":"https:\/\/api.w.org\/{rel}","templated":true}]}}